{"id":27729,"date":"2024-09-10T05:59:16","date_gmt":"2024-09-10T05:59:16","guid":{"rendered":"https:\/\/kasima.lt\/produktas\/lietoti-radiatori-smagajam-masinam\/"},"modified":"2025-10-29T08:32:46","modified_gmt":"2025-10-29T08:32:46","slug":"lietoti-radiatori-smagajam-masinam","status":"publish","type":"product","link":"https:\/\/kasima3.bcapps.lt\/lv\/produktas\/lietoti-radiatori-smagajam-masinam\/","title":{"rendered":"Lietoti radiatori smagaj\u0101m ma\u0161\u012bn\u0101m"},"content":{"rendered":"<p>Lietoti radiatori smagajai tehnikai <br \/>Piem\u0113roti kombainiem un citai liel\u0101kai tehnikai<\/p>\n<p>Aug\u0161\u0113j\u0101 radiatora izm\u0113ri:<br \/>Garums 149cm <br \/>Augstums 69cm<br \/>Platums 14cm <\/p>\n<p>Apak\u0161\u0113j\u0101 radiatora izm\u0113ri:<br \/>Garums 149cm <br \/>Augstums 72cm<br \/>Platums 16cm <\/p>\n","protected":false},"excerpt":{"rendered":"<p>Cena bez PVN<\/p>\n<p>Ra\u017eot\u0101js: N\/A<br \/>Modelis: KND0058<br \/>Zvans: <a href=\"tel:+37060842988\">+37060842988<\/a><br \/>E-pasts: <a href=\"mailto:usedparts@kasima3.bcapps.lt\">usedparts@kasima3.bcapps.lt<\/a><\/p>\n","protected":false},"featured_media":27721,"template":"","meta":{"_et_pb_use_builder":"","_et_pb_old_content":"","_et_gb_content_width":""},"product_brand":[],"product_cat":[318,452,455],"product_tag":[],"class_list":{"0":"post-27729","1":"product","2":"type-product","3":"status-publish","4":"has-post-thumbnail","6":"product_cat-lietotas-detalas","7":"product_cat-celtniecibas-tehnikas-dalas","8":"product_cat-lauksaimniecibas-tehnikas-dalas","10":"first","11":"instock","12":"taxable","13":"shipping-taxable","14":"product-type-simple"},"_links":{"self":[{"href":"https:\/\/kasima3.bcapps.lt\/lv\/wp-json\/wp\/v2\/product\/27729","targetHints":{"allow":["GET"]}}],"collection":[{"href":"https:\/\/kasima3.bcapps.lt\/lv\/wp-json\/wp\/v2\/product"}],"about":[{"href":"https:\/\/kasima3.bcapps.lt\/lv\/wp-json\/wp\/v2\/types\/product"}],"wp:featuredmedia":[{"embeddable":true,"href":"https:\/\/kasima3.bcapps.lt\/lv\/wp-json\/wp\/v2\/media\/27721"}],"wp:attachment":[{"href":"https:\/\/kasima3.bcapps.lt\/lv\/wp-json\/wp\/v2\/media?parent=27729"}],"wp:term":[{"taxonomy":"product_brand","embeddable":true,"href":"https:\/\/kasima3.bcapps.lt\/lv\/wp-json\/wp\/v2\/product_brand?post=27729"},{"taxonomy":"product_cat","embeddable":true,"href":"https:\/\/kasima3.bcapps.lt\/lv\/wp-json\/wp\/v2\/product_cat?post=27729"},{"taxonomy":"product_tag","embeddable":true,"href":"https:\/\/kasima3.bcapps.lt\/lv\/wp-json\/wp\/v2\/product_tag?post=27729"}],"curies":[{"name":"wp","href":"https:\/\/api.w.org\/{rel}","templated":true}]}}