{"id":27771,"date":"2024-09-11T08:49:11","date_gmt":"2024-09-11T08:49:11","guid":{"rendered":"https:\/\/kasima.lt\/produktas\/izmantojamais-transejas-raksanas-piederums\/"},"modified":"2025-10-29T08:32:46","modified_gmt":"2025-10-29T08:32:46","slug":"izmantojamais-transejas-raksanas-piederums","status":"publish","type":"product","link":"https:\/\/kasima3.bcapps.lt\/lv\/produktas\/izmantojamais-transejas-raksanas-piederums\/","title":{"rendered":"Izmantojamais tran\u0161ejas rak\u0161anas piederums"},"content":{"rendered":"<p>Izmantojamais tran\u0161ejas rak\u0161anas piederums (tran\u0161ejas rak\u0161anas ier\u012bce)<br \/>Rak\u0161anas platums 80 mm<br \/>Rak\u0161anas garums 1980 mm<\/p>\n","protected":false},"excerpt":{"rendered":"<p>Cena bez PVN<\/p>\n<p>Ra\u017eot\u0101js: N\/A<br \/>Modelis: KND0060<br \/>Zvans: <a href=\"tel:+37060842988\">+37060842988<\/a><br \/>E-pasts: <a href=\"mailto:usedparts@kasima3.bcapps.lt\">usedparts@kasima3.bcapps.lt<\/a><\/p>\n","protected":false},"featured_media":27763,"template":"","meta":{"_et_pb_use_builder":"","_et_pb_old_content":"","_et_gb_content_width":""},"product_brand":[],"product_cat":[219,237,185,163],"product_tag":[],"class_list":{"0":"post-27771","1":"product","2":"type-product","3":"status-publish","4":"has-post-thumbnail","6":"product_cat-lietots","7":"product_cat-citi-piederumi","8":"product_cat-ekskavators","9":"product_cat-traktors","11":"first","12":"instock","13":"taxable","14":"shipping-taxable","15":"purchasable","16":"product-type-simple"},"_links":{"self":[{"href":"https:\/\/kasima3.bcapps.lt\/lv\/wp-json\/wp\/v2\/product\/27771","targetHints":{"allow":["GET"]}}],"collection":[{"href":"https:\/\/kasima3.bcapps.lt\/lv\/wp-json\/wp\/v2\/product"}],"about":[{"href":"https:\/\/kasima3.bcapps.lt\/lv\/wp-json\/wp\/v2\/types\/product"}],"wp:featuredmedia":[{"embeddable":true,"href":"https:\/\/kasima3.bcapps.lt\/lv\/wp-json\/wp\/v2\/media\/27763"}],"wp:attachment":[{"href":"https:\/\/kasima3.bcapps.lt\/lv\/wp-json\/wp\/v2\/media?parent=27771"}],"wp:term":[{"taxonomy":"product_brand","embeddable":true,"href":"https:\/\/kasima3.bcapps.lt\/lv\/wp-json\/wp\/v2\/product_brand?post=27771"},{"taxonomy":"product_cat","embeddable":true,"href":"https:\/\/kasima3.bcapps.lt\/lv\/wp-json\/wp\/v2\/product_cat?post=27771"},{"taxonomy":"product_tag","embeddable":true,"href":"https:\/\/kasima3.bcapps.lt\/lv\/wp-json\/wp\/v2\/product_tag?post=27771"}],"curies":[{"name":"wp","href":"https:\/\/api.w.org\/{rel}","templated":true}]}}