{"id":27881,"date":"2024-09-12T06:52:03","date_gmt":"2024-09-12T06:52:03","guid":{"rendered":"https:\/\/kasima.lt\/produktas\/lietotas-gumijas-kapurkedes-mini-ekskavatoriem\/"},"modified":"2025-10-29T08:32:47","modified_gmt":"2025-10-29T08:32:47","slug":"lietotas-gumijas-kapurkedes-mini-ekskavatoriem","status":"publish","type":"product","link":"https:\/\/kasima3.bcapps.lt\/lv\/produktas\/lietotas-gumijas-kapurkedes-mini-ekskavatoriem\/","title":{"rendered":"Lietotas gumijas k\u0101pur\u0137\u0113des mini ekskavatoriem"},"content":{"rendered":"<p>Lietotas gumijas k\u0101pur\u0137\u0113\u017eu sist\u0113mas mini ekskavatoriem<br \/>2 vien\u012bbas Takeuchi k\u0101pur\u0137\u0113\u017eu sist\u0113mas:<br \/>230x48x68<br \/>19140-80500<br \/>N-901<br \/>AADN5016<br \/>Viena Vulcan k\u0101pur\u0137\u0113\u017eu sist\u0113ma:<br \/>230x96x32<\/p>\n","protected":false},"excerpt":{"rendered":"<p>Cena bez PVN<\/p>\n<p>Ra\u017eot\u0101js: TAKEUCHI, VULCAN<br \/>Modelis: KND0064<br \/>Zvans: <a href=\"tel:+37060842988\">+37060842988<\/a><br \/>E-pasts: <a href=\"mailto:usedparts@kasima3.bcapps.lt\">usedparts@kasima3.bcapps.lt<\/a><\/p>\n","protected":false},"featured_media":27863,"template":"","meta":{"_et_pb_use_builder":"","_et_pb_old_content":"","_et_gb_content_width":""},"product_brand":[],"product_cat":[318,452],"product_tag":[],"class_list":{"0":"post-27881","1":"product","2":"type-product","3":"status-publish","4":"has-post-thumbnail","6":"product_cat-lietotas-detalas","7":"product_cat-celtniecibas-tehnikas-dalas","9":"first","10":"instock","11":"taxable","12":"shipping-taxable","13":"purchasable","14":"product-type-simple"},"_links":{"self":[{"href":"https:\/\/kasima3.bcapps.lt\/lv\/wp-json\/wp\/v2\/product\/27881","targetHints":{"allow":["GET"]}}],"collection":[{"href":"https:\/\/kasima3.bcapps.lt\/lv\/wp-json\/wp\/v2\/product"}],"about":[{"href":"https:\/\/kasima3.bcapps.lt\/lv\/wp-json\/wp\/v2\/types\/product"}],"wp:featuredmedia":[{"embeddable":true,"href":"https:\/\/kasima3.bcapps.lt\/lv\/wp-json\/wp\/v2\/media\/27863"}],"wp:attachment":[{"href":"https:\/\/kasima3.bcapps.lt\/lv\/wp-json\/wp\/v2\/media?parent=27881"}],"wp:term":[{"taxonomy":"product_brand","embeddable":true,"href":"https:\/\/kasima3.bcapps.lt\/lv\/wp-json\/wp\/v2\/product_brand?post=27881"},{"taxonomy":"product_cat","embeddable":true,"href":"https:\/\/kasima3.bcapps.lt\/lv\/wp-json\/wp\/v2\/product_cat?post=27881"},{"taxonomy":"product_tag","embeddable":true,"href":"https:\/\/kasima3.bcapps.lt\/lv\/wp-json\/wp\/v2\/product_tag?post=27881"}],"curies":[{"name":"wp","href":"https:\/\/api.w.org\/{rel}","templated":true}]}}