{"id":28086,"date":"2024-09-13T11:41:07","date_gmt":"2024-09-13T11:41:07","guid":{"rendered":"https:\/\/kasima.lt\/produktas\/teleskopiskie-iekraveji-manitou-mt1337-mono-ultra\/"},"modified":"2025-10-29T08:32:47","modified_gmt":"2025-10-29T08:32:47","slug":"teleskopiskie-iekraveji-manitou-mt1337-mono-ultra","status":"publish","type":"product","link":"https:\/\/kasima3.bcapps.lt\/lv\/produktas\/teleskopiskie-iekraveji-manitou-mt1337-mono-ultra\/","title":{"rendered":"Teleskopiskie iekr\u0101v\u0113ji Manitou MT1337 Mono Ultra"},"content":{"rendered":"<p>Lietuv\u0101 neizmanto<br \/>Pacel\u0161anas augstums 13 metri<br \/>Celtsp\u0113ja 3700 kg. <br \/>Dzin\u0113js PERKINS 73 kw.<br \/>Ietver kausu un pale\u0161u dak\u0161as <br \/>Lab\u0101 st\u0101vokl\u012b, viss darbojas.<\/p>\n<p><iframe loading=\"lazy\" title=\"Manitou MT 1737 SLT MONO ULTRA 2001\" width=\"1080\" height=\"608\" src=\"https:\/\/www.youtube.com\/embed\/tFgaFw8ZIDg?feature=oembed\"  allow=\"accelerometer; autoplay; clipboard-write; encrypted-media; gyroscope; picture-in-picture; web-share\" referrerpolicy=\"strict-origin-when-cross-origin\" allowfullscreen><\/iframe>  <\/p>\n","protected":false},"excerpt":{"rendered":"<p>Cena bez PVN<\/p>\n<p>Ra\u017eot\u0101js: Manitou<br \/>Modelis: MT1337 SLT Mono Ultra<br \/>Zvans: <a href=\"tel:+37067607071\">+37067607071<\/a><br \/>E-pasts: <a href=\"mailto:sales@kasima3.bcapps.lt\">sales@kasima3.bcapps.lt<\/a><\/p>\n","protected":false},"featured_media":27913,"template":"","meta":{"_et_pb_use_builder":"","_et_pb_old_content":"","_et_gb_content_width":""},"product_brand":[],"product_cat":[149,150],"product_tag":[],"class_list":{"0":"post-28086","1":"product","2":"type-product","3":"status-publish","4":"has-post-thumbnail","6":"product_cat-buvnieciba","7":"product_cat-cita-tehnika","9":"first","10":"instock","11":"taxable","12":"shipping-taxable","13":"product-type-simple"},"_links":{"self":[{"href":"https:\/\/kasima3.bcapps.lt\/lv\/wp-json\/wp\/v2\/product\/28086","targetHints":{"allow":["GET"]}}],"collection":[{"href":"https:\/\/kasima3.bcapps.lt\/lv\/wp-json\/wp\/v2\/product"}],"about":[{"href":"https:\/\/kasima3.bcapps.lt\/lv\/wp-json\/wp\/v2\/types\/product"}],"wp:featuredmedia":[{"embeddable":true,"href":"https:\/\/kasima3.bcapps.lt\/lv\/wp-json\/wp\/v2\/media\/27913"}],"wp:attachment":[{"href":"https:\/\/kasima3.bcapps.lt\/lv\/wp-json\/wp\/v2\/media?parent=28086"}],"wp:term":[{"taxonomy":"product_brand","embeddable":true,"href":"https:\/\/kasima3.bcapps.lt\/lv\/wp-json\/wp\/v2\/product_brand?post=28086"},{"taxonomy":"product_cat","embeddable":true,"href":"https:\/\/kasima3.bcapps.lt\/lv\/wp-json\/wp\/v2\/product_cat?post=28086"},{"taxonomy":"product_tag","embeddable":true,"href":"https:\/\/kasima3.bcapps.lt\/lv\/wp-json\/wp\/v2\/product_tag?post=28086"}],"curies":[{"name":"wp","href":"https:\/\/api.w.org\/{rel}","templated":true}]}}