{"id":28149,"date":"2024-09-18T05:58:56","date_gmt":"2024-09-18T05:58:56","guid":{"rendered":"https:\/\/kasima.lt\/produktas\/komatsu-pw160-7-streles-soniniai-cilindrai\/"},"modified":"2025-10-29T08:32:48","modified_gmt":"2025-10-29T08:32:48","slug":"komatsu-pw160-7-streles-soniniai-cilindrai","status":"publish","type":"product","link":"https:\/\/kasima3.bcapps.lt\/lv\/produktas\/komatsu-pw160-7-streles-soniniai-cilindrai\/","title":{"rendered":"Komatsu PW160-7 str\u0113les pac\u0113l\u0101ja cilindri"},"content":{"rendered":"<p>Komatsu PW160-7 str\u0113les pac\u0113l\u0101ja cilindri<br \/>Kreis\u0101s un lab\u0101s puses cilindri ar pilotv\u0101rstiem<br \/>Ra\u017eot\u0101ja da\u013cas kods:<br \/>707-01-0T070<br \/>707-01-0F950<br \/>702-21-08350<br \/>C69K3709<br \/>C66K1135<\/p>\n","protected":false},"excerpt":{"rendered":"<p>Cena bez PVN<\/p>\n<p>Ra\u017eot\u0101js: KOMATSU<br \/>Modelis: PW16070016<br \/>Zvaniet mums: <a href=\"tel:+37060842988\">+37060842988 <\/a><br \/>E-pasts: <a href=\"mailto:usedparts@kasima3.bcapps.lt\">usedparts@kasima3.bcapps.lt<\/a><\/p>\n","protected":false},"featured_media":28130,"template":"","meta":{"_et_pb_use_builder":"","_et_pb_old_content":"","_et_gb_content_width":""},"product_brand":[],"product_cat":[481,318,452],"product_tag":[],"class_list":{"0":"post-28149","1":"product","2":"type-product","3":"status-publish","4":"has-post-thumbnail","6":"product_cat-komatsu-dalas","7":"product_cat-lietotas-detalas","8":"product_cat-celtniecibas-tehnikas-dalas","10":"first","11":"instock","12":"taxable","13":"shipping-taxable","14":"purchasable","15":"product-type-simple"},"_links":{"self":[{"href":"https:\/\/kasima3.bcapps.lt\/lv\/wp-json\/wp\/v2\/product\/28149","targetHints":{"allow":["GET"]}}],"collection":[{"href":"https:\/\/kasima3.bcapps.lt\/lv\/wp-json\/wp\/v2\/product"}],"about":[{"href":"https:\/\/kasima3.bcapps.lt\/lv\/wp-json\/wp\/v2\/types\/product"}],"wp:featuredmedia":[{"embeddable":true,"href":"https:\/\/kasima3.bcapps.lt\/lv\/wp-json\/wp\/v2\/media\/28130"}],"wp:attachment":[{"href":"https:\/\/kasima3.bcapps.lt\/lv\/wp-json\/wp\/v2\/media?parent=28149"}],"wp:term":[{"taxonomy":"product_brand","embeddable":true,"href":"https:\/\/kasima3.bcapps.lt\/lv\/wp-json\/wp\/v2\/product_brand?post=28149"},{"taxonomy":"product_cat","embeddable":true,"href":"https:\/\/kasima3.bcapps.lt\/lv\/wp-json\/wp\/v2\/product_cat?post=28149"},{"taxonomy":"product_tag","embeddable":true,"href":"https:\/\/kasima3.bcapps.lt\/lv\/wp-json\/wp\/v2\/product_tag?post=28149"}],"curies":[{"name":"wp","href":"https:\/\/api.w.org\/{rel}","templated":true}]}}