{"id":28316,"date":"2024-09-19T08:22:53","date_gmt":"2024-09-19T08:22:53","guid":{"rendered":"https:\/\/kasima.lt\/produktas\/komatsu-160-7-solenoidinis-voztuvas-su-paskirstytoju\/"},"modified":"2025-10-29T08:32:49","modified_gmt":"2025-10-29T08:32:49","slug":"komatsu-160-7-solenoidinis-voztuvas-su-paskirstytoju","status":"publish","type":"product","link":"https:\/\/kasima3.bcapps.lt\/lv\/produktas\/komatsu-160-7-solenoidinis-voztuvas-su-paskirstytoju\/","title":{"rendered":"Komatsu 160-7 elektromagn\u0113tiskais v\u0101rsts ar sadal\u012bt\u0101ju<br><br>"},"content":{"rendered":"<p>Komatsu 160-7 elektromagn\u0113tiskais v\u0101rsts ar sadal\u012bt\u0101ju<br \/>Ra\u017eot\u0101ja da\u013cas kods:<br \/>DSG-01-2B3-D24-N-70<\/p>\n","protected":false},"excerpt":{"rendered":"<p>Cena bez PVN<\/p>\n<p>Ra\u017eot\u0101js: KOMATSU , YUKEN<br \/>Modelis: PW16070023<br \/>Zvans : <a href=\"tel:+37060842988\">+37060842988 <\/a><br \/>E-pasts: <a href=\"mailto:usedparts@kasima3.bcapps.lt\">usedparts@kasima3.bcapps.lt<\/a><\/p>\n","protected":false},"featured_media":28302,"template":"","meta":{"_et_pb_use_builder":"","_et_pb_old_content":"","_et_gb_content_width":""},"product_brand":[],"product_cat":[481,318,452],"product_tag":[],"class_list":{"0":"post-28316","1":"product","2":"type-product","3":"status-publish","4":"has-post-thumbnail","6":"product_cat-komatsu-dalas","7":"product_cat-lietotas-detalas","8":"product_cat-celtniecibas-tehnikas-dalas","10":"first","11":"instock","12":"taxable","13":"shipping-taxable","14":"purchasable","15":"product-type-simple"},"_links":{"self":[{"href":"https:\/\/kasima3.bcapps.lt\/lv\/wp-json\/wp\/v2\/product\/28316","targetHints":{"allow":["GET"]}}],"collection":[{"href":"https:\/\/kasima3.bcapps.lt\/lv\/wp-json\/wp\/v2\/product"}],"about":[{"href":"https:\/\/kasima3.bcapps.lt\/lv\/wp-json\/wp\/v2\/types\/product"}],"wp:featuredmedia":[{"embeddable":true,"href":"https:\/\/kasima3.bcapps.lt\/lv\/wp-json\/wp\/v2\/media\/28302"}],"wp:attachment":[{"href":"https:\/\/kasima3.bcapps.lt\/lv\/wp-json\/wp\/v2\/media?parent=28316"}],"wp:term":[{"taxonomy":"product_brand","embeddable":true,"href":"https:\/\/kasima3.bcapps.lt\/lv\/wp-json\/wp\/v2\/product_brand?post=28316"},{"taxonomy":"product_cat","embeddable":true,"href":"https:\/\/kasima3.bcapps.lt\/lv\/wp-json\/wp\/v2\/product_cat?post=28316"},{"taxonomy":"product_tag","embeddable":true,"href":"https:\/\/kasima3.bcapps.lt\/lv\/wp-json\/wp\/v2\/product_tag?post=28316"}],"curies":[{"name":"wp","href":"https:\/\/api.w.org\/{rel}","templated":true}]}}