{"id":28743,"date":"2024-09-24T06:24:45","date_gmt":"2024-09-24T06:24:45","guid":{"rendered":"https:\/\/kasima.lt\/produktas\/komatsu-pw160-7-vairo-kolonele\/"},"modified":"2025-10-29T08:32:52","modified_gmt":"2025-10-29T08:32:52","slug":"komatsu-pw160-7-vairo-kolonele","status":"publish","type":"product","link":"https:\/\/kasima3.bcapps.lt\/lv\/produktas\/komatsu-pw160-7-vairo-kolonele\/","title":{"rendered":"Komatsu PW160-7 st\u016bres statnis, pilns komplekts"},"content":{"rendered":"<p>Komatsu PW160-7 st\u016bres statnis, pilns komplekts<br \/>Ra\u017eot\u0101ja da\u013cas kods:<br \/>20K-54-31500<br \/>20K-54-31501<br \/>20K-54-32570<br \/>20K-06-32540<br \/>20E-40-K1260<br \/>20E-06-K1240<\/p>\n","protected":false},"excerpt":{"rendered":"<p>Cena bez PVN<\/p>\n<p>Ra\u017eot\u0101js: KOMATSU<br \/>Modelis: PW16070032<br \/>Zvans : <a href=\"tel:+37060842988\">+37060842988<\/a><br \/>E-pasts: <a href=\"mailto:usedparts@kasima3.bcapps.lt\">usedparts@kasima3.bcapps.lt<\/a><\/p>\n","protected":false},"featured_media":28724,"template":"","meta":{"_et_pb_use_builder":"","_et_pb_old_content":"","_et_gb_content_width":""},"product_brand":[],"product_cat":[481,318,452],"product_tag":[],"class_list":{"0":"post-28743","1":"product","2":"type-product","3":"status-publish","4":"has-post-thumbnail","6":"product_cat-komatsu-dalas","7":"product_cat-lietotas-detalas","8":"product_cat-celtniecibas-tehnikas-dalas","10":"first","11":"instock","12":"taxable","13":"shipping-taxable","14":"purchasable","15":"product-type-simple"},"_links":{"self":[{"href":"https:\/\/kasima3.bcapps.lt\/lv\/wp-json\/wp\/v2\/product\/28743","targetHints":{"allow":["GET"]}}],"collection":[{"href":"https:\/\/kasima3.bcapps.lt\/lv\/wp-json\/wp\/v2\/product"}],"about":[{"href":"https:\/\/kasima3.bcapps.lt\/lv\/wp-json\/wp\/v2\/types\/product"}],"wp:featuredmedia":[{"embeddable":true,"href":"https:\/\/kasima3.bcapps.lt\/lv\/wp-json\/wp\/v2\/media\/28724"}],"wp:attachment":[{"href":"https:\/\/kasima3.bcapps.lt\/lv\/wp-json\/wp\/v2\/media?parent=28743"}],"wp:term":[{"taxonomy":"product_brand","embeddable":true,"href":"https:\/\/kasima3.bcapps.lt\/lv\/wp-json\/wp\/v2\/product_brand?post=28743"},{"taxonomy":"product_cat","embeddable":true,"href":"https:\/\/kasima3.bcapps.lt\/lv\/wp-json\/wp\/v2\/product_cat?post=28743"},{"taxonomy":"product_tag","embeddable":true,"href":"https:\/\/kasima3.bcapps.lt\/lv\/wp-json\/wp\/v2\/product_tag?post=28743"}],"curies":[{"name":"wp","href":"https:\/\/api.w.org\/{rel}","templated":true}]}}