{"id":29033,"date":"2024-09-30T07:21:07","date_gmt":"2024-09-30T07:21:07","guid":{"rendered":"https:\/\/kasima.lt\/produktas\/john-deere-6910s-transmisijos-pagrindine-laidu-grandine\/"},"modified":"2025-10-29T08:32:55","modified_gmt":"2025-10-29T08:32:55","slug":"john-deere-6910s-transmisijos-pagrindine-laidu-grandine","status":"publish","type":"product","link":"https:\/\/kasima3.bcapps.lt\/lv\/produktas\/john-deere-6910s-transmisijos-pagrindine-laidu-grandine\/","title":{"rendered":"John Deere 6910S transmisijas galven\u0101 elektroinstal\u0101cija"},"content":{"rendered":"<p>John Deere 6910S transmisijas galven\u0101 elektroinstal\u0101cija<br \/>Ra\u017eot\u0101ja da\u013cas kods:<br \/>AL153516<br \/>AL152965 <\/p>\n","protected":false},"excerpt":{"rendered":"<p>Cena bez PVN<\/p>\n<p>Ra\u017eot\u0101js: JOHN DEERE<br \/>Modelis:JD6910S0075<br \/>Zvaniet mums:<a href=\"tel:+37060842988\"> +37060842988<\/a><br \/>E-pasts: <a href=\"mailto:usedparts@kasima3.bcapps.lt\">usedparts@kasima3.bcapps.lt<\/a><\/p>\n","protected":false},"featured_media":29024,"template":"","meta":{"_et_pb_use_builder":"","_et_pb_old_content":"","_et_gb_content_width":""},"product_brand":[],"product_cat":[467,490,318,455],"product_tag":[],"class_list":{"0":"post-29033","1":"product","2":"type-product","3":"status-publish","4":"has-post-thumbnail","6":"product_cat-john-deere-dalas","7":"product_cat-elektronikas-dalas","8":"product_cat-lietotas-detalas","9":"product_cat-lauksaimniecibas-tehnikas-dalas","11":"first","12":"instock","13":"taxable","14":"shipping-taxable","15":"purchasable","16":"product-type-simple"},"_links":{"self":[{"href":"https:\/\/kasima3.bcapps.lt\/lv\/wp-json\/wp\/v2\/product\/29033","targetHints":{"allow":["GET"]}}],"collection":[{"href":"https:\/\/kasima3.bcapps.lt\/lv\/wp-json\/wp\/v2\/product"}],"about":[{"href":"https:\/\/kasima3.bcapps.lt\/lv\/wp-json\/wp\/v2\/types\/product"}],"wp:featuredmedia":[{"embeddable":true,"href":"https:\/\/kasima3.bcapps.lt\/lv\/wp-json\/wp\/v2\/media\/29024"}],"wp:attachment":[{"href":"https:\/\/kasima3.bcapps.lt\/lv\/wp-json\/wp\/v2\/media?parent=29033"}],"wp:term":[{"taxonomy":"product_brand","embeddable":true,"href":"https:\/\/kasima3.bcapps.lt\/lv\/wp-json\/wp\/v2\/product_brand?post=29033"},{"taxonomy":"product_cat","embeddable":true,"href":"https:\/\/kasima3.bcapps.lt\/lv\/wp-json\/wp\/v2\/product_cat?post=29033"},{"taxonomy":"product_tag","embeddable":true,"href":"https:\/\/kasima3.bcapps.lt\/lv\/wp-json\/wp\/v2\/product_tag?post=29033"}],"curies":[{"name":"wp","href":"https:\/\/api.w.org\/{rel}","templated":true}]}}