{"id":29320,"date":"2024-10-01T11:29:52","date_gmt":"2024-10-01T11:29:52","guid":{"rendered":"https:\/\/kasima.lt\/produktas\/volvo-ec210blc-detales\/"},"modified":"2025-10-29T08:32:56","modified_gmt":"2025-10-29T08:32:56","slug":"volvo-ec210blc-detales","status":"publish","type":"product","link":"https:\/\/kasima3.bcapps.lt\/lv\/produktas\/volvo-ec210blc-detales\/","title":{"rendered":"Volvo EC210BLC deta\u013cas"},"content":{"rendered":"<p>P\u0101rdod Volvo EC210BLC ekskavatoru ar deta\u013c\u0101m. \u0160\u012b ma\u0161\u012bna ir apr\u012bkota ar jaud\u012bgu Volvo D6D EFE2 dzin\u0113ju, kas ir paz\u012bstams ar savu augsto veiktsp\u0113ju un uzticam\u012bbu smagos darbos. Ekskavators ir piln\u012bg\u0101 darba k\u0101rt\u012bb\u0101, t\u0101p\u0113c tas ir lielisks ori\u0123in\u0101lu Volvo rezerves da\u013cu avots.<br \/>Modelis: Volvo EC210BLC ir piem\u0113rots \u0161\u0101dam modelim: Volvo EC210BLC<br \/>Dzin\u0113js: Volvo D6D EFE2 (d\u012bze\u013cdegviela, iztur\u012bgs un ekonomisks degvielas pat\u0113ri\u0146\u0161).<br \/>St\u0101voklis: Volvo Volvo Volvo Volvo Volvo Volvo Volvo ir apr\u012bkots ar 2,5 litru lielu dzin\u0113ju, kas ir apr\u012bkots ar 2,5 litru lielu dzin\u0113ju: Visas deta\u013cas darba k\u0101rt\u012bb\u0101.<br \/>Pieejamie komponenti:<br \/>Volvo D6D EFE2 dzin\u0113js (vienm\u0113r\u012bga, sp\u0113c\u012bga darb\u012bba).<br \/>Hidraulisk\u0101 sist\u0113ma (piln\u012bb\u0101 darbotiessp\u0113j\u012bga, bez nopl\u016bd\u0113m)<br \/>Hidrauliskais s\u016bknis: Kawasaki K3V112DT-1XER-9N24-2.<br \/>k\u0101pur\u0137\u0113des un rite\u0146u iek\u0101rta (minim\u0101ls nodilums, gatavas lieto\u0161anai)<br \/>Str\u0113le, roka un kauss (teicams st\u0101voklis)<br \/>Kab\u012bne ar vad\u012bbas ier\u012bc\u0113m (t\u012bra un funkcion\u0113jo\u0161a)<br \/>Elektrisk\u0101s un dzes\u0113\u0161anas sist\u0113mas<br \/>\u0160\u012b ir lieliska iesp\u0113ja darbuz\u0146\u0113m\u0113jiem, meh\u0101ni\u0137iem vai rezerves da\u013cu tirgot\u0101jiem, kas mekl\u0113 augstas kvalit\u0101tes Volvo da\u013cas, jo \u012bpa\u0161i D6D dzin\u0113ja deta\u013cas. Lieliski piem\u0113rots ikvienam, kas mekl\u0113 uzticamas un rentablas Volvo ekskavatoru da\u013cas.<br \/>Volvo EC210BLC da\u013cas p\u0101rdo\u0161anai<br \/>Volvo D6D EFE2 dzin\u0113ja p\u0101rdo\u0161ana<br \/>Lietotas Volvo ekskavatoru da\u013cas<br \/>Volvo hidraulisk\u0101s sist\u0113mas da\u013cas<br \/>Ekskavatoru \u0161asijas p\u0101rdo\u0161ana<br \/>Lietotas ori\u0123in\u0101l\u0101s Volvo da\u013cas<br \/>Volvo D6D dzin\u0113ja deta\u013cas<br \/>Pieejamas Volvo da\u013cas<br \/>Ra\u017eot\u0101ja galveno da\u013cu kodi :<br \/>VOE14519203<br \/>VOE14528733<br \/>VOE14533651<br \/>VOE14516445<br \/>VOE14541068<br \/>SA1146-00062<br \/>VOE14563328<br \/>VOE14532821<br \/>SA 1142-00012<br \/>VOE14595621<br \/>VOE14531855<br \/>Sazinieties ar mums, lai uzzin\u0101tu cenas, da\u013cu pieejam\u012bbu un pieg\u0101des iesp\u0113jas!<br \/> <iframe loading=\"lazy\" title=\"Volvo EC210BLC used parts for sale\" width=\"1080\" height=\"608\" src=\"https:\/\/www.youtube.com\/embed\/pS3czaCoRsI?feature=oembed\"  allow=\"accelerometer; autoplay; clipboard-write; encrypted-media; gyroscope; picture-in-picture; web-share\" referrerpolicy=\"strict-origin-when-cross-origin\" allowfullscreen><\/iframe>       <\/p>\n","protected":false},"excerpt":{"rendered":"<p>Cena bez PVN<\/p>\n<p>Ra\u017eot\u0101js: VOLVO<br \/>Modelis:EC210BLC<br \/>Zvaniet mums: <a href=\"tel:+37060842988\">+37060842988<\/a><br \/>E-pasts: <a href=\"mailto:usedparts@kasima3.bcapps.lt\">usedparts@kasima3.bcapps.lt<\/a><\/p>\n","protected":false},"featured_media":29261,"template":"","meta":{"_et_pb_use_builder":"","_et_pb_old_content":"","_et_gb_content_width":""},"product_brand":[],"product_cat":[398,318,452],"product_tag":[],"class_list":{"0":"post-29320","1":"product","2":"type-product","3":"status-publish","4":"has-post-thumbnail","6":"product_cat-volvo-dalas","7":"product_cat-lietotas-detalas","8":"product_cat-celtniecibas-tehnikas-dalas","10":"first","11":"instock","12":"taxable","13":"shipping-taxable","14":"product-type-simple"},"_links":{"self":[{"href":"https:\/\/kasima3.bcapps.lt\/lv\/wp-json\/wp\/v2\/product\/29320","targetHints":{"allow":["GET"]}}],"collection":[{"href":"https:\/\/kasima3.bcapps.lt\/lv\/wp-json\/wp\/v2\/product"}],"about":[{"href":"https:\/\/kasima3.bcapps.lt\/lv\/wp-json\/wp\/v2\/types\/product"}],"wp:featuredmedia":[{"embeddable":true,"href":"https:\/\/kasima3.bcapps.lt\/lv\/wp-json\/wp\/v2\/media\/29261"}],"wp:attachment":[{"href":"https:\/\/kasima3.bcapps.lt\/lv\/wp-json\/wp\/v2\/media?parent=29320"}],"wp:term":[{"taxonomy":"product_brand","embeddable":true,"href":"https:\/\/kasima3.bcapps.lt\/lv\/wp-json\/wp\/v2\/product_brand?post=29320"},{"taxonomy":"product_cat","embeddable":true,"href":"https:\/\/kasima3.bcapps.lt\/lv\/wp-json\/wp\/v2\/product_cat?post=29320"},{"taxonomy":"product_tag","embeddable":true,"href":"https:\/\/kasima3.bcapps.lt\/lv\/wp-json\/wp\/v2\/product_tag?post=29320"}],"curies":[{"name":"wp","href":"https:\/\/api.w.org\/{rel}","templated":true}]}}