{"id":30162,"date":"2024-10-15T05:53:30","date_gmt":"2024-10-15T05:53:30","guid":{"rendered":"https:\/\/kasima.lt\/produktas\/jcb-js130lc-ekskavatoriaus-dalys\/"},"modified":"2025-10-29T08:33:06","modified_gmt":"2025-10-29T08:33:06","slug":"jcb-js130lc-ekskavatoriaus-dalys","status":"publish","type":"product","link":"https:\/\/kasima3.bcapps.lt\/lv\/produktas\/jcb-js130lc-ekskavatoriaus-dalys\/","title":{"rendered":"JCB JS130LC ekskavatora da\u013cas"},"content":{"rendered":"<p>Tiek p\u0101rdots JCB JS130LC ekskavators, kas tiek p\u0101rdots rezerves da\u013c\u0101m. \u0160o ma\u0161\u012bnu darbina uzticams ISUZU BB-4BG1T dzin\u0113js, kas paz\u012bstams ar savu degvielas ekonomiju un veiktsp\u0113ju. Ekskavators ir piln\u012bg\u0101 darba k\u0101rt\u012bb\u0101, t\u0101p\u0113c tas ir lielisks ori\u0123in\u0101lu JCB rezerves da\u013cu avots par da\u013cu no jaunu deta\u013cu cenas.<br \/>Modelis: JCB JS130LC<br \/>Dzin\u0113js: ISUZU BB-4BG1T (d\u012bze\u013cdzin\u0113js, sp\u0113c\u012bgs un efekt\u012bvs)<br \/>St\u0101voklis: Visas deta\u013cas teicam\u0101 darba st\u0101vokl\u012b.<br \/>Pieejamie komponenti:<br \/>ISUZU BB-4BG1T dzin\u0113js (vienm\u0113r\u012bgi str\u0101d\u0101jo\u0161s, efekt\u012bvs d\u012bze\u013cdzin\u0113js).<br \/>Hidraulisk\u0101 sist\u0113ma (piln\u012bb\u0101 darboties sp\u0113j\u012bga, bez nopl\u016bd\u0113m)<br \/>k\u0101pur\u0137\u0113des un rito\u0161\u0101 da\u013ca (minim\u0101ls nodilums)<br \/>Str\u0113le, roka un kauss (augstas kvalit\u0101tes, gatavi lieto\u0161anai)<br \/>Kab\u012bne ar vad\u012bbas ier\u012bc\u0113m (teicams st\u0101voklis, piln\u012bb\u0101 funkcion\u0113)<br \/>Elektrisk\u0101s un dzes\u0113\u0161anas sist\u0113mas<br \/>\u0160\u012b ir lieliska iesp\u0113ja ikvienam, kas v\u0113las ieg\u0101d\u0101ties augstas kvalit\u0101tes JCB deta\u013cas, tostarp ISUZU dzin\u0113ja un hidraulisk\u0101s sist\u0113mas sast\u0101vda\u013cas. Lieliski piem\u0113rots meh\u0101ni\u0137iem, darbuz\u0146\u0113m\u0113jiem vai rezerves da\u013cu tirgot\u0101jiem, kam nepiecie\u0161amas uzticamas lietotas deta\u013cas.<br \/>JCB JS130LC da\u013cas p\u0101rdo\u0161anai<br \/>ISUZU BB-4BG1T dzin\u0113js p\u0101rdo\u0161anai<br \/>Lietotas JCB ekskavatoru da\u013cas<br \/>JCB hidraulisk\u0101s sist\u0113mas da\u013cas<br \/>Ekskavatoru \u0161asijas p\u0101rdo\u0161anai<br \/>Lietotas ori\u0123in\u0101l\u0101s JCB da\u013cas<br \/>ISUZU dzin\u0113ja deta\u013cas JCB<br \/>Pieejamas JCB da\u013cas<br \/>Ra\u017eo\u0161anas da\u013cu kodi:<br \/>332\/K6848<br \/>17\/923100<br \/>34\/L0319<br \/>20\/925461<br \/>332\/E5680<br \/>332\/K8067<br \/>45\/920062<br \/>30\/926180<br \/>331\/17715<br \/>332\/K5380<br \/>332\/K5378<br \/>335\/03322<br \/>01\/145302<br \/>333\/J9380<br \/>25\/222656<br \/>25\/223653<br \/>25\/221159<br \/>Sazinieties ar mums, lai uzzin\u0101tu s\u012bk\u0101ku inform\u0101ciju, cenas un pieg\u0101des iesp\u0113jas!<br \/><iframe loading=\"lazy\" title=\"JCB JS130LC used parts for sale\" width=\"1080\" height=\"608\" src=\"https:\/\/www.youtube.com\/embed\/ZqJcMv6Gxcw?feature=oembed\"  allow=\"accelerometer; autoplay; clipboard-write; encrypted-media; gyroscope; picture-in-picture; web-share\" referrerpolicy=\"strict-origin-when-cross-origin\" allowfullscreen><\/iframe>      <\/p>\n","protected":false},"excerpt":{"rendered":"<p>Cena bez PVN<\/p>\n<p>Ra\u017eot\u0101js: JCB<br \/>Modelis:JS130LC<br \/>Zvaniet mums: <a href=\"tel:+37060842988\">+37060842988<\/a><br \/>E-pasts: <a href=\"mailto:usedparts@kasima3.bcapps.lt\">usedparts@kasima3.bcapps.lt<\/a><\/p>\n","protected":false},"featured_media":30168,"template":"","meta":{"_et_pb_use_builder":"","_et_pb_old_content":"","_et_gb_content_width":""},"product_brand":[],"product_cat":[443,318,452],"product_tag":[],"class_list":{"0":"post-30162","1":"product","2":"type-product","3":"status-publish","4":"has-post-thumbnail","6":"product_cat-jcb-dalas","7":"product_cat-lietotas-detalas","8":"product_cat-celtniecibas-tehnikas-dalas","10":"first","11":"instock","12":"taxable","13":"shipping-taxable","14":"product-type-simple"},"_links":{"self":[{"href":"https:\/\/kasima3.bcapps.lt\/lv\/wp-json\/wp\/v2\/product\/30162","targetHints":{"allow":["GET"]}}],"collection":[{"href":"https:\/\/kasima3.bcapps.lt\/lv\/wp-json\/wp\/v2\/product"}],"about":[{"href":"https:\/\/kasima3.bcapps.lt\/lv\/wp-json\/wp\/v2\/types\/product"}],"wp:featuredmedia":[{"embeddable":true,"href":"https:\/\/kasima3.bcapps.lt\/lv\/wp-json\/wp\/v2\/media\/30168"}],"wp:attachment":[{"href":"https:\/\/kasima3.bcapps.lt\/lv\/wp-json\/wp\/v2\/media?parent=30162"}],"wp:term":[{"taxonomy":"product_brand","embeddable":true,"href":"https:\/\/kasima3.bcapps.lt\/lv\/wp-json\/wp\/v2\/product_brand?post=30162"},{"taxonomy":"product_cat","embeddable":true,"href":"https:\/\/kasima3.bcapps.lt\/lv\/wp-json\/wp\/v2\/product_cat?post=30162"},{"taxonomy":"product_tag","embeddable":true,"href":"https:\/\/kasima3.bcapps.lt\/lv\/wp-json\/wp\/v2\/product_tag?post=30162"}],"curies":[{"name":"wp","href":"https:\/\/api.w.org\/{rel}","templated":true}]}}