{"id":30490,"date":"2024-10-18T08:36:33","date_gmt":"2024-10-18T08:36:33","guid":{"rendered":"https:\/\/kasima.lt\/produktas\/irankiu-deze-su-laipteliais-is-volvo-ew160b\/"},"modified":"2025-10-29T08:33:07","modified_gmt":"2025-10-29T08:33:07","slug":"irankiu-deze-su-laipteliais-is-volvo-ew160b","status":"publish","type":"product","link":"https:\/\/kasima3.bcapps.lt\/lv\/produktas\/irankiu-deze-su-laipteliais-is-volvo-ew160b\/","title":{"rendered":"Volvo EW160B instrumentu kaste ar pak\u0101pieniem"},"content":{"rendered":"<p>Volvo EW160B instrumentu kaste ar pak\u0101pieniem<br \/>Mums ir pieejama Volvo EW160B ekskavatora instrumentu kaste ar pak\u0101pieniem. \u0160\u012b iek\u0101rta ir lab\u0101 st\u0101vokl\u012b un ir gatava integr\u0113\u0161anai j\u016bsu iek\u0101rtas komplekt\u0101cij\u0101, nodro\u0161inot \u0113rtu piek\u013cuvi un uzglab\u0101\u0161anu darbar\u012bkiem un apkopes priek\u0161metiem.<br \/>Galven\u0101s funkcijas:<br \/>\u012apa\u0161\u012bbas: st\u0101voklis: St\u0101voklis: lietots<br \/> Volvo EW160B<br \/>Dizains: Skait\u013co\u0161anas l\u012bdzek\u013ci, kas nodro\u0161ina, ka automa\u0161\u012bna ir piln\u012bb\u0101 apr\u012bkota ar..: Ieb\u016bv\u0113ti pak\u0101pieni \u0113rtai piek\u013cuvei ekskavatora aug\u0161\u0113j\u0101m da\u013c\u0101m un dro\u0161s instrumentu glab\u0101\u0161anas nodal\u012bjums.<br \/>Iztur\u012bba: Izgatavots no iztur\u012bgiem materi\u0101liem, lai iztur\u0113tu b\u016bvniec\u012bbas un smago ma\u0161\u012bnu darbu.   <\/p>\n","protected":false},"excerpt":{"rendered":"<p>Cena bez PVN<\/p>\n<p>Ra\u017eot\u0101js: VOLVO<br \/>Modelis:EW160B0053<br \/>Zvaniet mums: <a href=\"tel:+37060842988\">+37060842988<\/a><br \/>E-pasts: <a href=\"mailto:usedparts@kasima3.bcapps.lt\">usedparts@kasima3.bcapps.lt<\/a><\/p>\n","protected":false},"featured_media":30471,"template":"","meta":{"_et_pb_use_builder":"","_et_pb_old_content":"","_et_gb_content_width":""},"product_brand":[],"product_cat":[398,318,452],"product_tag":[],"class_list":{"0":"post-30490","1":"product","2":"type-product","3":"status-publish","4":"has-post-thumbnail","6":"product_cat-volvo-dalas","7":"product_cat-lietotas-detalas","8":"product_cat-celtniecibas-tehnikas-dalas","10":"first","11":"instock","12":"taxable","13":"shipping-taxable","14":"purchasable","15":"product-type-simple"},"_links":{"self":[{"href":"https:\/\/kasima3.bcapps.lt\/lv\/wp-json\/wp\/v2\/product\/30490","targetHints":{"allow":["GET"]}}],"collection":[{"href":"https:\/\/kasima3.bcapps.lt\/lv\/wp-json\/wp\/v2\/product"}],"about":[{"href":"https:\/\/kasima3.bcapps.lt\/lv\/wp-json\/wp\/v2\/types\/product"}],"wp:featuredmedia":[{"embeddable":true,"href":"https:\/\/kasima3.bcapps.lt\/lv\/wp-json\/wp\/v2\/media\/30471"}],"wp:attachment":[{"href":"https:\/\/kasima3.bcapps.lt\/lv\/wp-json\/wp\/v2\/media?parent=30490"}],"wp:term":[{"taxonomy":"product_brand","embeddable":true,"href":"https:\/\/kasima3.bcapps.lt\/lv\/wp-json\/wp\/v2\/product_brand?post=30490"},{"taxonomy":"product_cat","embeddable":true,"href":"https:\/\/kasima3.bcapps.lt\/lv\/wp-json\/wp\/v2\/product_cat?post=30490"},{"taxonomy":"product_tag","embeddable":true,"href":"https:\/\/kasima3.bcapps.lt\/lv\/wp-json\/wp\/v2\/product_tag?post=30490"}],"curies":[{"name":"wp","href":"https:\/\/api.w.org\/{rel}","templated":true}]}}