{"id":30510,"date":"2024-10-18T08:58:02","date_gmt":"2024-10-18T08:58:02","guid":{"rendered":"https:\/\/kasima.lt\/produktas\/ausinimo-sistemos-oro-isiurbimo-vamzdis-is-volvo-ew160b\/"},"modified":"2025-10-29T08:33:07","modified_gmt":"2025-10-29T08:33:07","slug":"ausinimo-sistemos-oro-isiurbimo-vamzdis-is-volvo-ew160b","status":"publish","type":"product","link":"https:\/\/kasima3.bcapps.lt\/lv\/produktas\/ausinimo-sistemos-oro-isiurbimo-vamzdis-is-volvo-ew160b\/","title":{"rendered":"Dzes\u0113\u0161anas sist\u0113mas gaisa iepl\u016bdes caurule no Volvo EW160B"},"content":{"rendered":"<p>Dzes\u0113\u0161anas sist\u0113mas gaisa iepl\u016bdes caurule no Volvo EW160B<br \/>Mums ir pieejama dzes\u0113\u0161anas sist\u0113mas gaisa iepl\u016bdes caurule no ekskavatora Volvo EW160B, kuras da\u013cas numurs ir VOE14377093. \u0160\u012b deta\u013ca ir b\u016btiska, lai nodro\u0161in\u0101tu optim\u0101lu gaisa pl\u016bsmu un dzes\u0113\u0161anas veiktsp\u0113ju j\u016bsu ma\u0161\u012bn\u0101.<br \/>Galven\u0101s funkcijas:<br \/>\u012apa\u0161\u012bbas: st\u0101voklis: Lietots, r\u016bp\u012bgi p\u0101rbaud\u012bts un lab\u0101 darba k\u0101rt\u012bb\u0101.<br \/>Deta\u013cas numurs: VOE14377093<br \/>Materi\u0101ls: Iztur\u012bga konstrukcija, kas izstr\u0101d\u0101ta, lai iztur\u0113tu smagus ekspluat\u0101cijas apst\u0101k\u013cus.   <\/p>\n","protected":false},"excerpt":{"rendered":"<p>Cena bez PVN<\/p>\n<p>Ra\u017eot\u0101js: VOLVO<br \/>Modelis:EW160B0054<br \/>Zvaniet mums: <a href=\"tel:+37060842988\">+37060842988<\/a><br \/>E-pasts: <a href=\"mailto:usedparts@kasima3.bcapps.lt\">usedparts@kasima3.bcapps.lt<\/a><\/p>\n","protected":false},"featured_media":30496,"template":"","meta":{"_et_pb_use_builder":"","_et_pb_old_content":"","_et_gb_content_width":""},"product_brand":[],"product_cat":[398,318,452],"product_tag":[],"class_list":{"0":"post-30510","1":"product","2":"type-product","3":"status-publish","4":"has-post-thumbnail","6":"product_cat-volvo-dalas","7":"product_cat-lietotas-detalas","8":"product_cat-celtniecibas-tehnikas-dalas","10":"first","11":"instock","12":"taxable","13":"shipping-taxable","14":"purchasable","15":"product-type-simple"},"_links":{"self":[{"href":"https:\/\/kasima3.bcapps.lt\/lv\/wp-json\/wp\/v2\/product\/30510","targetHints":{"allow":["GET"]}}],"collection":[{"href":"https:\/\/kasima3.bcapps.lt\/lv\/wp-json\/wp\/v2\/product"}],"about":[{"href":"https:\/\/kasima3.bcapps.lt\/lv\/wp-json\/wp\/v2\/types\/product"}],"wp:featuredmedia":[{"embeddable":true,"href":"https:\/\/kasima3.bcapps.lt\/lv\/wp-json\/wp\/v2\/media\/30496"}],"wp:attachment":[{"href":"https:\/\/kasima3.bcapps.lt\/lv\/wp-json\/wp\/v2\/media?parent=30510"}],"wp:term":[{"taxonomy":"product_brand","embeddable":true,"href":"https:\/\/kasima3.bcapps.lt\/lv\/wp-json\/wp\/v2\/product_brand?post=30510"},{"taxonomy":"product_cat","embeddable":true,"href":"https:\/\/kasima3.bcapps.lt\/lv\/wp-json\/wp\/v2\/product_cat?post=30510"},{"taxonomy":"product_tag","embeddable":true,"href":"https:\/\/kasima3.bcapps.lt\/lv\/wp-json\/wp\/v2\/product_tag?post=30510"}],"curies":[{"name":"wp","href":"https:\/\/api.w.org\/{rel}","templated":true}]}}