{"id":30525,"date":"2024-10-18T10:45:18","date_gmt":"2024-10-18T10:45:18","guid":{"rendered":"https:\/\/kasima.lt\/produktas\/naudotos-volvo-ew160b-variklio-dangcio-groteles\/"},"modified":"2025-10-29T08:33:08","modified_gmt":"2025-10-29T08:33:08","slug":"naudotos-volvo-ew160b-variklio-dangcio-groteles","status":"publish","type":"product","link":"https:\/\/kasima3.bcapps.lt\/lv\/produktas\/naudotos-volvo-ew160b-variklio-dangcio-groteles\/","title":{"rendered":"Lietota Volvo EW160B motora p\u0101rsega re\u017e\u0123a pl\u0101ksne"},"content":{"rendered":"<p>Lietota Volvo EW160B motora p\u0101rsega re\u017e\u0123a pl\u0101ksne<br \/>Mums ir lietota motora p\u0101rsega pl\u0101ksnes re\u017e\u0123a pl\u0101ksne no Volvo EW160B ekskavatora ar da\u013cas numuru VOE14377255. \u0160\u012b deta\u013ca ir b\u016btiska dzin\u0113ja aizsardz\u012bbai, vienlaikus nodro\u0161inot atbilsto\u0161u gaisa pl\u016bsmu.<br \/>Kond\u012bcija: lietota<br \/>Deta\u013cas numurs: VOE14377255<br \/>Materi\u0101ls: Iztur\u012bga, iztur\u012bga re\u017e\u0123a konstrukcija dzin\u0113ja aizsardz\u012bbai un ventil\u0101cijai.  <\/p>\n","protected":false},"excerpt":{"rendered":"<p>Cena bez PVN<\/p>\n<p>Ra\u017eot\u0101js.<br \/>Modelis: EW160B0055<br \/>Zvaniet mums: <a href=\"tel:+37060842988\">+37060842988<\/a><br \/>E-pasts: <a href=\"mailto:usedparts@kasima3.bcapps.lt\">usedparts@kasima3.bcapps.lt<\/a><\/p>\n","protected":false},"featured_media":30516,"template":"","meta":{"_et_pb_use_builder":"","_et_pb_old_content":"","_et_gb_content_width":""},"product_brand":[],"product_cat":[398,318,452],"product_tag":[],"class_list":{"0":"post-30525","1":"product","2":"type-product","3":"status-publish","4":"has-post-thumbnail","6":"product_cat-volvo-dalas","7":"product_cat-lietotas-detalas","8":"product_cat-celtniecibas-tehnikas-dalas","10":"first","11":"instock","12":"taxable","13":"shipping-taxable","14":"purchasable","15":"product-type-simple"},"_links":{"self":[{"href":"https:\/\/kasima3.bcapps.lt\/lv\/wp-json\/wp\/v2\/product\/30525","targetHints":{"allow":["GET"]}}],"collection":[{"href":"https:\/\/kasima3.bcapps.lt\/lv\/wp-json\/wp\/v2\/product"}],"about":[{"href":"https:\/\/kasima3.bcapps.lt\/lv\/wp-json\/wp\/v2\/types\/product"}],"wp:featuredmedia":[{"embeddable":true,"href":"https:\/\/kasima3.bcapps.lt\/lv\/wp-json\/wp\/v2\/media\/30516"}],"wp:attachment":[{"href":"https:\/\/kasima3.bcapps.lt\/lv\/wp-json\/wp\/v2\/media?parent=30525"}],"wp:term":[{"taxonomy":"product_brand","embeddable":true,"href":"https:\/\/kasima3.bcapps.lt\/lv\/wp-json\/wp\/v2\/product_brand?post=30525"},{"taxonomy":"product_cat","embeddable":true,"href":"https:\/\/kasima3.bcapps.lt\/lv\/wp-json\/wp\/v2\/product_cat?post=30525"},{"taxonomy":"product_tag","embeddable":true,"href":"https:\/\/kasima3.bcapps.lt\/lv\/wp-json\/wp\/v2\/product_tag?post=30525"}],"curies":[{"name":"wp","href":"https:\/\/api.w.org\/{rel}","templated":true}]}}