{"id":30545,"date":"2024-10-18T11:03:39","date_gmt":"2024-10-18T11:03:39","guid":{"rendered":"https:\/\/kasima.lt\/produktas\/naudotas-volvo-ew160b-variklio-dangtis\/"},"modified":"2025-10-29T08:33:08","modified_gmt":"2025-10-29T08:33:08","slug":"naudotas-volvo-ew160b-variklio-dangtis","status":"publish","type":"product","link":"https:\/\/kasima3.bcapps.lt\/lv\/produktas\/naudotas-volvo-ew160b-variklio-dangtis\/","title":{"rendered":"Lietots Volvo EW160B dzin\u0113ja atloks"},"content":{"rendered":"<p>Lietots Volvo EW160B dzin\u0113ja atloks<br \/>M\u0113s pied\u0101v\u0101jam lietotu dzin\u0113ja aizb\u012bdni no Volvo EW160B ekskavatora ar da\u013cas numuru VOE14377108. \u0160\u012b deta\u013ca ir b\u016btiska, lai nodro\u0161in\u0101tu pien\u0101c\u012bgu dzin\u0113ja p\u0101rkl\u0101jumu un aizsardz\u012bbu, vienlaikus saglab\u0101jot piek\u013cuvi apkopei.<br \/>Galven\u0101s funkcijas:<br \/>\u012apa\u0161\u012bbas: lietots.<br \/>Deta\u013cas numurs:VOE14377108<br \/>Materi\u0101ls: Augstas kvalit\u0101tes, iztur\u012bga konstrukcija, kas paredz\u0113ta ilgsto\u0161ai lieto\u0161anai smagos darba apst\u0101k\u013cos.  <\/p>\n","protected":false},"excerpt":{"rendered":"<p>Cena bez PVN<\/p>\n<p>Ra\u017eot\u0101js:VOLVO<br \/>Modelis:EW160B0056<br \/>Izsaukums: <a href=\"tel:+37060842988\">+37060842988<\/a><br \/>E-pasts: <a href=\"mailto:usedparts@kasima3.bcapps.lt\">usedparts@kasima3.bcapps.lt<\/a><\/p>\n","protected":false},"featured_media":30531,"template":"","meta":{"_et_pb_use_builder":"","_et_pb_old_content":"","_et_gb_content_width":""},"product_brand":[],"product_cat":[398,318,452],"product_tag":[],"class_list":{"0":"post-30545","1":"product","2":"type-product","3":"status-publish","4":"has-post-thumbnail","6":"product_cat-volvo-dalas","7":"product_cat-lietotas-detalas","8":"product_cat-celtniecibas-tehnikas-dalas","10":"first","11":"instock","12":"taxable","13":"shipping-taxable","14":"purchasable","15":"product-type-simple"},"_links":{"self":[{"href":"https:\/\/kasima3.bcapps.lt\/lv\/wp-json\/wp\/v2\/product\/30545","targetHints":{"allow":["GET"]}}],"collection":[{"href":"https:\/\/kasima3.bcapps.lt\/lv\/wp-json\/wp\/v2\/product"}],"about":[{"href":"https:\/\/kasima3.bcapps.lt\/lv\/wp-json\/wp\/v2\/types\/product"}],"wp:featuredmedia":[{"embeddable":true,"href":"https:\/\/kasima3.bcapps.lt\/lv\/wp-json\/wp\/v2\/media\/30531"}],"wp:attachment":[{"href":"https:\/\/kasima3.bcapps.lt\/lv\/wp-json\/wp\/v2\/media?parent=30545"}],"wp:term":[{"taxonomy":"product_brand","embeddable":true,"href":"https:\/\/kasima3.bcapps.lt\/lv\/wp-json\/wp\/v2\/product_brand?post=30545"},{"taxonomy":"product_cat","embeddable":true,"href":"https:\/\/kasima3.bcapps.lt\/lv\/wp-json\/wp\/v2\/product_cat?post=30545"},{"taxonomy":"product_tag","embeddable":true,"href":"https:\/\/kasima3.bcapps.lt\/lv\/wp-json\/wp\/v2\/product_tag?post=30545"}],"curies":[{"name":"wp","href":"https:\/\/api.w.org\/{rel}","templated":true}]}}