{"id":30782,"date":"2024-10-21T06:41:28","date_gmt":"2024-10-21T06:41:28","guid":{"rendered":"https:\/\/kasima.lt\/produktas\/naudotos-volvo-ew160b-vaziuokles-ir-kebulo-metalines-plokstes\/"},"modified":"2025-10-29T08:33:09","modified_gmt":"2025-10-29T08:33:09","slug":"naudotos-volvo-ew160b-vaziuokles-ir-kebulo-metalines-plokstes","status":"publish","type":"product","link":"https:\/\/kasima3.bcapps.lt\/lv\/produktas\/naudotos-volvo-ew160b-vaziuokles-ir-kebulo-metalines-plokstes\/","title":{"rendered":"Lietotas Volvo EW160B \u0161asijas un virsb\u016bves met\u0101la pl\u0101ksnes<br>"},"content":{"rendered":"<p>Lietotas Volvo EW160B \u0161asijas un virsb\u016bves met\u0101la pl\u0101ksnes<br \/>M\u016bsu pied\u0101v\u0101jum\u0101 ir vair\u0101kas lietotas Volvo EW160B ekskavatora zemkapja un virsb\u016bves met\u0101la pl\u0101ksnes, kas ir pieejamas p\u0101rdo\u0161anai. \u0160\u012bs pl\u0101tnes ir \u013coti svar\u012bgas, lai saglab\u0101tu ma\u0161\u012bnas svar\u012bg\u0101ko sast\u0101vda\u013cu struktur\u0101lo integrit\u0101ti un aizsardz\u012bbu.<br \/>Pieejam\u0101s da\u013cas ar galvenajiem da\u013cu numuriem:<br \/>VOE14377382.<br \/>VOE1437777397 &#8211; apak\u0161g\u0101j\u0113ja pl\u0101ksne<br \/>VOE1437777400 &#8211; Rati\u0146u pl\u0101ksne<br \/>VOE14377404 &#8211; virsb\u016bves pl\u0101ksne<br \/>VOE14377402 &#8211; virsb\u016bves pl\u0101ksne<br \/>VOE14377405 &#8211; Virsb\u016bves pl\u0101ksne<br \/>VOE14379505 &#8211; Virsb\u016bves pl\u0101ksne<br \/>VOE14379599 &#8211; Virsb\u016bves pl\u0101ksne<br \/>VOE14375196 &#8211; Rati\u0146u pl\u0101ksne<br \/>VOE14375831 &#8211; virsb\u016bves pl\u0101ksne<br \/>VOE14377086 &#8211; Virsb\u016bves pl\u0101ksne<br \/>VOE14375835 &#8211; Virsb\u016bves pl\u0101ksne<br \/>VOE14375879 &#8211; Rati\u0146u pl\u0101ksne<\/p>\n","protected":false},"excerpt":{"rendered":"<p>Cena bez PVN<\/p>\n<p>Ra\u017eot\u0101js: VOLVO<br \/>Modelis:EW160B0059<br \/>Zvans:<a href=\"tel:+37060842988\">+37060842988<\/a><br \/>E-pasts: <a href=\"mailto:usedparts@kasima3.bcapps.lt\">usedparts@kasima3.bcapps.lt<\/a><\/p>\n","protected":false},"featured_media":30773,"template":"","meta":{"_et_pb_use_builder":"","_et_pb_old_content":"","_et_gb_content_width":""},"product_brand":[],"product_cat":[398,318,452],"product_tag":[],"class_list":{"0":"post-30782","1":"product","2":"type-product","3":"status-publish","4":"has-post-thumbnail","6":"product_cat-volvo-dalas","7":"product_cat-lietotas-detalas","8":"product_cat-celtniecibas-tehnikas-dalas","10":"first","11":"instock","12":"taxable","13":"shipping-taxable","14":"product-type-simple"},"_links":{"self":[{"href":"https:\/\/kasima3.bcapps.lt\/lv\/wp-json\/wp\/v2\/product\/30782","targetHints":{"allow":["GET"]}}],"collection":[{"href":"https:\/\/kasima3.bcapps.lt\/lv\/wp-json\/wp\/v2\/product"}],"about":[{"href":"https:\/\/kasima3.bcapps.lt\/lv\/wp-json\/wp\/v2\/types\/product"}],"wp:featuredmedia":[{"embeddable":true,"href":"https:\/\/kasima3.bcapps.lt\/lv\/wp-json\/wp\/v2\/media\/30773"}],"wp:attachment":[{"href":"https:\/\/kasima3.bcapps.lt\/lv\/wp-json\/wp\/v2\/media?parent=30782"}],"wp:term":[{"taxonomy":"product_brand","embeddable":true,"href":"https:\/\/kasima3.bcapps.lt\/lv\/wp-json\/wp\/v2\/product_brand?post=30782"},{"taxonomy":"product_cat","embeddable":true,"href":"https:\/\/kasima3.bcapps.lt\/lv\/wp-json\/wp\/v2\/product_cat?post=30782"},{"taxonomy":"product_tag","embeddable":true,"href":"https:\/\/kasima3.bcapps.lt\/lv\/wp-json\/wp\/v2\/product_tag?post=30782"}],"curies":[{"name":"wp","href":"https:\/\/api.w.org\/{rel}","templated":true}]}}