{"id":30955,"date":"2024-10-23T12:25:46","date_gmt":"2024-10-23T12:25:46","guid":{"rendered":"https:\/\/kasima.lt\/produktas\/naudotas-didelio-pajegumo-kasimo-kausas\/"},"modified":"2025-10-29T08:33:10","modified_gmt":"2025-10-29T08:33:10","slug":"naudotas-didelio-pajegumo-kasimo-kausas","status":"publish","type":"product","link":"https:\/\/kasima3.bcapps.lt\/lv\/produktas\/naudotas-didelio-pajegumo-kasimo-kausas\/","title":{"rendered":"Lietots lieljaudas rak\u0161anas kauss"},"content":{"rendered":"<p>Lieljaudas rak\u0161anas kauss 980 mm, no\u0146emts no Volvo EC210BLC<br \/>Platums: 98 cm | Garums: 160 cm | Augstums: 115 cm<br \/>Lieljaudas, labi uztur\u0113ts, paredz\u0113ts smagiem uzdevumiem.<br \/>No\u0146emts no Volvo ekskavatora, sader\u012bgs ar da\u017e\u0101du marku un mode\u013cu ekskavatoriem, kas izmanto l\u012bdz\u012bgas \u0101tr\u0101s sakabes vai tapu sist\u0113mas.<br \/>Pastiprin\u0101ts, augstas stipr\u012bbas t\u0113rauds iztur\u012bbai ekstrem\u0101los apst\u0101k\u013cos<br \/>Ide\u0101li piem\u0113rots smagiem rak\u0161anas darbiem un zemes rak\u0161anas darbiem<\/p>\n","protected":false},"excerpt":{"rendered":"<p>Cena bez PVN<\/p>\n<p>Ra\u017eot\u0101js: VOLVO<br \/>Modelis:KND0074<br \/>Zvans:<a href=\"tel:+37060842988\">+37060842988<\/a><br \/>E-pasts: <a href=\"mailto:usedparts@kasima3.bcapps.lt\">usedparts@kasima3.bcapps.lt<\/a><\/p>\n","protected":false},"featured_media":30936,"template":"","meta":{"_et_pb_use_builder":"","_et_pb_old_content":"","_et_gb_content_width":""},"product_brand":[],"product_cat":[398,219,302,185,318,452],"product_tag":[],"class_list":{"0":"post-30955","1":"product","2":"type-product","3":"status-publish","4":"has-post-thumbnail","6":"product_cat-volvo-dalas","7":"product_cat-lietots","8":"product_cat-spaini","9":"product_cat-ekskavators","10":"product_cat-lietotas-detalas","11":"product_cat-celtniecibas-tehnikas-dalas","13":"first","14":"instock","15":"taxable","16":"shipping-taxable","17":"purchasable","18":"product-type-simple"},"_links":{"self":[{"href":"https:\/\/kasima3.bcapps.lt\/lv\/wp-json\/wp\/v2\/product\/30955","targetHints":{"allow":["GET"]}}],"collection":[{"href":"https:\/\/kasima3.bcapps.lt\/lv\/wp-json\/wp\/v2\/product"}],"about":[{"href":"https:\/\/kasima3.bcapps.lt\/lv\/wp-json\/wp\/v2\/types\/product"}],"wp:featuredmedia":[{"embeddable":true,"href":"https:\/\/kasima3.bcapps.lt\/lv\/wp-json\/wp\/v2\/media\/30936"}],"wp:attachment":[{"href":"https:\/\/kasima3.bcapps.lt\/lv\/wp-json\/wp\/v2\/media?parent=30955"}],"wp:term":[{"taxonomy":"product_brand","embeddable":true,"href":"https:\/\/kasima3.bcapps.lt\/lv\/wp-json\/wp\/v2\/product_brand?post=30955"},{"taxonomy":"product_cat","embeddable":true,"href":"https:\/\/kasima3.bcapps.lt\/lv\/wp-json\/wp\/v2\/product_cat?post=30955"},{"taxonomy":"product_tag","embeddable":true,"href":"https:\/\/kasima3.bcapps.lt\/lv\/wp-json\/wp\/v2\/product_tag?post=30955"}],"curies":[{"name":"wp","href":"https:\/\/api.w.org\/{rel}","templated":true}]}}