{"id":31028,"date":"2024-10-29T12:00:02","date_gmt":"2024-10-29T12:00:02","guid":{"rendered":"https:\/\/kasima.lt\/produktas\/naudota-komatsu-ekskavatoriaus-kauso-jungtis-2\/"},"modified":"2025-10-29T08:33:10","modified_gmt":"2025-10-29T08:33:10","slug":"naudota-komatsu-ekskavatoriaus-kauso-jungtis-2","status":"publish","type":"product","link":"https:\/\/kasima3.bcapps.lt\/lv\/produktas\/naudota-komatsu-ekskavatoriaus-kauso-jungtis-2\/","title":{"rendered":"Lietota ekskavatora kausa saite Komatsu"},"content":{"rendered":"<p>M\u0113s pied\u0101v\u0101jam lietotu kausa savienojumu Komatsu ekskavatoriem, kas paredz\u0113ts kausa un str\u0113les savieno\u0161anai, nodro\u0161inot stabilit\u0101ti un iztur\u012bbu. \u0160is savienojums ir ide\u0101li piem\u0113rots tiem, kas v\u0113las nomain\u012bt nolietotos vai boj\u0101tos kausa savienojumus sader\u012bgiem Komatsu mode\u013ciem, nodro\u0161inot nevainojamu darb\u012bbu un uzlabotu veiktsp\u0113ju.<br \/>Tips: Ekskavatora kausa savienojums<br \/>Deta\u013cas kods: 20E-70-K2380<br \/>Att\u0101lums no centra l\u012bdz centram starp atver\u0113m: 490 mm.<br \/>Atv\u0113rumu diametrs: 70 mm<br \/>Lietots, ar ekskavatoru deta\u013c\u0101m rakstur\u012bg\u0101m nolietojuma paz\u012bm\u0113m.<br \/>Izgatavots, lai iztur\u0113tu lielas slodzes un nep\u0101rtrauktu darb\u012bbu.<br \/>Piem\u0113rots da\u017e\u0101diem Komatsu ekskavatoru mode\u013ciem ar atbilsto\u0161iem posma izm\u0113riem.<br \/>Ide\u0101ls risin\u0101jums nolietoto kausa sai\u0161u nomai\u0146ai bez jaunu deta\u013cu izmaks\u0101m. <\/p>\n","protected":false},"excerpt":{"rendered":"<p>Cena bez PVN <\/p>\n<p>Ra\u017eot\u0101js:Komatsu<br \/>Modelis:PW16070001<br \/>Izsaukums: <a href=\"tel:+37060842988\">+37060842988<\/a><br \/>E-pasts: <a href=\"mailto:usedparts@kasima3.bcapps.lt\">usedparts@kasima3.bcapps.lt<\/a><\/p>\n","protected":false},"featured_media":31014,"template":"","meta":{"_et_pb_use_builder":"","_et_pb_old_content":"","_et_gb_content_width":""},"product_brand":[],"product_cat":[481,318,452],"product_tag":[],"class_list":{"0":"post-31028","1":"product","2":"type-product","3":"status-publish","4":"has-post-thumbnail","6":"product_cat-komatsu-dalas","7":"product_cat-lietotas-detalas","8":"product_cat-celtniecibas-tehnikas-dalas","10":"first","11":"instock","12":"taxable","13":"shipping-taxable","14":"purchasable","15":"product-type-simple"},"_links":{"self":[{"href":"https:\/\/kasima3.bcapps.lt\/lv\/wp-json\/wp\/v2\/product\/31028","targetHints":{"allow":["GET"]}}],"collection":[{"href":"https:\/\/kasima3.bcapps.lt\/lv\/wp-json\/wp\/v2\/product"}],"about":[{"href":"https:\/\/kasima3.bcapps.lt\/lv\/wp-json\/wp\/v2\/types\/product"}],"wp:featuredmedia":[{"embeddable":true,"href":"https:\/\/kasima3.bcapps.lt\/lv\/wp-json\/wp\/v2\/media\/31014"}],"wp:attachment":[{"href":"https:\/\/kasima3.bcapps.lt\/lv\/wp-json\/wp\/v2\/media?parent=31028"}],"wp:term":[{"taxonomy":"product_brand","embeddable":true,"href":"https:\/\/kasima3.bcapps.lt\/lv\/wp-json\/wp\/v2\/product_brand?post=31028"},{"taxonomy":"product_cat","embeddable":true,"href":"https:\/\/kasima3.bcapps.lt\/lv\/wp-json\/wp\/v2\/product_cat?post=31028"},{"taxonomy":"product_tag","embeddable":true,"href":"https:\/\/kasima3.bcapps.lt\/lv\/wp-json\/wp\/v2\/product_tag?post=31028"}],"curies":[{"name":"wp","href":"https:\/\/api.w.org\/{rel}","templated":true}]}}