{"id":31140,"date":"2024-10-31T06:33:42","date_gmt":"2024-10-31T06:33:42","guid":{"rendered":"https:\/\/kasima.lt\/produktas\/naudotas-komatsu-pw160-priekinis-peilis-su-hidrauliniais-cilindrais\/"},"modified":"2025-10-29T08:33:11","modified_gmt":"2025-10-29T08:33:11","slug":"naudotas-komatsu-pw160-priekinis-peilis-su-hidrauliniais-cilindrais","status":"publish","type":"product","link":"https:\/\/kasima3.bcapps.lt\/lv\/produktas\/naudotas-komatsu-pw160-priekinis-peilis-su-hidrauliniais-cilindrais\/","title":{"rendered":"Lietots priek\u0161\u0113jais asmens ar hidrauliskajiem cilindriem no Komatsu PW160"},"content":{"rendered":"<p>Mums ir lietots priek\u0161\u0113jais asmens ar hidrauliskajiem cilindriem no rite\u0146ekskavatora Komatsu PW160, kas lieliski piem\u0113rots greider\u0113\u0161anas, nol\u012bdzin\u0101\u0161anas un aizb\u0113r\u0161anas darbiem. \u0160is asmens, kas ir konstru\u0113ts t\u0101, lai iztur\u0113tu smagu darbu, ir gan iztur\u012bgs, gan univers\u0101ls, nodro\u0161inot optim\u0101lu veiktsp\u0113ju da\u017e\u0101d\u0101s darba viet\u0101s.<br \/>Deta\u013cas numurs: 20G-910-3205<br \/>Platums: 255 cm<br \/>Augstums: 50 cm<br \/>Asmens platums ir 255 cm, un tas nodro\u0161ina lielisku zemes p\u0101rkl\u0101jumu, kas piem\u0113rots efekt\u012bvai izl\u012bdzin\u0101\u0161anai, aizb\u0113r\u0161anai un materi\u0101lu izklied\u0113\u0161anai.<br \/>Piln\u012bb\u0101 funkcion\u0113jo\u0161i hidrauliskie cilindri prec\u012bzai asme\u0146a kust\u012bbas kontrolei.<br \/>Lietots, struktur\u0101li neboj\u0101ts, ar standarta nolietojuma paz\u012bm\u0113m, hidraulika p\u0101rbaud\u012bta un darbojas.   <\/p>\n","protected":false},"excerpt":{"rendered":"<p>Cena bez PVN <\/p>\n<p>Ra\u017eot\u0101js:Komatsu<br \/>Modelis:PW16070081<br \/>Izsaukums: <a href=\"tel:+37060842988\">+37060842988<\/a><br \/>E-pasts: <a href=\"mailto:usedparts@kasima3.bcapps.lt\">usedparts@kasima3.bcapps.lt<\/a><\/p>\n","protected":false},"featured_media":31136,"template":"","meta":{"_et_pb_use_builder":"","_et_pb_old_content":"","_et_gb_content_width":""},"product_brand":[],"product_cat":[481,219,318,452],"product_tag":[],"class_list":{"0":"post-31140","1":"product","2":"type-product","3":"status-publish","4":"has-post-thumbnail","6":"product_cat-komatsu-dalas","7":"product_cat-lietots","8":"product_cat-lietotas-detalas","9":"product_cat-celtniecibas-tehnikas-dalas","11":"first","12":"instock","13":"taxable","14":"shipping-taxable","15":"purchasable","16":"product-type-simple"},"_links":{"self":[{"href":"https:\/\/kasima3.bcapps.lt\/lv\/wp-json\/wp\/v2\/product\/31140","targetHints":{"allow":["GET"]}}],"collection":[{"href":"https:\/\/kasima3.bcapps.lt\/lv\/wp-json\/wp\/v2\/product"}],"about":[{"href":"https:\/\/kasima3.bcapps.lt\/lv\/wp-json\/wp\/v2\/types\/product"}],"wp:featuredmedia":[{"embeddable":true,"href":"https:\/\/kasima3.bcapps.lt\/lv\/wp-json\/wp\/v2\/media\/31136"}],"wp:attachment":[{"href":"https:\/\/kasima3.bcapps.lt\/lv\/wp-json\/wp\/v2\/media?parent=31140"}],"wp:term":[{"taxonomy":"product_brand","embeddable":true,"href":"https:\/\/kasima3.bcapps.lt\/lv\/wp-json\/wp\/v2\/product_brand?post=31140"},{"taxonomy":"product_cat","embeddable":true,"href":"https:\/\/kasima3.bcapps.lt\/lv\/wp-json\/wp\/v2\/product_cat?post=31140"},{"taxonomy":"product_tag","embeddable":true,"href":"https:\/\/kasima3.bcapps.lt\/lv\/wp-json\/wp\/v2\/product_tag?post=31140"}],"curies":[{"name":"wp","href":"https:\/\/api.w.org\/{rel}","templated":true}]}}