{"id":31185,"date":"2024-10-31T14:04:54","date_gmt":"2024-10-31T14:04:54","guid":{"rendered":"https:\/\/kasima.lt\/produktas\/naudotas-komatsu-pw160-priekinis-tiltas\/"},"modified":"2025-10-29T08:33:11","modified_gmt":"2025-10-29T08:33:11","slug":"naudotas-komatsu-pw160-priekinis-tiltas","status":"publish","type":"product","link":"https:\/\/kasima3.bcapps.lt\/lv\/produktas\/naudotas-komatsu-pw160-priekinis-tiltas\/","title":{"rendered":"Lietots priek\u0161\u0113jais tilts no Komatsu PW160"},"content":{"rendered":"<p>Mums ir lietots priek\u0161\u0113jais tilts Komatsu PW160 rite\u0146ekskavatoram, komplekt\u0113ts ar galvenaj\u0101m sast\u0101vda\u013c\u0101m, kas nodro\u0161ina optim\u0101lu veiktsp\u0113ju un stabilit\u0101ti st\u016br\u0113\u0161anas un slodzes nes\u0113ja funkcij\u0101s.<br \/>ass mezgla da\u013cas numurs: 20G-23-31001<br \/>Papildu komponentu deta\u013cu numuri:<br \/>St\u016bres cilindra bloks: 20G-23-32220<br \/>Savienot\u0101jstienis: 20G-23-31180<br \/>Reduktora bloks: 20G-23-31350<br \/>Ass korpusa identifik\u0101cija:<br \/>2814403-4<br \/>2814406H86S<br \/>2062331000<br \/>7000244<br \/>Lietots, ar piln\u012bb\u0101 funkcion\u0113jo\u0161\u0101m sast\u0101vda\u013c\u0101m. Standarta nolietojuma paz\u012bmes, bet struktur\u0101li neboj\u0101ta un p\u0101rbaud\u012bta funkcionalit\u0101te.  <\/p>\n","protected":false},"excerpt":{"rendered":"<p>Cena bez PVN <\/p>\n<p>Ra\u017eot\u0101js:Komatsu<br \/>Modelis:PW16070082<br \/>Izsaukums: <a href=\"tel:+37060842988\">+37060842988<\/a><br \/>E-pasts: <a href=\"mailto:usedparts@kasima3.bcapps.lt\">usedparts@kasima3.bcapps.lt<\/a><\/p>\n","protected":false},"featured_media":31161,"template":"","meta":{"_et_pb_use_builder":"","_et_pb_old_content":"","_et_gb_content_width":""},"product_brand":[],"product_cat":[481,318,452],"product_tag":[],"class_list":{"0":"post-31185","1":"product","2":"type-product","3":"status-publish","4":"has-post-thumbnail","6":"product_cat-komatsu-dalas","7":"product_cat-lietotas-detalas","8":"product_cat-celtniecibas-tehnikas-dalas","10":"first","11":"instock","12":"taxable","13":"shipping-taxable","14":"purchasable","15":"product-type-simple"},"_links":{"self":[{"href":"https:\/\/kasima3.bcapps.lt\/lv\/wp-json\/wp\/v2\/product\/31185","targetHints":{"allow":["GET"]}}],"collection":[{"href":"https:\/\/kasima3.bcapps.lt\/lv\/wp-json\/wp\/v2\/product"}],"about":[{"href":"https:\/\/kasima3.bcapps.lt\/lv\/wp-json\/wp\/v2\/types\/product"}],"wp:featuredmedia":[{"embeddable":true,"href":"https:\/\/kasima3.bcapps.lt\/lv\/wp-json\/wp\/v2\/media\/31161"}],"wp:attachment":[{"href":"https:\/\/kasima3.bcapps.lt\/lv\/wp-json\/wp\/v2\/media?parent=31185"}],"wp:term":[{"taxonomy":"product_brand","embeddable":true,"href":"https:\/\/kasima3.bcapps.lt\/lv\/wp-json\/wp\/v2\/product_brand?post=31185"},{"taxonomy":"product_cat","embeddable":true,"href":"https:\/\/kasima3.bcapps.lt\/lv\/wp-json\/wp\/v2\/product_cat?post=31185"},{"taxonomy":"product_tag","embeddable":true,"href":"https:\/\/kasima3.bcapps.lt\/lv\/wp-json\/wp\/v2\/product_tag?post=31185"}],"curies":[{"name":"wp","href":"https:\/\/api.w.org\/{rel}","templated":true}]}}