{"id":31254,"date":"2024-11-05T14:13:52","date_gmt":"2024-11-05T14:13:52","guid":{"rendered":"https:\/\/kasima.lt\/produktas\/naudotas-komatsu-pw160-galinis-tiltas-su-transmisija\/"},"modified":"2025-10-29T08:33:11","modified_gmt":"2025-10-29T08:33:11","slug":"naudotas-komatsu-pw160-galinis-tiltas-su-transmisija","status":"publish","type":"product","link":"https:\/\/kasima3.bcapps.lt\/lv\/produktas\/naudotas-komatsu-pw160-galinis-tiltas-su-transmisija\/","title":{"rendered":"Lietots Komatsu PW160 aizmugur\u0113jais tilts ar transmisiju"},"content":{"rendered":"<p>Lietots aizmugur\u0113j\u0101 tilta mezgls ar Carraro transmisiju no Komatsu PW160 rite\u0146ekskavatora, komplekt\u0101 ar galvenaj\u0101m sast\u0101vda\u013c\u0101m, kas nepiecie\u0161amas dro\u0161ai sp\u0113ka padevei un aizmugur\u0113jo rite\u0146u darb\u012bbai. \u0160aj\u0101 mezgl\u0101 ietilpst t\u0101das deta\u013cas k\u0101 planet\u0101rais bloks un piedzi\u0146as v\u0101rpsta, kas paredz\u0113tas, lai nodro\u0161in\u0101tu uzticamu kust\u012bbu un atbalstu smagu ekskav\u0101cijas darbu veik\u0161anai.<br \/>P\u0101rnesumk\u0101rba: Carraro <br \/>Carraro transmisijas, kas paz\u012bstamas ar iztur\u012bbu un vienm\u0113r\u012bgu darb\u012bbu, ir uzticamas intens\u012bvas lieto\u0161anas apst\u0101k\u013cos, nodro\u0161inot efekt\u012bvu jaudas p\u0101rnesi uz aizmugur\u0113jiem rite\u0146iem.<br \/>Galvenie komponenti un deta\u013cu numuri:<br \/>Transmisija: 20G-14-31101<br \/>Planet\u0101rais bloks: 20G-23-31350<br \/>Piedzi\u0146as v\u0101rpsta: 20G-22-31150<br \/>ass bloks: 20G-22-31001<br \/>Lietots, struktur\u0101li neboj\u0101ts, ar piln\u012bb\u0101 funkcion\u0113jo\u0161\u0101m sast\u0101vda\u013c\u0101m. Rakstur\u012bgs tipisks nolietojums, p\u0101rbaud\u012bta veiktsp\u0113ja un uzticam\u012bba.    <\/p>\n","protected":false},"excerpt":{"rendered":"<p>Cena bez PVN<\/p>\n<p>Ra\u017eot\u0101js:Komatsu<br \/>Modelis:PW16070083<br \/>Zvans:<a href=\"tel:+37060842988\">+37060842988<\/a><br \/>E-pasts: <a href=\"mailto:usedparts@kasima3.bcapps.lt\">usedparts@kasima3.bcapps.lt<\/a><\/p>\n","protected":false},"featured_media":31240,"template":"","meta":{"_et_pb_use_builder":"","_et_pb_old_content":"","_et_gb_content_width":""},"product_brand":[],"product_cat":[481,318,452],"product_tag":[],"class_list":{"0":"post-31254","1":"product","2":"type-product","3":"status-publish","4":"has-post-thumbnail","6":"product_cat-komatsu-dalas","7":"product_cat-lietotas-detalas","8":"product_cat-celtniecibas-tehnikas-dalas","10":"first","11":"instock","12":"taxable","13":"shipping-taxable","14":"product-type-simple"},"_links":{"self":[{"href":"https:\/\/kasima3.bcapps.lt\/lv\/wp-json\/wp\/v2\/product\/31254","targetHints":{"allow":["GET"]}}],"collection":[{"href":"https:\/\/kasima3.bcapps.lt\/lv\/wp-json\/wp\/v2\/product"}],"about":[{"href":"https:\/\/kasima3.bcapps.lt\/lv\/wp-json\/wp\/v2\/types\/product"}],"wp:featuredmedia":[{"embeddable":true,"href":"https:\/\/kasima3.bcapps.lt\/lv\/wp-json\/wp\/v2\/media\/31240"}],"wp:attachment":[{"href":"https:\/\/kasima3.bcapps.lt\/lv\/wp-json\/wp\/v2\/media?parent=31254"}],"wp:term":[{"taxonomy":"product_brand","embeddable":true,"href":"https:\/\/kasima3.bcapps.lt\/lv\/wp-json\/wp\/v2\/product_brand?post=31254"},{"taxonomy":"product_cat","embeddable":true,"href":"https:\/\/kasima3.bcapps.lt\/lv\/wp-json\/wp\/v2\/product_cat?post=31254"},{"taxonomy":"product_tag","embeddable":true,"href":"https:\/\/kasima3.bcapps.lt\/lv\/wp-json\/wp\/v2\/product_tag?post=31254"}],"curies":[{"name":"wp","href":"https:\/\/api.w.org\/{rel}","templated":true}]}}