{"id":31285,"date":"2024-11-05T14:51:19","date_gmt":"2024-11-05T14:51:19","guid":{"rendered":"https:\/\/kasima.lt\/produktas\/naudoti-komatsu-pw160-pakabos-uzrakto-cilindrai\/"},"modified":"2025-10-29T08:33:11","modified_gmt":"2025-10-29T08:33:11","slug":"naudoti-komatsu-pw160-pakabos-uzrakto-cilindrai","status":"publish","type":"product","link":"https:\/\/kasima3.bcapps.lt\/lv\/produktas\/naudoti-komatsu-pw160-pakabos-uzrakto-cilindrai\/","title":{"rendered":"Lietoti Komatsu PW160 piekares blo\u0137\u0113\u0161anas cilindri"},"content":{"rendered":"<p>Mums ir divi lietoti piekares blo\u0137\u0113\u0161anas cilindri no Komatsu PW160 rite\u0146ekskavatora, kas ir ide\u0101li piem\u0113roti piekares sist\u0113mas blo\u0137\u0113\u0161anai un stabilit\u0101tes nodro\u0161in\u0101\u0161anai smagu darbu laik\u0101. \u0160ie cilindri ir b\u016btiski, lai nodro\u0161in\u0101tu balstiek\u0101rtas dro\u0161\u012bbu, veicot uzdevumus, kas prasa minim\u0101lu ma\u0161\u012bnas kust\u012bbu.<br \/>Deta\u013cas numurs: 20K-61-31131<br \/>Daudzums: 2 vien\u012bbas<br \/>Piekares blo\u0137\u0113t\u0101js, stabiliz\u0113 ma\u0161\u012bnu, blo\u0137\u0113jot piekares darb\u012bbu laik\u0101.<br \/>Lietots, piln\u012bb\u0101 funkcion\u0113jo\u0161s ar standarta nolietojumu; p\u0101rbaud\u012bts un test\u0113ts, lai nodro\u0161in\u0101tu uzticamu darb\u012bbu.<br \/>Cena par vien\u012bbu  <\/p>\n","protected":false},"excerpt":{"rendered":"<p>Cena bez PVN<\/p>\n<p>Ra\u017eot\u0101js:Komatsu<br \/>Modelis:PW16070088<br \/>Zvans:<a href=\"tel:+37060842988\">+37060842988<\/a><br \/>E-pasts: <a href=\"mailto:usedparts@kasima3.bcapps.lt\">usedparts@kasima3.bcapps.lt<\/a><\/p>\n","protected":false},"featured_media":31276,"template":"","meta":{"_et_pb_use_builder":"","_et_pb_old_content":"","_et_gb_content_width":""},"product_brand":[],"product_cat":[481,318,452],"product_tag":[],"class_list":{"0":"post-31285","1":"product","2":"type-product","3":"status-publish","4":"has-post-thumbnail","6":"product_cat-komatsu-dalas","7":"product_cat-lietotas-detalas","8":"product_cat-celtniecibas-tehnikas-dalas","10":"first","11":"instock","12":"taxable","13":"shipping-taxable","14":"purchasable","15":"product-type-simple"},"_links":{"self":[{"href":"https:\/\/kasima3.bcapps.lt\/lv\/wp-json\/wp\/v2\/product\/31285","targetHints":{"allow":["GET"]}}],"collection":[{"href":"https:\/\/kasima3.bcapps.lt\/lv\/wp-json\/wp\/v2\/product"}],"about":[{"href":"https:\/\/kasima3.bcapps.lt\/lv\/wp-json\/wp\/v2\/types\/product"}],"wp:featuredmedia":[{"embeddable":true,"href":"https:\/\/kasima3.bcapps.lt\/lv\/wp-json\/wp\/v2\/media\/31276"}],"wp:attachment":[{"href":"https:\/\/kasima3.bcapps.lt\/lv\/wp-json\/wp\/v2\/media?parent=31285"}],"wp:term":[{"taxonomy":"product_brand","embeddable":true,"href":"https:\/\/kasima3.bcapps.lt\/lv\/wp-json\/wp\/v2\/product_brand?post=31285"},{"taxonomy":"product_cat","embeddable":true,"href":"https:\/\/kasima3.bcapps.lt\/lv\/wp-json\/wp\/v2\/product_cat?post=31285"},{"taxonomy":"product_tag","embeddable":true,"href":"https:\/\/kasima3.bcapps.lt\/lv\/wp-json\/wp\/v2\/product_tag?post=31285"}],"curies":[{"name":"wp","href":"https:\/\/api.w.org\/{rel}","templated":true}]}}