{"id":31330,"date":"2024-11-06T06:53:00","date_gmt":"2024-11-06T06:53:00","guid":{"rendered":"https:\/\/kasima.lt\/produktas\/naudoti-komatsu-pw160-pavaros-velenai\/"},"modified":"2025-10-29T08:33:12","modified_gmt":"2025-10-29T08:33:12","slug":"naudoti-komatsu-pw160-pavaros-velenai","status":"publish","type":"product","link":"https:\/\/kasima3.bcapps.lt\/lv\/produktas\/naudoti-komatsu-pw160-pavaros-velenai\/","title":{"rendered":"Lietotas piedzi\u0146as v\u0101rpstas Komatsu PW160"},"content":{"rendered":"<p>Divas lietotas piedzi\u0146as v\u0101rpstas rite\u0146u ekskavatoram Komatsu PW160, kas ir nepiecie\u0161amas vienm\u0113r\u012bgai jaudas p\u0101rvadei un mobilit\u0101tei da\u017e\u0101dos reljefa apst\u0101k\u013cos. \u0160\u012bs ori\u0123in\u0101l\u0101s Komatsu da\u013cas ir ide\u0101li piem\u0113rotas piedzi\u0146as meh\u0101nisma nomai\u0146ai, nodro\u0161inot uzticamu un efekt\u012bvu darb\u012bbu.<br \/>Deta\u013cas numurs: 20G-20-31110<br \/>Pieejamais daudzums: 2 vien\u012bbas<br \/>Lietotas, piln\u012bb\u0101 funkcion\u0113jo\u0161as, ar tipisku nolietojumu. P\u0101rbaud\u012bta un test\u0113ta darb\u012bbas kvalit\u0101te.<br \/>Cena par vien\u012bbu    <\/p>\n","protected":false},"excerpt":{"rendered":"<p>Cena bez PVN<\/p>\n<p>Ra\u017eot\u0101js:Komatsu<br \/>Modelis:PW16070086<br \/>Zvans:<a href=\"tel:+37060842988\">+37060842988<\/a><br \/>E-pasts: <a href=\"mailto:usedparts@kasima3.bcapps.lt\">usedparts@kasima3.bcapps.lt<\/a><\/p>\n","protected":false},"featured_media":31326,"template":"","meta":{"_et_pb_use_builder":"","_et_pb_old_content":"","_et_gb_content_width":""},"product_brand":[],"product_cat":[481,318,452],"product_tag":[],"class_list":{"0":"post-31330","1":"product","2":"type-product","3":"status-publish","4":"has-post-thumbnail","6":"product_cat-komatsu-dalas","7":"product_cat-lietotas-detalas","8":"product_cat-celtniecibas-tehnikas-dalas","10":"first","11":"instock","12":"taxable","13":"shipping-taxable","14":"purchasable","15":"product-type-simple"},"_links":{"self":[{"href":"https:\/\/kasima3.bcapps.lt\/lv\/wp-json\/wp\/v2\/product\/31330","targetHints":{"allow":["GET"]}}],"collection":[{"href":"https:\/\/kasima3.bcapps.lt\/lv\/wp-json\/wp\/v2\/product"}],"about":[{"href":"https:\/\/kasima3.bcapps.lt\/lv\/wp-json\/wp\/v2\/types\/product"}],"wp:featuredmedia":[{"embeddable":true,"href":"https:\/\/kasima3.bcapps.lt\/lv\/wp-json\/wp\/v2\/media\/31326"}],"wp:attachment":[{"href":"https:\/\/kasima3.bcapps.lt\/lv\/wp-json\/wp\/v2\/media?parent=31330"}],"wp:term":[{"taxonomy":"product_brand","embeddable":true,"href":"https:\/\/kasima3.bcapps.lt\/lv\/wp-json\/wp\/v2\/product_brand?post=31330"},{"taxonomy":"product_cat","embeddable":true,"href":"https:\/\/kasima3.bcapps.lt\/lv\/wp-json\/wp\/v2\/product_cat?post=31330"},{"taxonomy":"product_tag","embeddable":true,"href":"https:\/\/kasima3.bcapps.lt\/lv\/wp-json\/wp\/v2\/product_tag?post=31330"}],"curies":[{"name":"wp","href":"https:\/\/api.w.org\/{rel}","templated":true}]}}