{"id":31451,"date":"2024-11-12T07:38:29","date_gmt":"2024-11-12T07:38:29","guid":{"rendered":"https:\/\/kasima.lt\/produktas\/naudotas-volvo-ec210blc-pagrindinis-hidraulinis-skirstytuvas\/"},"modified":"2025-10-29T08:33:12","modified_gmt":"2025-10-29T08:33:12","slug":"naudotas-volvo-ec210blc-pagrindinis-hidraulinis-skirstytuvas","status":"publish","type":"product","link":"https:\/\/kasima3.bcapps.lt\/lv\/produktas\/naudotas-volvo-ec210blc-pagrindinis-hidraulinis-skirstytuvas\/","title":{"rendered":"Lietots Volvo EC210BLC galvenais hidrauliskais sadal\u012bt\u0101js"},"content":{"rendered":"<p>Gads: 2003<br \/>Deta\u013cas numurs: VOE14512144<br \/>Lietots, darba k\u0101rt\u012bb\u0101<br \/>Galvenais hidrauliskais vad\u012bbas v\u0101rsts<br \/>Kontrol\u0113 hidraulisko pl\u016bsmu uz vair\u0101k\u0101m ekskavatora funkcij\u0101m, \u013caujot prec\u012bzi vad\u012bt str\u0113les, rokas un kausa kust\u012bbas.<br \/>Iztur\u012bga, augstspiediena konstrukcija, kas piem\u0113rota smagiem darbiem b\u016bvlaukumos. <\/p>\n","protected":false},"excerpt":{"rendered":"<p>Cena bez PVN<\/p>\n<p>Ra\u017eot\u0101js:VOLVO<br \/>Modelis:EC210BLC0009<br \/>Zvans:<a href=\"tel:+37060842988\">+37060842988<\/a><br \/>E-pasts: <a href=\"mailto:usedparts@kasima3.bcapps.lt\">usedparts@kasima3.bcapps.lt<\/a><\/p>\n","protected":false},"featured_media":35858,"template":"","meta":{"_et_pb_use_builder":"","_et_pb_old_content":"","_et_gb_content_width":""},"product_brand":[],"product_cat":[398,318,452],"product_tag":[],"class_list":{"0":"post-31451","1":"product","2":"type-product","3":"status-publish","4":"has-post-thumbnail","6":"product_cat-volvo-dalas","7":"product_cat-lietotas-detalas","8":"product_cat-celtniecibas-tehnikas-dalas","10":"first","11":"instock","12":"taxable","13":"shipping-taxable","14":"purchasable","15":"product-type-simple"},"_links":{"self":[{"href":"https:\/\/kasima3.bcapps.lt\/lv\/wp-json\/wp\/v2\/product\/31451","targetHints":{"allow":["GET"]}}],"collection":[{"href":"https:\/\/kasima3.bcapps.lt\/lv\/wp-json\/wp\/v2\/product"}],"about":[{"href":"https:\/\/kasima3.bcapps.lt\/lv\/wp-json\/wp\/v2\/types\/product"}],"wp:featuredmedia":[{"embeddable":true,"href":"https:\/\/kasima3.bcapps.lt\/lv\/wp-json\/wp\/v2\/media\/35858"}],"wp:attachment":[{"href":"https:\/\/kasima3.bcapps.lt\/lv\/wp-json\/wp\/v2\/media?parent=31451"}],"wp:term":[{"taxonomy":"product_brand","embeddable":true,"href":"https:\/\/kasima3.bcapps.lt\/lv\/wp-json\/wp\/v2\/product_brand?post=31451"},{"taxonomy":"product_cat","embeddable":true,"href":"https:\/\/kasima3.bcapps.lt\/lv\/wp-json\/wp\/v2\/product_cat?post=31451"},{"taxonomy":"product_tag","embeddable":true,"href":"https:\/\/kasima3.bcapps.lt\/lv\/wp-json\/wp\/v2\/product_tag?post=31451"}],"curies":[{"name":"wp","href":"https:\/\/api.w.org\/{rel}","templated":true}]}}