{"id":31481,"date":"2024-11-12T08:17:43","date_gmt":"2024-11-12T08:17:43","guid":{"rendered":"https:\/\/kasima.lt\/produktas\/naudoti-volvo-ekskavatoriaus-viksrai-su-grandine\/"},"modified":"2025-10-29T08:33:13","modified_gmt":"2025-10-29T08:33:13","slug":"naudoti-volvo-ekskavatoriaus-viksrai-su-grandine","status":"publish","type":"product","link":"https:\/\/kasima3.bcapps.lt\/lv\/produktas\/naudoti-volvo-ekskavatoriaus-viksrai-su-grandine\/","title":{"rendered":"Lietotas Volvo ekskavatora sliedes ar \u0137\u0113di"},"content":{"rendered":"<p>Lietotas Volvo EC210BLC ekskavatora sliedes ar \u0137\u0113di <br \/>Gads: 2003<br \/>Ra\u017eot\u0101ja rezerves da\u013cas numuri:<br \/>Slie\u017eu ce\u013ca bloks: VOE14506689<br \/>Slie\u017eu \u0137\u0113de: VOE14701017<br \/>Slie\u017eu ce\u013ca kurpe:VOE14663691<br \/>Lielas iztur\u012bbas t\u0113rauda k\u0101pur\u0137\u0113des ar \u0137\u0113des posmiem, ide\u0101li piem\u0113rotas nel\u012bdzenam apvidum<br \/>Izstr\u0101d\u0101tas \u012bpa\u0161i Volvo EC210BLC, nodro\u0161inot stabilit\u0101tes un vilces l\u012bdzsvaru.<br \/>Iztur\u012bgs \u0137\u0113des mezgls, kas konstru\u0113ts past\u0101v\u012bgai veiktsp\u0113jai sare\u017e\u0123\u012btos darba vietas apst\u0101k\u013cos<\/p>\n","protected":false},"excerpt":{"rendered":"<p>Cena bez PVN<\/p>\n<p>Ra\u017eot\u0101js:VOLVO<br \/>Modelis:EC210BLC0021<br \/>Zvans:<a href=\"tel:+37060842988\">+37060842988<\/a><br \/>E-pasts: <a href=\"mailto:usedparts@kasima3.bcapps.lt\">usedparts@kasima3.bcapps.lt<\/a><\/p>\n","protected":false},"featured_media":31457,"template":"","meta":{"_et_pb_use_builder":"","_et_pb_old_content":"","_et_gb_content_width":""},"product_brand":[],"product_cat":[398,318,452],"product_tag":[],"class_list":{"0":"post-31481","1":"product","2":"type-product","3":"status-publish","4":"has-post-thumbnail","6":"product_cat-volvo-dalas","7":"product_cat-lietotas-detalas","8":"product_cat-celtniecibas-tehnikas-dalas","10":"first","11":"instock","12":"taxable","13":"shipping-taxable","14":"purchasable","15":"product-type-simple"},"_links":{"self":[{"href":"https:\/\/kasima3.bcapps.lt\/lv\/wp-json\/wp\/v2\/product\/31481","targetHints":{"allow":["GET"]}}],"collection":[{"href":"https:\/\/kasima3.bcapps.lt\/lv\/wp-json\/wp\/v2\/product"}],"about":[{"href":"https:\/\/kasima3.bcapps.lt\/lv\/wp-json\/wp\/v2\/types\/product"}],"wp:featuredmedia":[{"embeddable":true,"href":"https:\/\/kasima3.bcapps.lt\/lv\/wp-json\/wp\/v2\/media\/31457"}],"wp:attachment":[{"href":"https:\/\/kasima3.bcapps.lt\/lv\/wp-json\/wp\/v2\/media?parent=31481"}],"wp:term":[{"taxonomy":"product_brand","embeddable":true,"href":"https:\/\/kasima3.bcapps.lt\/lv\/wp-json\/wp\/v2\/product_brand?post=31481"},{"taxonomy":"product_cat","embeddable":true,"href":"https:\/\/kasima3.bcapps.lt\/lv\/wp-json\/wp\/v2\/product_cat?post=31481"},{"taxonomy":"product_tag","embeddable":true,"href":"https:\/\/kasima3.bcapps.lt\/lv\/wp-json\/wp\/v2\/product_tag?post=31481"}],"curies":[{"name":"wp","href":"https:\/\/api.w.org\/{rel}","templated":true}]}}