{"id":31507,"date":"2024-11-12T09:35:31","date_gmt":"2024-11-12T09:35:31","guid":{"rendered":"https:\/\/kasima.lt\/produktas\/naudota-jcb-kabina\/"},"modified":"2025-10-29T08:33:13","modified_gmt":"2025-10-29T08:33:13","slug":"naudota-jcb-kabina","status":"publish","type":"product","link":"https:\/\/kasima3.bcapps.lt\/lv\/produktas\/naudota-jcb-kabina\/","title":{"rendered":"Lietota JCB kab\u012bne"},"content":{"rendered":"<p>Lietota JCB JS130LC kab\u012bne <br \/>Gads: 2006<br \/>Ra\u017eot\u0101ja da\u013cas numurs: 335\/03322<br \/>Lieli logi optim\u0101lai redzam\u012bbai darba viet\u0101s<br \/>Izgatavota ar r\u016bpn\u012bc\u0101 uzst\u0101d\u012btu ROPS (apg\u0101\u0161an\u0101s aizsargkonstrukciju) operatora aizsardz\u012bbai<\/p>\n","protected":false},"excerpt":{"rendered":"<p>Cena bez PVN<\/p>\n<p>Ra\u017eot\u0101js:JCB<br \/>Modelis:JS130LC0002<br \/>Zvans:<a href=\"tel:+37060842988\">+37060842988<\/a><br \/>E-pasts: <a href=\"mailto:usedparts@kasima3.bcapps.lt\">usedparts@kasima3.bcapps.lt<\/a><\/p>\n","protected":false},"featured_media":57051,"template":"","meta":{"_et_pb_use_builder":"","_et_pb_old_content":"","_et_gb_content_width":""},"product_brand":[],"product_cat":[443,318,452],"product_tag":[],"class_list":{"0":"post-31507","1":"product","2":"type-product","3":"status-publish","4":"has-post-thumbnail","6":"product_cat-jcb-dalas","7":"product_cat-lietotas-detalas","8":"product_cat-celtniecibas-tehnikas-dalas","10":"first","11":"instock","12":"taxable","13":"shipping-taxable","14":"purchasable","15":"product-type-simple"},"_links":{"self":[{"href":"https:\/\/kasima3.bcapps.lt\/lv\/wp-json\/wp\/v2\/product\/31507","targetHints":{"allow":["GET"]}}],"collection":[{"href":"https:\/\/kasima3.bcapps.lt\/lv\/wp-json\/wp\/v2\/product"}],"about":[{"href":"https:\/\/kasima3.bcapps.lt\/lv\/wp-json\/wp\/v2\/types\/product"}],"wp:featuredmedia":[{"embeddable":true,"href":"https:\/\/kasima3.bcapps.lt\/lv\/wp-json\/wp\/v2\/media\/57051"}],"wp:attachment":[{"href":"https:\/\/kasima3.bcapps.lt\/lv\/wp-json\/wp\/v2\/media?parent=31507"}],"wp:term":[{"taxonomy":"product_brand","embeddable":true,"href":"https:\/\/kasima3.bcapps.lt\/lv\/wp-json\/wp\/v2\/product_brand?post=31507"},{"taxonomy":"product_cat","embeddable":true,"href":"https:\/\/kasima3.bcapps.lt\/lv\/wp-json\/wp\/v2\/product_cat?post=31507"},{"taxonomy":"product_tag","embeddable":true,"href":"https:\/\/kasima3.bcapps.lt\/lv\/wp-json\/wp\/v2\/product_tag?post=31507"}],"curies":[{"name":"wp","href":"https:\/\/api.w.org\/{rel}","templated":true}]}}