{"id":31548,"date":"2024-11-12T13:16:43","date_gmt":"2024-11-12T13:16:43","guid":{"rendered":"https:\/\/kasima.lt\/produktas\/naudotas-atlas-kauso-hidraulinis-cilindras\/"},"modified":"2025-10-29T08:33:13","modified_gmt":"2025-10-29T08:33:13","slug":"naudotas-atlas-kauso-hidraulinis-cilindras","status":"publish","type":"product","link":"https:\/\/kasima3.bcapps.lt\/lv\/produktas\/naudotas-atlas-kauso-hidraulinis-cilindras\/","title":{"rendered":"Lietots kausa hidrauliskais cilindrs priek\u0161 Atlas"},"content":{"rendered":"<p>Lietots kausa hidrauliskais cilindrs priek\u0161 Atlas 1604<br \/>Gads: 2003<br \/>Cilindra numurs: 3097987 \/ 200249 02<br \/>Lietots, piln\u012bb\u0101 funkcion\u0113jo\u0161s, ar tipisku nolietojumu<br \/>Kontrol\u0113 kausa kust\u012bbu pacel\u0161anai, rak\u0161anai un izg\u0101\u0161anai.<br \/>Izgatavots, lai iztur\u0113tu augstu spiedienu, ide\u0101li piem\u0113rots stingr\u0101m darba vietas pras\u012bb\u0101m.<br \/>Sader\u012bgs ar Atlas ekskavatoru mode\u013ciem, tostarp Atlas 1504, 1304 un atsevi\u0161\u0137iem Atlas 1704 variantiem.<\/p>\n","protected":false},"excerpt":{"rendered":"<p>Cena bez PVN<\/p>\n<p>Ra\u017eot\u0101js:ATLAS<br \/>Modelis: AT16040009<br \/>Zvans:<a href=\"tel:+37060842988\">+37060842988<\/a><br \/>E-pasts: <a href=\"mailto:usedparts@kasima3.bcapps.lt\">usedparts@kasima3.bcapps.lt<\/a><\/p>\n","protected":false},"featured_media":31534,"template":"","meta":{"_et_pb_use_builder":"","_et_pb_old_content":"","_et_gb_content_width":""},"product_brand":[],"product_cat":[484,318,452],"product_tag":[],"class_list":{"0":"post-31548","1":"product","2":"type-product","3":"status-publish","4":"has-post-thumbnail","6":"product_cat-atlas-dalas","7":"product_cat-lietotas-detalas","8":"product_cat-celtniecibas-tehnikas-dalas","10":"first","11":"instock","12":"taxable","13":"shipping-taxable","14":"purchasable","15":"product-type-simple"},"_links":{"self":[{"href":"https:\/\/kasima3.bcapps.lt\/lv\/wp-json\/wp\/v2\/product\/31548","targetHints":{"allow":["GET"]}}],"collection":[{"href":"https:\/\/kasima3.bcapps.lt\/lv\/wp-json\/wp\/v2\/product"}],"about":[{"href":"https:\/\/kasima3.bcapps.lt\/lv\/wp-json\/wp\/v2\/types\/product"}],"wp:featuredmedia":[{"embeddable":true,"href":"https:\/\/kasima3.bcapps.lt\/lv\/wp-json\/wp\/v2\/media\/31534"}],"wp:attachment":[{"href":"https:\/\/kasima3.bcapps.lt\/lv\/wp-json\/wp\/v2\/media?parent=31548"}],"wp:term":[{"taxonomy":"product_brand","embeddable":true,"href":"https:\/\/kasima3.bcapps.lt\/lv\/wp-json\/wp\/v2\/product_brand?post=31548"},{"taxonomy":"product_cat","embeddable":true,"href":"https:\/\/kasima3.bcapps.lt\/lv\/wp-json\/wp\/v2\/product_cat?post=31548"},{"taxonomy":"product_tag","embeddable":true,"href":"https:\/\/kasima3.bcapps.lt\/lv\/wp-json\/wp\/v2\/product_tag?post=31548"}],"curies":[{"name":"wp","href":"https:\/\/api.w.org\/{rel}","templated":true}]}}