{"id":31588,"date":"2024-11-14T07:23:18","date_gmt":"2024-11-14T07:23:18","guid":{"rendered":"https:\/\/kasima.lt\/produktas\/naudoti-jcb-viksrai-su-grandine\/"},"modified":"2025-10-29T08:33:14","modified_gmt":"2025-10-29T08:33:14","slug":"naudoti-jcb-viksrai-su-grandine","status":"publish","type":"product","link":"https:\/\/kasima3.bcapps.lt\/lv\/produktas\/naudoti-jcb-viksrai-su-grandine\/","title":{"rendered":"Lietotas sliedes ar \u0137\u0113di JCB"},"content":{"rendered":"<p>NaLietotas k\u0101pur\u0137\u0113des ar \u0137\u0113di no JCB JS130LC<br \/>P\u0101rdo\u0161an\u0101 ir pieejamas lietotas k\u0101pur\u0137\u0113des ar \u0137\u0113di, kas ir sader\u012bgas ar da\u017e\u0101diem JCB ekskavatoru mode\u013ciem. \u0160ie komponenti nodro\u0161ina stabilu vilkmi, iztur\u012bbu un ir b\u016btiski, lai uztur\u0113tu stabilu kust\u012bbu sare\u017e\u0123\u012bt\u0101s darba viet\u0101s.<br \/>Gads: 2006<br \/>Deta\u013cu numuri<br \/>333\/J9380 &#8211; k\u0101pur\u0137\u0113\u017eu bloks, kas paredz\u0113ts iztur\u012bbai un optim\u0101lai sa\u0137erei uz da\u017e\u0101diem reljefiem.<br \/>331\/49842 &#8211; k\u0101pur\u0137\u0113des \u0137\u0113des posms, nodro\u0161ina stabilu savienojumu starp k\u0101pur\u0137\u0113d\u0113m.<br \/>333\/J9380 &#8211; 700 mm pastiprin\u0101ta slie\u017eu ce\u013ca kurpe, iztur\u012bga konstrukcija, kas pagarina kalpo\u0161anas laiku.<br \/>331\/62410 &#8211; k\u0101pur\u0137\u0113\u017eu bloks, sader\u012bgs ar JCB rito\u0161o da\u013cu, nodro\u0161ina l\u012bdzsvarotu atbalstu un sa\u0137eri.     <\/p>\n","protected":false},"excerpt":{"rendered":"<p>Cena bez PVN<\/p>\n<p>Ra\u017eot\u0101js:JCB<br \/>Modelis: JS130LC0004<br \/>Zvans:<a href=\"tel:+37060842988\">+37060842988<\/a><br \/>E-pasts: <a href=\"mailto:usedparts@kasima3.bcapps.lt\">usedparts@kasima3.bcapps.lt<\/a><\/p>\n","protected":false},"featured_media":31559,"template":"","meta":{"_et_pb_use_builder":"","_et_pb_old_content":"","_et_gb_content_width":""},"product_brand":[],"product_cat":[443,318,452],"product_tag":[],"class_list":{"0":"post-31588","1":"product","2":"type-product","3":"status-publish","4":"has-post-thumbnail","6":"product_cat-jcb-dalas","7":"product_cat-lietotas-detalas","8":"product_cat-celtniecibas-tehnikas-dalas","10":"first","11":"instock","12":"taxable","13":"shipping-taxable","14":"purchasable","15":"product-type-simple"},"_links":{"self":[{"href":"https:\/\/kasima3.bcapps.lt\/lv\/wp-json\/wp\/v2\/product\/31588","targetHints":{"allow":["GET"]}}],"collection":[{"href":"https:\/\/kasima3.bcapps.lt\/lv\/wp-json\/wp\/v2\/product"}],"about":[{"href":"https:\/\/kasima3.bcapps.lt\/lv\/wp-json\/wp\/v2\/types\/product"}],"wp:featuredmedia":[{"embeddable":true,"href":"https:\/\/kasima3.bcapps.lt\/lv\/wp-json\/wp\/v2\/media\/31559"}],"wp:attachment":[{"href":"https:\/\/kasima3.bcapps.lt\/lv\/wp-json\/wp\/v2\/media?parent=31588"}],"wp:term":[{"taxonomy":"product_brand","embeddable":true,"href":"https:\/\/kasima3.bcapps.lt\/lv\/wp-json\/wp\/v2\/product_brand?post=31588"},{"taxonomy":"product_cat","embeddable":true,"href":"https:\/\/kasima3.bcapps.lt\/lv\/wp-json\/wp\/v2\/product_cat?post=31588"},{"taxonomy":"product_tag","embeddable":true,"href":"https:\/\/kasima3.bcapps.lt\/lv\/wp-json\/wp\/v2\/product_tag?post=31588"}],"curies":[{"name":"wp","href":"https:\/\/api.w.org\/{rel}","templated":true}]}}