{"id":31663,"date":"2024-11-15T08:31:59","date_gmt":"2024-11-15T08:31:59","guid":{"rendered":"https:\/\/kasima.lt\/produktas\/linde-valdymo-blokas-atlas-ekskavatoriams\/"},"modified":"2025-10-29T08:33:14","modified_gmt":"2025-10-29T08:33:14","slug":"linde-valdymo-blokas-atlas-ekskavatoriams","status":"publish","type":"product","link":"https:\/\/kasima3.bcapps.lt\/lv\/produktas\/linde-valdymo-blokas-atlas-ekskavatoriams\/","title":{"rendered":"Linde vad\u012bbas bloks Atlas ekskavatoriem"},"content":{"rendered":"<p>Lietota Linde H2X695P CEB-12\/10 ZD elektronisk\u0101 k\u0101rba no Atlas 1604<br \/>Linde CEB-12\/10 ZD elektroniskais bloks tiek izmantots da\u017e\u0101du hidraulisko un elektronisko sist\u0113mu vad\u012bbas funkcij\u0101m.<br \/>Ra\u017eot\u0101js: Linde<br \/>Modelis:H2X695P, CEB-12\/10 ZD<br \/>Lietota, piln\u012bb\u0101 funkcion\u0113jo\u0161a<br \/>Ori\u0123in\u0101ls aizst\u0101j\u0113js Atlas 1604 un, iesp\u0113jams, citiem mode\u013ciem, kuros izmanto Linde elektronisk\u0101s vad\u012bbas sist\u0113mas.<\/p>\n","protected":false},"excerpt":{"rendered":"<p>Cena bez PVN<\/p>\n<p>Ra\u017eot\u0101js: LINDE<br \/>Modelis: AT16040019<br \/>Izsaukums: <a href=\"tel:+37060842988\">+37060842988<\/a><br \/>E-pasts: <a href=\"mailto:usedparts@kasima3.bcapps.lt\">usedparts@kasima3.bcapps.lt <\/a><\/p>\n","protected":false},"featured_media":31654,"template":"","meta":{"_et_pb_use_builder":"","_et_pb_old_content":"","_et_gb_content_width":""},"product_brand":[],"product_cat":[484],"product_tag":[],"class_list":{"0":"post-31663","1":"product","2":"type-product","3":"status-publish","4":"has-post-thumbnail","6":"product_cat-atlas-dalas","8":"first","9":"instock","10":"taxable","11":"shipping-taxable","12":"purchasable","13":"product-type-simple"},"_links":{"self":[{"href":"https:\/\/kasima3.bcapps.lt\/lv\/wp-json\/wp\/v2\/product\/31663","targetHints":{"allow":["GET"]}}],"collection":[{"href":"https:\/\/kasima3.bcapps.lt\/lv\/wp-json\/wp\/v2\/product"}],"about":[{"href":"https:\/\/kasima3.bcapps.lt\/lv\/wp-json\/wp\/v2\/types\/product"}],"wp:featuredmedia":[{"embeddable":true,"href":"https:\/\/kasima3.bcapps.lt\/lv\/wp-json\/wp\/v2\/media\/31654"}],"wp:attachment":[{"href":"https:\/\/kasima3.bcapps.lt\/lv\/wp-json\/wp\/v2\/media?parent=31663"}],"wp:term":[{"taxonomy":"product_brand","embeddable":true,"href":"https:\/\/kasima3.bcapps.lt\/lv\/wp-json\/wp\/v2\/product_brand?post=31663"},{"taxonomy":"product_cat","embeddable":true,"href":"https:\/\/kasima3.bcapps.lt\/lv\/wp-json\/wp\/v2\/product_cat?post=31663"},{"taxonomy":"product_tag","embeddable":true,"href":"https:\/\/kasima3.bcapps.lt\/lv\/wp-json\/wp\/v2\/product_tag?post=31663"}],"curies":[{"name":"wp","href":"https:\/\/api.w.org\/{rel}","templated":true}]}}