{"id":31685,"date":"2024-11-19T08:47:04","date_gmt":"2024-11-19T08:47:04","guid":{"rendered":"https:\/\/kasima.lt\/produktas\/trelleborg-sk-900-14-17-5-14p-r-nhs-padanga-su-ratlankiu\/"},"modified":"2025-10-29T08:33:14","modified_gmt":"2025-10-29T08:33:14","slug":"trelleborg-sk-900-14-17-5-14p-r-nhs-padanga-su-ratlankiu","status":"publish","type":"product","link":"https:\/\/kasima3.bcapps.lt\/lv\/produktas\/trelleborg-sk-900-14-17-5-14p-r-nhs-padanga-su-ratlankiu\/","title":{"rendered":"Trelleborg SK-900 14-17.5 14P.R. NHS riepa ar disku"},"content":{"rendered":"<p>Trelleborg SK-900 14-17.5 14P.R. NHS riepa ar disku Bobcat<br \/>\u0160\u012b Trelleborg SK-900 riepa kop\u0101 ar loka disku ir paredz\u0113ta lieto\u0161anai Bobcat sl\u012bdkr\u0101v\u0113ju iekr\u0101v\u0113ji un cit\u0101s sader\u012bg\u0101s ma\u0161\u012bn\u0101s. \u0160\u012b riepa ir paz\u012bstama ar savu iztur\u012bbu un augstas veiktsp\u0113jas konstrukciju, kas nodro\u0161ina uzticamu vilci un ilgm\u016b\u017e\u012bbu sare\u017e\u0123\u012bt\u0101s vid\u0113s.<br \/>Z\u012bmols: Trelleborg<br \/>Modelis: SK-900<br \/>Riepas izm\u0113rs: 14-17.5<br \/>\u0160\u0137iedru klase: 14P.R. (14 k\u0101rtu konstrukcija papildu iztur\u012bbai)<br \/>Tips: NHS (riepa, kas nav paredz\u0113ta automa\u0123istr\u0101l\u0113m)<br \/>Lietota, ar labu protektora dzi\u013cumu, ieskaitot loka disku.<br \/>Piem\u0113rots Bobcat sl\u012bdkr\u0101pjiem un cit\u0101m ma\u0161\u012bn\u0101m, kas izmanto \u0161\u0101da izm\u0113ra riepas.       <\/p>\n","protected":false},"excerpt":{"rendered":"<p>Cena bez PVN<\/p>\n<p>Ra\u017eot\u0101js: TRELLEBORG<br \/>Modelis: KND0077<br \/>Izsaukums: <a href=\"tel:+37060842988\">+37060842988<\/a><br \/>E-pasts: <a href=\"mailto:usedparts@kasima3.bcapps.lt\">usedparts@kasima3.bcapps.lt <\/a><\/p>\n","protected":false},"featured_media":31676,"template":"","meta":{"_et_pb_use_builder":"","_et_pb_old_content":"","_et_gb_content_width":""},"product_brand":[],"product_cat":[407,318,452],"product_tag":[],"class_list":{"0":"post-31685","1":"product","2":"type-product","3":"status-publish","4":"has-post-thumbnail","6":"product_cat-bobcat-dalas","7":"product_cat-lietotas-detalas","8":"product_cat-celtniecibas-tehnikas-dalas","10":"first","11":"instock","12":"taxable","13":"shipping-taxable","14":"purchasable","15":"product-type-simple"},"_links":{"self":[{"href":"https:\/\/kasima3.bcapps.lt\/lv\/wp-json\/wp\/v2\/product\/31685","targetHints":{"allow":["GET"]}}],"collection":[{"href":"https:\/\/kasima3.bcapps.lt\/lv\/wp-json\/wp\/v2\/product"}],"about":[{"href":"https:\/\/kasima3.bcapps.lt\/lv\/wp-json\/wp\/v2\/types\/product"}],"wp:featuredmedia":[{"embeddable":true,"href":"https:\/\/kasima3.bcapps.lt\/lv\/wp-json\/wp\/v2\/media\/31676"}],"wp:attachment":[{"href":"https:\/\/kasima3.bcapps.lt\/lv\/wp-json\/wp\/v2\/media?parent=31685"}],"wp:term":[{"taxonomy":"product_brand","embeddable":true,"href":"https:\/\/kasima3.bcapps.lt\/lv\/wp-json\/wp\/v2\/product_brand?post=31685"},{"taxonomy":"product_cat","embeddable":true,"href":"https:\/\/kasima3.bcapps.lt\/lv\/wp-json\/wp\/v2\/product_cat?post=31685"},{"taxonomy":"product_tag","embeddable":true,"href":"https:\/\/kasima3.bcapps.lt\/lv\/wp-json\/wp\/v2\/product_tag?post=31685"}],"curies":[{"name":"wp","href":"https:\/\/api.w.org\/{rel}","templated":true}]}}