{"id":31692,"date":"2024-11-19T13:21:53","date_gmt":"2024-11-19T13:21:53","guid":{"rendered":"https:\/\/kasima.lt\/produktas\/naudotos-volvo-d6deje2-variklio-dalys\/"},"modified":"2025-10-29T08:33:14","modified_gmt":"2025-10-29T08:33:14","slug":"naudotos-volvo-d6deje2-variklio-dalys","status":"publish","type":"product","link":"https:\/\/kasima3.bcapps.lt\/lv\/produktas\/naudotos-volvo-d6deje2-variklio-dalys\/","title":{"rendered":"Lietotas Volvo D6DEJE2 dzin\u0113ja da\u013cas"},"content":{"rendered":"<p>Lietotas Volvo D6DEJE2 dzin\u0113ja da\u013cas p\u0101rdo\u0161anai <br \/>Dzin\u0113ja kods: VOE14377636<br \/>M\u0113s pied\u0101v\u0101jam lietotas Volvo D6DEJE2 dzin\u0113ja da\u013cas (2003, 110 kW). Visas deta\u013cas ir ori\u0123in\u0101l\u0101s Volvo deta\u013cas, kas nodro\u0161ina atbilst\u012bbu un veiktsp\u0113ju. Izt\u012br\u012btas un p\u0101rbaud\u012btas, lai nodro\u0161in\u0101tu to atbilst\u012bbu nepiecie\u0161amajiem veiktsp\u0113jas standartiem j\u016bsu Volvo D6DEJE2 dzin\u0113jam. M\u0113s garant\u0113jam katras deta\u013cas kvalit\u0101ti un p\u0113c piepras\u012bjuma sniedzam detaliz\u0113tus fotoatt\u0113lus un aprakstus.<br \/>M\u0113s pieg\u0101d\u0101jam vis\u0101 pasaul\u0113, nodro\u0161inot, ka j\u016bs sa\u0146emat nepiecie\u0161am\u0101s deta\u013cas, lai kur j\u016bs atrastos.<br \/>Pieejam\u0101s lietotas dzin\u0113ja da\u013cas:<br \/>VOE20460075: Degvielas iesmidzin\u0101t\u0101js <br \/>VOE14377289: Gaisa kompresors <br \/>VOE20515585: turbokompresora gaisa iepl\u016bdes atvere.<br \/>VOE20747867: Dzin\u0113ja galva <br \/>VOE21351400: sadales v\u0101rpsta .<br \/>VOE2050502005: klo\u0137v\u0101rpsta<br \/>VOE20459041: Starteris <br \/>VOE20459152: skriemelis <br \/>VOE22442987:Zobratu s\u016bknis <br \/>VOE20496558: iepl\u016bdes kolektors<br \/>VOE20459831: Venti\u013cu v\u0101ks <br \/>VOE20459129: Sparararats <br \/>VOE20851091: savienot\u0101jstienis <br \/>VOE17204355: Alternators<br \/>VOE21018780: spararata korpuss <br \/>VOE21044436: spararata korpuss <br \/>VOE20459863: Ventilatora skriemelis <br \/>VOE20511773:Motora e\u013c\u013cas dzes\u0113t\u0101js        <\/p>\n","protected":false},"excerpt":{"rendered":"<p>Cena bez PVN<\/p>\n<p>Ra\u017eot\u0101js:VOLVO<br \/>Modelis:D6DEJE2<br \/>Zvan\u012bt: <a href=\"tel:+37060842988\">+37060842988<\/a><br \/>E-pasts: <a href=\"mailto:usedparts@kasima3.bcapps.lt\">usedparts@kasima3.bcapps.lt <\/a><\/p>\n","protected":false},"featured_media":22611,"template":"","meta":{"_et_pb_use_builder":"","_et_pb_old_content":"","_et_gb_content_width":""},"product_brand":[],"product_cat":[398,339,318,452],"product_tag":[],"class_list":{"0":"post-31692","1":"product","2":"type-product","3":"status-publish","4":"has-post-thumbnail","6":"product_cat-volvo-dalas","7":"product_cat-uncategorized-lv","8":"product_cat-lietotas-detalas","9":"product_cat-celtniecibas-tehnikas-dalas","11":"first","12":"instock","13":"taxable","14":"shipping-taxable","15":"product-type-simple"},"_links":{"self":[{"href":"https:\/\/kasima3.bcapps.lt\/lv\/wp-json\/wp\/v2\/product\/31692","targetHints":{"allow":["GET"]}}],"collection":[{"href":"https:\/\/kasima3.bcapps.lt\/lv\/wp-json\/wp\/v2\/product"}],"about":[{"href":"https:\/\/kasima3.bcapps.lt\/lv\/wp-json\/wp\/v2\/types\/product"}],"wp:featuredmedia":[{"embeddable":true,"href":"https:\/\/kasima3.bcapps.lt\/lv\/wp-json\/wp\/v2\/media\/22611"}],"wp:attachment":[{"href":"https:\/\/kasima3.bcapps.lt\/lv\/wp-json\/wp\/v2\/media?parent=31692"}],"wp:term":[{"taxonomy":"product_brand","embeddable":true,"href":"https:\/\/kasima3.bcapps.lt\/lv\/wp-json\/wp\/v2\/product_brand?post=31692"},{"taxonomy":"product_cat","embeddable":true,"href":"https:\/\/kasima3.bcapps.lt\/lv\/wp-json\/wp\/v2\/product_cat?post=31692"},{"taxonomy":"product_tag","embeddable":true,"href":"https:\/\/kasima3.bcapps.lt\/lv\/wp-json\/wp\/v2\/product_tag?post=31692"}],"curies":[{"name":"wp","href":"https:\/\/api.w.org\/{rel}","templated":true}]}}