{"id":31713,"date":"2024-11-20T13:19:28","date_gmt":"2024-11-20T13:19:28","guid":{"rendered":"https:\/\/kasima.lt\/produktas\/naudotos-komatsu-ventiliatoriaus-apsaugos\/"},"modified":"2025-10-29T08:33:15","modified_gmt":"2025-10-29T08:33:15","slug":"naudotos-komatsu-ventiliatoriaus-apsaugos","status":"publish","type":"product","link":"https:\/\/kasima3.bcapps.lt\/lv\/produktas\/naudotos-komatsu-ventiliatoriaus-apsaugos\/","title":{"rendered":"Lietoti Komatsu ventilatoru aizsargi"},"content":{"rendered":"<p>Lietoti Komatsu PW160 ventilatoru aizsargi <br \/>Ma\u0161\u012bnas modelis: Komatsu PW160-7<br \/>Deta\u013cu numuri: 20G-03-31613, 20G-03-31623<br \/>Gads: 2007<br \/>Pied\u0101v\u0101jam lietotus ventilatoru aizsargus rite\u0146ekskavatoram Komatsu PW160, rezerves da\u013cas numuri 20G-03-31613 un 20G-03-31623, kas no\u0146emti no 2007. gada mode\u013ca. \u0160ie ventilatoru aizsargi ir lab\u0101 st\u0101vokl\u012b, nodro\u0161inot dzin\u0113ja dzes\u0113\u0161anas sist\u0113mas aizsardz\u012bbu pret gru\u017eiem un boj\u0101jumiem.<br \/>Deta\u013cu numuri:<br \/>20G-03-31613 (ventilatora aizsargs, kreis\u0101 puse).<br \/>20G-03-31623 (ventilatora aizsargs, labaj\u0101 pus\u0113)<br \/>Aizsarg\u0101 radiatoru un ventilatora sast\u0101vda\u013cas no \u0101r\u0113jiem boj\u0101jumiem, nodro\u0161inot efekt\u012bvu j\u016bsu iek\u0101rtas dzes\u0113\u0161anu.   <\/p>\n","protected":false},"excerpt":{"rendered":"<p>Cena bez PVN<\/p>\n<p>Ra\u017eot\u0101js:KOMATSU<br \/>Modelis:PW16070089 <br \/>Zvans: <a href=\"tel:+37060842988\">+37060842988<\/a><br \/>E-pasts: <a href=\"mailto:usedparts@kasima3.bcapps.lt\">usedparts@kasima3.bcapps.lt <\/a><\/p>\n","protected":false},"featured_media":31704,"template":"","meta":{"_et_pb_use_builder":"","_et_pb_old_content":"","_et_gb_content_width":""},"product_brand":[],"product_cat":[339],"product_tag":[],"class_list":{"0":"post-31713","1":"product","2":"type-product","3":"status-publish","4":"has-post-thumbnail","6":"product_cat-uncategorized-lv","8":"first","9":"instock","10":"taxable","11":"shipping-taxable","12":"purchasable","13":"product-type-simple"},"_links":{"self":[{"href":"https:\/\/kasima3.bcapps.lt\/lv\/wp-json\/wp\/v2\/product\/31713","targetHints":{"allow":["GET"]}}],"collection":[{"href":"https:\/\/kasima3.bcapps.lt\/lv\/wp-json\/wp\/v2\/product"}],"about":[{"href":"https:\/\/kasima3.bcapps.lt\/lv\/wp-json\/wp\/v2\/types\/product"}],"wp:featuredmedia":[{"embeddable":true,"href":"https:\/\/kasima3.bcapps.lt\/lv\/wp-json\/wp\/v2\/media\/31704"}],"wp:attachment":[{"href":"https:\/\/kasima3.bcapps.lt\/lv\/wp-json\/wp\/v2\/media?parent=31713"}],"wp:term":[{"taxonomy":"product_brand","embeddable":true,"href":"https:\/\/kasima3.bcapps.lt\/lv\/wp-json\/wp\/v2\/product_brand?post=31713"},{"taxonomy":"product_cat","embeddable":true,"href":"https:\/\/kasima3.bcapps.lt\/lv\/wp-json\/wp\/v2\/product_cat?post=31713"},{"taxonomy":"product_tag","embeddable":true,"href":"https:\/\/kasima3.bcapps.lt\/lv\/wp-json\/wp\/v2\/product_tag?post=31713"}],"curies":[{"name":"wp","href":"https:\/\/api.w.org\/{rel}","templated":true}]}}