{"id":31733,"date":"2024-11-20T13:54:00","date_gmt":"2024-11-20T13:54:00","guid":{"rendered":"https:\/\/kasima.lt\/produktas\/naudoti-komatsu-voztuvai-uzraktai-su-vamzdziais\/"},"modified":"2025-10-29T08:33:15","modified_gmt":"2025-10-29T08:33:15","slug":"naudoti-komatsu-voztuvai-uzraktai-su-vamzdziais","status":"publish","type":"product","link":"https:\/\/kasima3.bcapps.lt\/lv\/produktas\/naudoti-komatsu-voztuvai-uzraktai-su-vamzdziais\/","title":{"rendered":"Lietoti Komatsu v\u0101rsti\/v\u0101rsti ar caurul\u0113m"},"content":{"rendered":"<p>Lietoti hidrauliskie v\u0101rsti\/v\u0101rsti ar caurul\u0113m priek\u0161 Komatsu PW160 (2007)<br \/>Deta\u013cu numuri:<br \/>20G-70-33910 (hidrauliskais v\u0101rsts\/aizvars).<br \/>20G-62-34510 (hidraulisk\u0101 caurule)<br \/>20G-70-33890 (hidrauliskais v\u0101rsts\/aizvars)<br \/>20G-62-34480 (hidraulisk\u0101 caurule)<br \/>Gads: 2007<br \/>Pied\u0101v\u0101jam lietotu hidraulisko v\u0101rstu\/aizsl\u0113gu komplektu ar caurul\u0113m, kas no\u0146emti no Komatsu PW160 rite\u0146ekskavatora (2007). \u0160\u012bs deta\u013cas ir teicam\u0101 darba st\u0101vokl\u012b, r\u016bp\u012bgi p\u0101rbaud\u012btas, lai atbilstu ekspluat\u0101cijas pras\u012bb\u0101m.<br \/> Lietotas, bet piln\u012bb\u0101 darbsp\u0113j\u012bgas, p\u0101rbaud\u012bta to funkcionalit\u0101te.<br \/>20G-70-33910 &amp; 20G-70-33890: Hidrauliskie v\u0101rsti\/v\u0101rsti, kas paredz\u0113ti pl\u016bsmas kontrolei un sist\u0113mas spiediena regul\u0113\u0161anai.<br \/>20G-62-34510 &amp; 20G-62-34480: hidraulisk\u0101s caurules, kas ir sader\u012bgas ar Komatsu PW160, nodro\u0161inot efekt\u012bvu \u0161\u0137idruma p\u0101rvadi.<br \/>Neat\u0146emama hidraulisko sist\u0113mu uztur\u0113\u0161anai un kontrolei b\u016bvniec\u012bbas un rak\u0161anas darbos.     <\/p>\n","protected":false},"excerpt":{"rendered":"<p>Cena bez PVN<\/p>\n<p>Ra\u017eot\u0101js:KOMATSU<br \/>Modelis:PW16070090<br \/>Izsaukums: <a href=\"tel:+37060842988\">+37060842988<\/a><br \/>E-pasts: <a href=\"mailto:usedparts@kasima3.bcapps.lt\">usedparts@kasima3.bcapps.lt <\/a><\/p>\n","protected":false},"featured_media":31729,"template":"","meta":{"_et_pb_use_builder":"","_et_pb_old_content":"","_et_gb_content_width":""},"product_brand":[],"product_cat":[339],"product_tag":[],"class_list":{"0":"post-31733","1":"product","2":"type-product","3":"status-publish","4":"has-post-thumbnail","6":"product_cat-uncategorized-lv","8":"first","9":"instock","10":"taxable","11":"shipping-taxable","12":"purchasable","13":"product-type-simple"},"_links":{"self":[{"href":"https:\/\/kasima3.bcapps.lt\/lv\/wp-json\/wp\/v2\/product\/31733","targetHints":{"allow":["GET"]}}],"collection":[{"href":"https:\/\/kasima3.bcapps.lt\/lv\/wp-json\/wp\/v2\/product"}],"about":[{"href":"https:\/\/kasima3.bcapps.lt\/lv\/wp-json\/wp\/v2\/types\/product"}],"wp:featuredmedia":[{"embeddable":true,"href":"https:\/\/kasima3.bcapps.lt\/lv\/wp-json\/wp\/v2\/media\/31729"}],"wp:attachment":[{"href":"https:\/\/kasima3.bcapps.lt\/lv\/wp-json\/wp\/v2\/media?parent=31733"}],"wp:term":[{"taxonomy":"product_brand","embeddable":true,"href":"https:\/\/kasima3.bcapps.lt\/lv\/wp-json\/wp\/v2\/product_brand?post=31733"},{"taxonomy":"product_cat","embeddable":true,"href":"https:\/\/kasima3.bcapps.lt\/lv\/wp-json\/wp\/v2\/product_cat?post=31733"},{"taxonomy":"product_tag","embeddable":true,"href":"https:\/\/kasima3.bcapps.lt\/lv\/wp-json\/wp\/v2\/product_tag?post=31733"}],"curies":[{"name":"wp","href":"https:\/\/api.w.org\/{rel}","templated":true}]}}