{"id":31891,"date":"2024-11-26T13:57:29","date_gmt":"2024-11-26T13:57:29","guid":{"rendered":"https:\/\/kasima.lt\/produktas\/kauso-jungtis-is-atlas-1604\/"},"modified":"2025-10-29T08:33:15","modified_gmt":"2025-10-29T08:33:15","slug":"kauso-jungtis-is-atlas-1604","status":"publish","type":"product","link":"https:\/\/kasima3.bcapps.lt\/lv\/produktas\/kauso-jungtis-is-atlas-1604\/","title":{"rendered":"Spai\u0146a saite no Atlas 1604"},"content":{"rendered":"<p>Lietots kausa vidus posms priek\u0161 Atlas 1604<br \/>Gads: 2003<br \/>M\u0113s pied\u0101v\u0101jam lietotu kausa vidus posmu, kas no\u0146emts no ekskavatora Atlas 1604 (2003. gada modelis). <br \/>Lietots, p\u0101rbaud\u012bts un piln\u012bb\u0101 darbsp\u0113j\u012bgs.<br \/>Nav plaisu vai konstrukcijas boj\u0101jumu.<br \/>\u0160is vid\u0113jais posms ir svar\u012bgs kausa savieno\u0161anai ar roku, nodro\u0161inot stabilit\u0101ti un vienm\u0113r\u012bgu kust\u012bbu rak\u0161anas darbu laik\u0101. Lai gan tas ir no\u0146emts no \u201cAtlas 1604\u201d, tas var b\u016bt sader\u012bgs ar citiem ekskavatoru mode\u013ciem.<br \/>Speci\u0101li izstr\u0101d\u0101ts \u201cAtlas 1604\u201d, bet var b\u016bt piem\u0113rots citiem \u201cAtlas\u201d vai l\u012bdz\u012bgiem ekskavatoru mode\u013ciem (sazinieties ar mums, lai p\u0101rbaud\u012btu sader\u012bbu).<br \/>Integr\u0113ta ar kausa sakabes sist\u0113mu, nodro\u0161inot efekt\u012bvu darb\u012bbu smagu rak\u0161anas un pacel\u0161anas darbu veik\u0161anai.<br \/>Dro\u0161as un \u0101tras pieg\u0101des iesp\u0113jas ir pieejamas vis\u0101 pasaul\u0113.       <\/p>\n","protected":false},"excerpt":{"rendered":"<p>Cena bez PVN<\/p>\n<p>Ra\u017eot\u0101js: ATLAS<br \/>Modelis: AT16040021<br \/>Izsaukums: <a href=\"tel:+37060842988\">+37060842988<\/a><br \/>E-pasts: <a href=\"mailto:usedparts@kasima3.bcapps.lt\">usedparts@kasima3.bcapps.lt <\/a><\/p>\n","protected":false},"featured_media":31882,"template":"","meta":{"_et_pb_use_builder":"","_et_pb_old_content":"","_et_gb_content_width":""},"product_brand":[],"product_cat":[484,318,452],"product_tag":[],"class_list":{"0":"post-31891","1":"product","2":"type-product","3":"status-publish","4":"has-post-thumbnail","6":"product_cat-atlas-dalas","7":"product_cat-lietotas-detalas","8":"product_cat-celtniecibas-tehnikas-dalas","10":"first","11":"instock","12":"taxable","13":"shipping-taxable","14":"purchasable","15":"product-type-simple"},"_links":{"self":[{"href":"https:\/\/kasima3.bcapps.lt\/lv\/wp-json\/wp\/v2\/product\/31891","targetHints":{"allow":["GET"]}}],"collection":[{"href":"https:\/\/kasima3.bcapps.lt\/lv\/wp-json\/wp\/v2\/product"}],"about":[{"href":"https:\/\/kasima3.bcapps.lt\/lv\/wp-json\/wp\/v2\/types\/product"}],"wp:featuredmedia":[{"embeddable":true,"href":"https:\/\/kasima3.bcapps.lt\/lv\/wp-json\/wp\/v2\/media\/31882"}],"wp:attachment":[{"href":"https:\/\/kasima3.bcapps.lt\/lv\/wp-json\/wp\/v2\/media?parent=31891"}],"wp:term":[{"taxonomy":"product_brand","embeddable":true,"href":"https:\/\/kasima3.bcapps.lt\/lv\/wp-json\/wp\/v2\/product_brand?post=31891"},{"taxonomy":"product_cat","embeddable":true,"href":"https:\/\/kasima3.bcapps.lt\/lv\/wp-json\/wp\/v2\/product_cat?post=31891"},{"taxonomy":"product_tag","embeddable":true,"href":"https:\/\/kasima3.bcapps.lt\/lv\/wp-json\/wp\/v2\/product_tag?post=31891"}],"curies":[{"name":"wp","href":"https:\/\/api.w.org\/{rel}","templated":true}]}}