{"id":31911,"date":"2024-11-26T14:49:40","date_gmt":"2024-11-26T14:49:40","guid":{"rendered":"https:\/\/kasima.lt\/produktas\/kauso-jungtys-nuo-atlas-1604\/"},"modified":"2025-10-29T08:33:16","modified_gmt":"2025-10-29T08:33:16","slug":"kauso-jungtys-nuo-atlas-1604","status":"publish","type":"product","link":"https:\/\/kasima3.bcapps.lt\/lv\/produktas\/kauso-jungtys-nuo-atlas-1604\/","title":{"rendered":"Spai\u0146a saite no Atlas 1604"},"content":{"rendered":"<p>Lietotas kausa saites ekskavatoram Atlas 1604<br \/>Gads: 2003<br \/>Lietots, piln\u012bb\u0101 funkcion\u0113jo\u0161s un lab\u0101 st\u0101vokl\u012b<br \/>\u0160\u012bs saites ir neat\u0146emamas kausa sakabes sist\u0113mas sast\u0101vda\u013cas, kas nodro\u0161ina uzticamu kust\u012bbu un stabilit\u0101ti, veicot smagus rak\u0161anas darbus. Lai gan t\u0101s ir \u0146emtas no Atlas 1604, t\u0101s var b\u016bt sader\u012bgas ar citiem Atlas vai l\u012bdz\u012bgiem ekskavatoru mode\u013ciem. <\/p>\n","protected":false},"excerpt":{"rendered":"<p>Cena bez PVN<\/p>\n<p>Ra\u017eot\u0101js: ATLAS<br \/>Modelis: AT16040022<br \/>Izsaukums: <a href=\"tel:+37060842988\">+37060842988<\/a><br \/>E-pasts: <a href=\"mailto:usedparts@kasima3.bcapps.lt\">usedparts@kasima3.bcapps.lt <\/a><\/p>\n","protected":false},"featured_media":31897,"template":"","meta":{"_et_pb_use_builder":"","_et_pb_old_content":"","_et_gb_content_width":""},"product_brand":[],"product_cat":[484,318,452],"product_tag":[],"class_list":{"0":"post-31911","1":"product","2":"type-product","3":"status-publish","4":"has-post-thumbnail","6":"product_cat-atlas-dalas","7":"product_cat-lietotas-detalas","8":"product_cat-celtniecibas-tehnikas-dalas","10":"first","11":"instock","12":"taxable","13":"shipping-taxable","14":"purchasable","15":"product-type-simple"},"_links":{"self":[{"href":"https:\/\/kasima3.bcapps.lt\/lv\/wp-json\/wp\/v2\/product\/31911","targetHints":{"allow":["GET"]}}],"collection":[{"href":"https:\/\/kasima3.bcapps.lt\/lv\/wp-json\/wp\/v2\/product"}],"about":[{"href":"https:\/\/kasima3.bcapps.lt\/lv\/wp-json\/wp\/v2\/types\/product"}],"wp:featuredmedia":[{"embeddable":true,"href":"https:\/\/kasima3.bcapps.lt\/lv\/wp-json\/wp\/v2\/media\/31897"}],"wp:attachment":[{"href":"https:\/\/kasima3.bcapps.lt\/lv\/wp-json\/wp\/v2\/media?parent=31911"}],"wp:term":[{"taxonomy":"product_brand","embeddable":true,"href":"https:\/\/kasima3.bcapps.lt\/lv\/wp-json\/wp\/v2\/product_brand?post=31911"},{"taxonomy":"product_cat","embeddable":true,"href":"https:\/\/kasima3.bcapps.lt\/lv\/wp-json\/wp\/v2\/product_cat?post=31911"},{"taxonomy":"product_tag","embeddable":true,"href":"https:\/\/kasima3.bcapps.lt\/lv\/wp-json\/wp\/v2\/product_tag?post=31911"}],"curies":[{"name":"wp","href":"https:\/\/api.w.org\/{rel}","templated":true}]}}