{"id":32060,"date":"2024-12-04T11:36:24","date_gmt":"2024-12-04T11:36:24","guid":{"rendered":"https:\/\/kasima.lt\/produktas\/ekskavatoriaus-atlas-1604-strele\/"},"modified":"2025-10-29T08:33:16","modified_gmt":"2025-10-29T08:33:16","slug":"ekskavatoriaus-atlas-1604-strele","status":"publish","type":"product","link":"https:\/\/kasima3.bcapps.lt\/lv\/produktas\/ekskavatoriaus-atlas-1604-strele\/","title":{"rendered":"Ekskavatora roka Atlas 1604"},"content":{"rendered":"<p>M\u0113s pied\u0101v\u0101jam lietotu roku ekskavatoram Atlas 1604 (2003. gada modelis). \u0160\u012b ekskavatora roka ir lab\u0101 konstrukcijas st\u0101vokl\u012b, t\u0101p\u0113c t\u0101 ir uzticama rezerves da\u013ca vai rezerves da\u013ca smagu b\u016bvdarbu vai rak\u0161anas darbu veik\u0161anai.<br \/>Lietota, bet iztur\u012bga: piln\u012bb\u0101 p\u0101rbaud\u012bta konstrukcijas integrit\u0101te, bez redzam\u0101m plais\u0101m, izliekumiem vai defektiem.<br \/>Gatavs t\u016bl\u012bt\u0113jai uzst\u0101d\u012b\u0161anai.<br \/>Speci\u0101li izstr\u0101d\u0101ts Atlas 1604 modelim, bet var b\u016bt piem\u0113rots ar\u012b citiem sader\u012bgiem mode\u013ciem.<br \/>Pieg\u0101de vis\u0101 pasaul\u0113      <\/p>\n","protected":false},"excerpt":{"rendered":"<p>Cena bez PVN<\/p>\n<p>Ra\u017eot\u0101js: ATLAS<br \/>Modelis: AT16040023<br \/>Izsaukums: <a href=\"tel:+37060842988\">+37060842988<\/a><br \/>E-pasts: <a href=\"mailto:usedparts@kasima3.bcapps.lt\">usedparts@kasima3.bcapps.lt<\/a><\/p>\n","protected":false},"featured_media":32036,"template":"","meta":{"_et_pb_use_builder":"","_et_pb_old_content":"","_et_gb_content_width":""},"product_brand":[],"product_cat":[484,318,452],"product_tag":[],"class_list":{"0":"post-32060","1":"product","2":"type-product","3":"status-publish","4":"has-post-thumbnail","6":"product_cat-atlas-dalas","7":"product_cat-lietotas-detalas","8":"product_cat-celtniecibas-tehnikas-dalas","10":"first","11":"instock","12":"taxable","13":"shipping-taxable","14":"purchasable","15":"product-type-simple"},"_links":{"self":[{"href":"https:\/\/kasima3.bcapps.lt\/lv\/wp-json\/wp\/v2\/product\/32060","targetHints":{"allow":["GET"]}}],"collection":[{"href":"https:\/\/kasima3.bcapps.lt\/lv\/wp-json\/wp\/v2\/product"}],"about":[{"href":"https:\/\/kasima3.bcapps.lt\/lv\/wp-json\/wp\/v2\/types\/product"}],"wp:featuredmedia":[{"embeddable":true,"href":"https:\/\/kasima3.bcapps.lt\/lv\/wp-json\/wp\/v2\/media\/32036"}],"wp:attachment":[{"href":"https:\/\/kasima3.bcapps.lt\/lv\/wp-json\/wp\/v2\/media?parent=32060"}],"wp:term":[{"taxonomy":"product_brand","embeddable":true,"href":"https:\/\/kasima3.bcapps.lt\/lv\/wp-json\/wp\/v2\/product_brand?post=32060"},{"taxonomy":"product_cat","embeddable":true,"href":"https:\/\/kasima3.bcapps.lt\/lv\/wp-json\/wp\/v2\/product_cat?post=32060"},{"taxonomy":"product_tag","embeddable":true,"href":"https:\/\/kasima3.bcapps.lt\/lv\/wp-json\/wp\/v2\/product_tag?post=32060"}],"curies":[{"name":"wp","href":"https:\/\/api.w.org\/{rel}","templated":true}]}}