{"id":32110,"date":"2024-12-04T12:20:35","date_gmt":"2024-12-04T12:20:35","guid":{"rendered":"https:\/\/kasima.lt\/produktas\/naudotas-atlas-1604-varantysis-galinis-velenas\/"},"modified":"2025-10-29T08:33:16","modified_gmt":"2025-10-29T08:33:16","slug":"naudotas-atlas-1604-varantysis-galinis-velenas","status":"publish","type":"product","link":"https:\/\/kasima3.bcapps.lt\/lv\/produktas\/naudotas-atlas-1604-varantysis-galinis-velenas\/","title":{"rendered":"Lietota aizmugur\u0113j\u0101 piedzi\u0146as v\u0101rpsta priek\u0161 Atlas 1604"},"content":{"rendered":"<p>M\u0113s pied\u0101v\u0101jam lietotu aizmugur\u0113jo piedzi\u0146as v\u0101rpstu, kas no\u0146emta no ekskavatora Atlas 1604 (2003. gada modelis). \u0160\u012b b\u016btisk\u0101 piedzi\u0146as komponente nodro\u0161ina efekt\u012bvu jaudas p\u0101rnesi uz aizmugur\u0113jo tiltu, nodro\u0161inot vienm\u0113r\u012bgu darb\u012bbu, veicot smagus b\u016bvniec\u012bbas un rak\u0161anas darbus.<br \/>Lietota, bet piln\u012bb\u0101 funkcion\u0113jo\u0161a: p\u0101rbaud\u012bta un verific\u0113ta konstrukcijas integrit\u0101te un uzticama funkcionalit\u0101te.<br \/>Bez redzam\u0101m plais\u0101m, deform\u0101cij\u0101m vai iev\u0113rojama nolietojuma.<br \/>Izstr\u0101d\u0101ts \u012bpa\u0161i Atlas 1604 ekskavatoram (2003. gada modelis), bet var b\u016bt piem\u0113rots ar\u012b citiem Atlas mode\u013ciem vai sader\u012bg\u0101m ma\u0161\u012bn\u0101m.<br \/>M\u0113s pied\u0101v\u0101jam pieg\u0101des iesp\u0113jas vis\u0101 pasaul\u0113.     <\/p>\n","protected":false},"excerpt":{"rendered":"<p>Cena bez PVN<\/p>\n<p>Ra\u017eot\u0101js: ATLAS<br \/>Modelis: AT16040025<br \/>Izsaukums:<a href=\"tel:+37060842988\"> +37060842988<\/a><br \/>E-pasts: <a href=\"mailto:usedparts@kasima3.bcapps.lt\">usedparts@kasima3.bcapps.lt <\/a><\/p>\n","protected":false},"featured_media":32106,"template":"","meta":{"_et_pb_use_builder":"","_et_pb_old_content":"","_et_gb_content_width":""},"product_brand":[],"product_cat":[484,318,452],"product_tag":[],"class_list":{"0":"post-32110","1":"product","2":"type-product","3":"status-publish","4":"has-post-thumbnail","6":"product_cat-atlas-dalas","7":"product_cat-lietotas-detalas","8":"product_cat-celtniecibas-tehnikas-dalas","10":"first","11":"instock","12":"taxable","13":"shipping-taxable","14":"purchasable","15":"product-type-simple"},"_links":{"self":[{"href":"https:\/\/kasima3.bcapps.lt\/lv\/wp-json\/wp\/v2\/product\/32110","targetHints":{"allow":["GET"]}}],"collection":[{"href":"https:\/\/kasima3.bcapps.lt\/lv\/wp-json\/wp\/v2\/product"}],"about":[{"href":"https:\/\/kasima3.bcapps.lt\/lv\/wp-json\/wp\/v2\/types\/product"}],"wp:featuredmedia":[{"embeddable":true,"href":"https:\/\/kasima3.bcapps.lt\/lv\/wp-json\/wp\/v2\/media\/32106"}],"wp:attachment":[{"href":"https:\/\/kasima3.bcapps.lt\/lv\/wp-json\/wp\/v2\/media?parent=32110"}],"wp:term":[{"taxonomy":"product_brand","embeddable":true,"href":"https:\/\/kasima3.bcapps.lt\/lv\/wp-json\/wp\/v2\/product_brand?post=32110"},{"taxonomy":"product_cat","embeddable":true,"href":"https:\/\/kasima3.bcapps.lt\/lv\/wp-json\/wp\/v2\/product_cat?post=32110"},{"taxonomy":"product_tag","embeddable":true,"href":"https:\/\/kasima3.bcapps.lt\/lv\/wp-json\/wp\/v2\/product_tag?post=32110"}],"curies":[{"name":"wp","href":"https:\/\/api.w.org\/{rel}","templated":true}]}}