{"id":32130,"date":"2024-12-04T12:42:54","date_gmt":"2024-12-04T12:42:54","guid":{"rendered":"https:\/\/kasima.lt\/produktas\/naudotas-barksdale-slegio-jutiklis\/"},"modified":"2025-10-29T08:33:16","modified_gmt":"2025-10-29T08:33:16","slug":"naudotas-barksdale-slegio-jutiklis","status":"publish","type":"product","link":"https:\/\/kasima3.bcapps.lt\/lv\/produktas\/naudotas-barksdale-slegio-jutiklis\/","title":{"rendered":"Lietots Barksdeila spiediena sensors"},"content":{"rendered":"<p>Modelis: Barksdale X1T-4102-40-GE42<br \/>Regul\u0113jams diapazons: 30-400<br \/>Maksim\u0101lais spiediens: 600<br \/>S\u0113rijas numurs: K312676.1\/097<br \/>St\u0101voklis: Lietots, lab\u0101 darba k\u0101rt\u012bb\u0101.<br \/>Pied\u0101v\u0101jam lietotu Barksdale spiediena sensoru, kas no\u0146emts no ekskavatora Atlas 1604. \u0160\u012b augstas kvalit\u0101tes deta\u013ca ir b\u016btiska ekskavatoru vai citu smago ma\u0161\u012bnu hidraulisk\u0101 spiediena uzraudz\u012bbai un regul\u0113\u0161anai, nodro\u0161inot dro\u0161u un efekt\u012bvu darb\u012bbu.<br \/>Pieg\u0101de vis\u0101 pasaul\u0113 ar dro\u0161u iepakojumu   <\/p>\n","protected":false},"excerpt":{"rendered":"<p>Cena bez PVN<\/p>\n<p>Ra\u017eot\u0101js: BARKSDALE<br \/>Modelis: AT16040026<br \/>Izsaukums: <a href=\"tel:+37060842988\">+37060842988<\/a><br \/>E-pasts: <a href=\"mailto:usedparts@kasima3.bcapps.lt\">usedparts@kasima3.bcapps.lt <\/a><\/p>\n","protected":false},"featured_media":32121,"template":"","meta":{"_et_pb_use_builder":"","_et_pb_old_content":"","_et_gb_content_width":""},"product_brand":[],"product_cat":[484,490,318,452],"product_tag":[],"class_list":{"0":"post-32130","1":"product","2":"type-product","3":"status-publish","4":"has-post-thumbnail","6":"product_cat-atlas-dalas","7":"product_cat-elektronikas-dalas","8":"product_cat-lietotas-detalas","9":"product_cat-celtniecibas-tehnikas-dalas","11":"first","12":"instock","13":"taxable","14":"shipping-taxable","15":"purchasable","16":"product-type-simple"},"_links":{"self":[{"href":"https:\/\/kasima3.bcapps.lt\/lv\/wp-json\/wp\/v2\/product\/32130","targetHints":{"allow":["GET"]}}],"collection":[{"href":"https:\/\/kasima3.bcapps.lt\/lv\/wp-json\/wp\/v2\/product"}],"about":[{"href":"https:\/\/kasima3.bcapps.lt\/lv\/wp-json\/wp\/v2\/types\/product"}],"wp:featuredmedia":[{"embeddable":true,"href":"https:\/\/kasima3.bcapps.lt\/lv\/wp-json\/wp\/v2\/media\/32121"}],"wp:attachment":[{"href":"https:\/\/kasima3.bcapps.lt\/lv\/wp-json\/wp\/v2\/media?parent=32130"}],"wp:term":[{"taxonomy":"product_brand","embeddable":true,"href":"https:\/\/kasima3.bcapps.lt\/lv\/wp-json\/wp\/v2\/product_brand?post=32130"},{"taxonomy":"product_cat","embeddable":true,"href":"https:\/\/kasima3.bcapps.lt\/lv\/wp-json\/wp\/v2\/product_cat?post=32130"},{"taxonomy":"product_tag","embeddable":true,"href":"https:\/\/kasima3.bcapps.lt\/lv\/wp-json\/wp\/v2\/product_tag?post=32130"}],"curies":[{"name":"wp","href":"https:\/\/api.w.org\/{rel}","templated":true}]}}