{"id":32160,"date":"2024-12-04T13:45:09","date_gmt":"2024-12-04T13:45:09","guid":{"rendered":"https:\/\/kasima.lt\/produktas\/rexroth-hidraulinis-elektromagnetinis-voztuvas\/"},"modified":"2025-10-29T08:33:17","modified_gmt":"2025-10-29T08:33:17","slug":"rexroth-hidraulinis-elektromagnetinis-voztuvas","status":"publish","type":"product","link":"https:\/\/kasima3.bcapps.lt\/lv\/produktas\/rexroth-hidraulinis-elektromagnetinis-voztuvas\/","title":{"rendered":"Rexroth hidrauliskais soleno\u012bda v\u0101rsts"},"content":{"rendered":"<p>Lietots Rexroth hidrauliskais soleno\u012bda v\u0101rsts<br \/>Z\u012bmols: Rexroth<br \/>Mode\u013ca numurs MNFP 04 G2-1\/1BX3 <br \/>G24NK4M01<br \/>Lietots, teicam\u0101 darba st\u0101vokl\u012b<br \/>M\u0113s pied\u0101v\u0101jam lietotu Rexroth hidraulisko soleno\u012bda v\u0101rstu, modelis MNFP 04 G2-1\/1BX3 , G24NK4M01. Rexroth elektromagn\u0113tiskie v\u0101rsti, kas paz\u012bstami ar savu augsto veiktsp\u0113ju un iztur\u012bbu, ir uzticami lielas noslodzes r\u016bpniecisko un celtniec\u012bbas ma\u0161\u012bnu lietojumiem prec\u012bzas hidraulisk\u0101s vad\u012bbas nodro\u0161in\u0101\u0161anai.<br \/>Pieg\u0101de vis\u0101 pasaul\u0113  <\/p>\n","protected":false},"excerpt":{"rendered":"<p>Cena bez PVN<\/p>\n<p>Ra\u017eot\u0101js: REXROTH<br \/>Modelis: AT16040027<br \/>Izsaukums: <a href=\"tel:+37060842988\">+37060842988<\/a><br \/>E-pasts: <a href=\"mailto:usedparts@kasima3.bcapps.lt\">usedparts@kasima3.bcapps.lt <\/a><\/p>\n","protected":false},"featured_media":32146,"template":"","meta":{"_et_pb_use_builder":"","_et_pb_old_content":"","_et_gb_content_width":""},"product_brand":[],"product_cat":[484,490,318,452],"product_tag":[],"class_list":{"0":"post-32160","1":"product","2":"type-product","3":"status-publish","4":"has-post-thumbnail","6":"product_cat-atlas-dalas","7":"product_cat-elektronikas-dalas","8":"product_cat-lietotas-detalas","9":"product_cat-celtniecibas-tehnikas-dalas","11":"first","12":"instock","13":"taxable","14":"shipping-taxable","15":"purchasable","16":"product-type-simple"},"_links":{"self":[{"href":"https:\/\/kasima3.bcapps.lt\/lv\/wp-json\/wp\/v2\/product\/32160","targetHints":{"allow":["GET"]}}],"collection":[{"href":"https:\/\/kasima3.bcapps.lt\/lv\/wp-json\/wp\/v2\/product"}],"about":[{"href":"https:\/\/kasima3.bcapps.lt\/lv\/wp-json\/wp\/v2\/types\/product"}],"wp:featuredmedia":[{"embeddable":true,"href":"https:\/\/kasima3.bcapps.lt\/lv\/wp-json\/wp\/v2\/media\/32146"}],"wp:attachment":[{"href":"https:\/\/kasima3.bcapps.lt\/lv\/wp-json\/wp\/v2\/media?parent=32160"}],"wp:term":[{"taxonomy":"product_brand","embeddable":true,"href":"https:\/\/kasima3.bcapps.lt\/lv\/wp-json\/wp\/v2\/product_brand?post=32160"},{"taxonomy":"product_cat","embeddable":true,"href":"https:\/\/kasima3.bcapps.lt\/lv\/wp-json\/wp\/v2\/product_cat?post=32160"},{"taxonomy":"product_tag","embeddable":true,"href":"https:\/\/kasima3.bcapps.lt\/lv\/wp-json\/wp\/v2\/product_tag?post=32160"}],"curies":[{"name":"wp","href":"https:\/\/api.w.org\/{rel}","templated":true}]}}