{"id":32195,"date":"2024-12-04T14:20:01","date_gmt":"2024-12-04T14:20:01","guid":{"rendered":"https:\/\/kasima.lt\/produktas\/hidraulinis-voztuvas-is-atlas-1604\/"},"modified":"2025-10-29T08:33:17","modified_gmt":"2025-10-29T08:33:17","slug":"hidraulinis-voztuvas-is-atlas-1604","status":"publish","type":"product","link":"https:\/\/kasima3.bcapps.lt\/lv\/produktas\/hidraulinis-voztuvas-is-atlas-1604\/","title":{"rendered":"Hidrauliskais v\u0101rsts no Atlas 1604"},"content":{"rendered":"<p>Lietots hidrauliskais v\u0101rsts no ekskavatora Atlas 1604<br \/>Gads: 2003<br \/>Deta\u013cas numurs: S02 &#8211; 030466 \/ 1379142039<br \/>Pied\u0101v\u0101jam lietotu hidraulisko v\u0101rstu, kas no\u0146emts no ekskavatora Atlas 1604 (2003. gada modelis). \u0160im komponentam ir b\u016btiska noz\u012bme hidraulisk\u0101s pl\u016bsmas un spiediena kontrol\u0113, nodro\u0161inot optim\u0101lu ekskavatora hidraulisk\u0101s sist\u0113mas darb\u012bbu.<br \/>Pieg\u0101de vis\u0101 pasaul\u0113  <\/p>\n","protected":false},"excerpt":{"rendered":"<p>Cena bez PVN<\/p>\n<p>Ra\u017eot\u0101js: ATLAS<br \/>Modelis: AT16040028<br \/>Izsaukums: <a href=\"tel:+37060842988\">+37060842988<\/a><br \/>E-pasts: <a href=\"mailto:usedparts@kasima3.bcapps.lt\">usedparts@kasima3.bcapps.lt <\/a><\/p>\n","protected":false},"featured_media":32176,"template":"","meta":{"_et_pb_use_builder":"","_et_pb_old_content":"","_et_gb_content_width":""},"product_brand":[],"product_cat":[484,318,452],"product_tag":[],"class_list":{"0":"post-32195","1":"product","2":"type-product","3":"status-publish","4":"has-post-thumbnail","6":"product_cat-atlas-dalas","7":"product_cat-lietotas-detalas","8":"product_cat-celtniecibas-tehnikas-dalas","10":"first","11":"instock","12":"taxable","13":"shipping-taxable","14":"purchasable","15":"product-type-simple"},"_links":{"self":[{"href":"https:\/\/kasima3.bcapps.lt\/lv\/wp-json\/wp\/v2\/product\/32195","targetHints":{"allow":["GET"]}}],"collection":[{"href":"https:\/\/kasima3.bcapps.lt\/lv\/wp-json\/wp\/v2\/product"}],"about":[{"href":"https:\/\/kasima3.bcapps.lt\/lv\/wp-json\/wp\/v2\/types\/product"}],"wp:featuredmedia":[{"embeddable":true,"href":"https:\/\/kasima3.bcapps.lt\/lv\/wp-json\/wp\/v2\/media\/32176"}],"wp:attachment":[{"href":"https:\/\/kasima3.bcapps.lt\/lv\/wp-json\/wp\/v2\/media?parent=32195"}],"wp:term":[{"taxonomy":"product_brand","embeddable":true,"href":"https:\/\/kasima3.bcapps.lt\/lv\/wp-json\/wp\/v2\/product_brand?post=32195"},{"taxonomy":"product_cat","embeddable":true,"href":"https:\/\/kasima3.bcapps.lt\/lv\/wp-json\/wp\/v2\/product_cat?post=32195"},{"taxonomy":"product_tag","embeddable":true,"href":"https:\/\/kasima3.bcapps.lt\/lv\/wp-json\/wp\/v2\/product_tag?post=32195"}],"curies":[{"name":"wp","href":"https:\/\/api.w.org\/{rel}","templated":true}]}}