{"id":32240,"date":"2024-12-04T14:52:07","date_gmt":"2024-12-04T14:52:07","guid":{"rendered":"https:\/\/kasima.lt\/produktas\/hidrauliniai-streles-cilindrai\/"},"modified":"2025-10-29T08:33:17","modified_gmt":"2025-10-29T08:33:17","slug":"hidrauliniai-streles-cilindrai","status":"publish","type":"product","link":"https:\/\/kasima3.bcapps.lt\/lv\/produktas\/hidrauliniai-streles-cilindrai\/","title":{"rendered":"Hidrauliskie str\u0113les cilindri"},"content":{"rendered":"<p>Lietoti hidraulisk\u0101s str\u0113les cilindri no ekskavatora Atlas 1604 <br \/>Gads: 2003<br \/>Deta\u013cu numuri:<br \/>V\u0101rsts\/v\u0101rsts: 426 063 935 9<br \/>Kreisais cilindrs: 200418 03 \/ 3071114<br \/>Labais cilindrs: 200486 03 \/ 3071114<br \/>Pied\u0101v\u0101jam lietotu hidraulisk\u0101s str\u0113les cilindru komplektu ekskavatoram Atlas 1604 (2003. gada modelis). \u0160iem cilindriem ir iz\u0161\u0137iro\u0161a noz\u012bme str\u0113les kust\u012bbas kontrol\u0113, un tie nodro\u0161ina prec\u012bzas pacel\u0161anas un p\u0101rvieto\u0161anas iesp\u0113jas j\u016bsu ma\u0161\u012bnai.<br \/>P\u0101rbaud\u012bts attiec\u012bb\u0101 uz nopl\u016bd\u0113m, plais\u0101m un nodilumu &#8211; probl\u0113mas nav konstat\u0113tas.<br \/>Gatavs uzst\u0101d\u012b\u0161anai un lieto\u0161anai.<br \/>Pieg\u0101de vis\u0101 pasaul\u0113 <br \/>Cena par vien\u012bbu    <\/p>\n","protected":false},"excerpt":{"rendered":"<p>Cena bez PVN<\/p>\n<p>Ra\u017eot\u0101js: ATLAS<br \/>Modelis: AT16040010<br \/>Izsaukums:<a href=\"tel:+37060842988\"> +37060842988<\/a><br \/>E-pasts: <a href=\"mailto:usedparts@kasima3.bcapps.lt\">usedparts@kasima3.bcapps.lt <\/a><\/p>\n","protected":false},"featured_media":32231,"template":"","meta":{"_et_pb_use_builder":"","_et_pb_old_content":"","_et_gb_content_width":""},"product_brand":[],"product_cat":[484,318,452],"product_tag":[],"class_list":{"0":"post-32240","1":"product","2":"type-product","3":"status-publish","4":"has-post-thumbnail","6":"product_cat-atlas-dalas","7":"product_cat-lietotas-detalas","8":"product_cat-celtniecibas-tehnikas-dalas","10":"first","11":"instock","12":"taxable","13":"shipping-taxable","14":"purchasable","15":"product-type-simple"},"_links":{"self":[{"href":"https:\/\/kasima3.bcapps.lt\/lv\/wp-json\/wp\/v2\/product\/32240","targetHints":{"allow":["GET"]}}],"collection":[{"href":"https:\/\/kasima3.bcapps.lt\/lv\/wp-json\/wp\/v2\/product"}],"about":[{"href":"https:\/\/kasima3.bcapps.lt\/lv\/wp-json\/wp\/v2\/types\/product"}],"wp:featuredmedia":[{"embeddable":true,"href":"https:\/\/kasima3.bcapps.lt\/lv\/wp-json\/wp\/v2\/media\/32231"}],"wp:attachment":[{"href":"https:\/\/kasima3.bcapps.lt\/lv\/wp-json\/wp\/v2\/media?parent=32240"}],"wp:term":[{"taxonomy":"product_brand","embeddable":true,"href":"https:\/\/kasima3.bcapps.lt\/lv\/wp-json\/wp\/v2\/product_brand?post=32240"},{"taxonomy":"product_cat","embeddable":true,"href":"https:\/\/kasima3.bcapps.lt\/lv\/wp-json\/wp\/v2\/product_cat?post=32240"},{"taxonomy":"product_tag","embeddable":true,"href":"https:\/\/kasima3.bcapps.lt\/lv\/wp-json\/wp\/v2\/product_tag?post=32240"}],"curies":[{"name":"wp","href":"https:\/\/api.w.org\/{rel}","templated":true}]}}