{"id":32255,"date":"2024-12-05T13:45:16","date_gmt":"2024-12-05T13:45:16","guid":{"rendered":"https:\/\/kasima.lt\/produktas\/prieigos-dangtis-laipteliai-is-atlas-1604\/"},"modified":"2025-10-29T08:33:18","modified_gmt":"2025-10-29T08:33:18","slug":"prieigos-dangtis-laipteliai-is-atlas-1604","status":"publish","type":"product","link":"https:\/\/kasima3.bcapps.lt\/lv\/produktas\/prieigos-dangtis-laipteliai-is-atlas-1604\/","title":{"rendered":"Piek\u013cuves p\u0101rsegs\/pak\u0101pieni no Atlas 1604"},"content":{"rendered":"<p>Lietots Piek\u013cuves p\u0101rsegs\/k\u0101pnes no ekskavatora Atlas 1604<br \/>Gads: 2003<br \/>M\u0113s pied\u0101v\u0101jam lietotu piek\u013cuves p\u0101rsegu\/k\u0101pnes, kas no\u0146emtas no ekskavatora Atlas 1604. \u0160ie komponenti nodro\u0161ina dro\u0161u un \u0113rtu piek\u013cuvi ma\u0161\u012bnas kab\u012bnei vai apkopes zon\u0101m. Tie ir izstr\u0101d\u0101ti, lai nodro\u0161in\u0101tu iztur\u012bbu, un var iztur\u0113t smagu lieto\u0161anu, kas rakstur\u012bga b\u016bvdarbu un rak\u0161anas darbu vid\u0113.<br \/>Pieg\u0101de vis\u0101 pasaul\u0113   <\/p>\n","protected":false},"excerpt":{"rendered":"<p>Cena bez PVN<\/p>\n<p>Ra\u017eot\u0101js: ATLAS<br \/>Modelis: AT16040029<br \/>Izsaukums: <a href=\"tel:+37060842988\">+37060842988<\/a><br \/>E-pasts: <a href=\"mailto:usedparts@kasima3.bcapps.lt\">usedparts@kasima3.bcapps.lt <\/a><\/p>\n","protected":false},"featured_media":32246,"template":"","meta":{"_et_pb_use_builder":"","_et_pb_old_content":"","_et_gb_content_width":""},"product_brand":[],"product_cat":[484,318,452],"product_tag":[],"class_list":{"0":"post-32255","1":"product","2":"type-product","3":"status-publish","4":"has-post-thumbnail","6":"product_cat-atlas-dalas","7":"product_cat-lietotas-detalas","8":"product_cat-celtniecibas-tehnikas-dalas","10":"first","11":"instock","12":"taxable","13":"shipping-taxable","14":"purchasable","15":"product-type-simple"},"_links":{"self":[{"href":"https:\/\/kasima3.bcapps.lt\/lv\/wp-json\/wp\/v2\/product\/32255","targetHints":{"allow":["GET"]}}],"collection":[{"href":"https:\/\/kasima3.bcapps.lt\/lv\/wp-json\/wp\/v2\/product"}],"about":[{"href":"https:\/\/kasima3.bcapps.lt\/lv\/wp-json\/wp\/v2\/types\/product"}],"wp:featuredmedia":[{"embeddable":true,"href":"https:\/\/kasima3.bcapps.lt\/lv\/wp-json\/wp\/v2\/media\/32246"}],"wp:attachment":[{"href":"https:\/\/kasima3.bcapps.lt\/lv\/wp-json\/wp\/v2\/media?parent=32255"}],"wp:term":[{"taxonomy":"product_brand","embeddable":true,"href":"https:\/\/kasima3.bcapps.lt\/lv\/wp-json\/wp\/v2\/product_brand?post=32255"},{"taxonomy":"product_cat","embeddable":true,"href":"https:\/\/kasima3.bcapps.lt\/lv\/wp-json\/wp\/v2\/product_cat?post=32255"},{"taxonomy":"product_tag","embeddable":true,"href":"https:\/\/kasima3.bcapps.lt\/lv\/wp-json\/wp\/v2\/product_tag?post=32255"}],"curies":[{"name":"wp","href":"https:\/\/api.w.org\/{rel}","templated":true}]}}