{"id":32280,"date":"2024-12-05T14:04:17","date_gmt":"2024-12-05T14:04:17","guid":{"rendered":"https:\/\/kasima.lt\/produktas\/atlas-1604-kaires-puses-kebulo-durys\/"},"modified":"2025-10-29T08:33:18","modified_gmt":"2025-10-29T08:33:18","slug":"atlas-1604-kaires-puses-kebulo-durys","status":"publish","type":"product","link":"https:\/\/kasima3.bcapps.lt\/lv\/produktas\/atlas-1604-kaires-puses-kebulo-durys\/","title":{"rendered":"Atlas 1604 Virsb\u016bves kreis\u0101s puses durvis"},"content":{"rendered":"<p>Lietotas Atlas 1604 ekskavatora kreis\u0101s puses virsb\u016bves durvis<br \/>Gads: 2003<br \/>Pied\u0101v\u0101jam lietotas kreis\u0101s puses virsb\u016bves durvis, kas no\u0146emtas no ekskavatora Atlas 1604. \u0160\u012bs ori\u0123in\u0101liek\u0101rtu ra\u017eot\u0101ju komplekt\u0113jo\u0161\u0101s da\u013cas nodro\u0161ina b\u016btisku iek\u0161\u0113jo deta\u013cu aizsardz\u012bbu un uztur ma\u0161\u012bnas kop\u0113jo struktur\u0101lo integrit\u0101ti. \u0160\u012bs durvis ir izstr\u0101d\u0101tas, lai iztur\u0113tu skarbus vides apst\u0101k\u013cus, un t\u0101s ir lieliski piem\u0113rotas, lai aizst\u0101tu boj\u0101tus vai tr\u016bksto\u0161us pane\u013cus j\u016bsu iek\u0101rt\u0101.<br \/>Pieg\u0101de vis\u0101 pasaul\u0113   <\/p>\n","protected":false},"excerpt":{"rendered":"<p>Cena bez PVN<\/p>\n<p>Ra\u017eot\u0101js: ATLAS<br \/>Modelis: AT16040030<br \/>Izsaukums: <a href=\"tel:+37060842988\">+37060842988<\/a><br \/>E-pasts: <a href=\"mailto:usedparts@kasima3.bcapps.lt\">usedparts@kasima3.bcapps.lt<\/a><\/p>\n","protected":false},"featured_media":32261,"template":"","meta":{"_et_pb_use_builder":"","_et_pb_old_content":"","_et_gb_content_width":""},"product_brand":[],"product_cat":[484,318,452],"product_tag":[],"class_list":{"0":"post-32280","1":"product","2":"type-product","3":"status-publish","4":"has-post-thumbnail","6":"product_cat-atlas-dalas","7":"product_cat-lietotas-detalas","8":"product_cat-celtniecibas-tehnikas-dalas","10":"first","11":"instock","12":"taxable","13":"shipping-taxable","14":"purchasable","15":"product-type-simple"},"_links":{"self":[{"href":"https:\/\/kasima3.bcapps.lt\/lv\/wp-json\/wp\/v2\/product\/32280","targetHints":{"allow":["GET"]}}],"collection":[{"href":"https:\/\/kasima3.bcapps.lt\/lv\/wp-json\/wp\/v2\/product"}],"about":[{"href":"https:\/\/kasima3.bcapps.lt\/lv\/wp-json\/wp\/v2\/types\/product"}],"wp:featuredmedia":[{"embeddable":true,"href":"https:\/\/kasima3.bcapps.lt\/lv\/wp-json\/wp\/v2\/media\/32261"}],"wp:attachment":[{"href":"https:\/\/kasima3.bcapps.lt\/lv\/wp-json\/wp\/v2\/media?parent=32280"}],"wp:term":[{"taxonomy":"product_brand","embeddable":true,"href":"https:\/\/kasima3.bcapps.lt\/lv\/wp-json\/wp\/v2\/product_brand?post=32280"},{"taxonomy":"product_cat","embeddable":true,"href":"https:\/\/kasima3.bcapps.lt\/lv\/wp-json\/wp\/v2\/product_cat?post=32280"},{"taxonomy":"product_tag","embeddable":true,"href":"https:\/\/kasima3.bcapps.lt\/lv\/wp-json\/wp\/v2\/product_tag?post=32280"}],"curies":[{"name":"wp","href":"https:\/\/api.w.org\/{rel}","templated":true}]}}