{"id":32300,"date":"2024-12-05T14:20:16","date_gmt":"2024-12-05T14:20:16","guid":{"rendered":"https:\/\/kasima.lt\/produktas\/desines-puses-kebulo-durys-is-atlas-1604\/"},"modified":"2025-10-29T08:33:18","modified_gmt":"2025-10-29T08:33:18","slug":"desines-puses-kebulo-durys-is-atlas-1604","status":"publish","type":"product","link":"https:\/\/kasima3.bcapps.lt\/lv\/produktas\/desines-puses-kebulo-durys-is-atlas-1604\/","title":{"rendered":"Lab\u0101s puses virsb\u016bves durvis no Atlas 1604"},"content":{"rendered":"<p>Lietotas lab\u0101s puses korpusa durvis no ekskavatora Atlas 1604<br \/>Gads: 2003<br \/>Pied\u0101v\u0101jam lietotas lab\u0101s puses virsb\u016bves durvis, kas r\u016bp\u012bgi no\u0146emtas no ekskavatora Atlas 1604. \u0160ie pane\u013ci ir paredz\u0113ti, lai aizsarg\u0101tu svar\u012bg\u0101k\u0101s ma\u0161\u012bnas sast\u0101vda\u013cas un saglab\u0101tu ekskavatora ekspluat\u0101cijas dro\u0161\u012bbu un izskatu. T\u0101s ir izgatavotas, lai nodro\u0161in\u0101tu iztur\u012bbu, un ir lieliski piem\u0113rotas smag\u0101m darba vid\u0113m.<br \/>Pieg\u0101de vis\u0101 pasaul\u0113   <\/p>\n","protected":false},"excerpt":{"rendered":"<p>Cena bez PVN<\/p>\n<p>Ra\u017eot\u0101js: ATLAS<br \/>Modelis: AT16040031<br \/>Izsaukums: <a href=\"tel:+37060842988\">+37060842988<\/a><br \/>E-pasts: <a href=\"mailto:usedparts@kasima3.bcapps.lt\">usedparts@kasima3.bcapps.lt <\/a><\/p>\n","protected":false},"featured_media":32286,"template":"","meta":{"_et_pb_use_builder":"","_et_pb_old_content":"","_et_gb_content_width":""},"product_brand":[],"product_cat":[484,318,452],"product_tag":[],"class_list":{"0":"post-32300","1":"product","2":"type-product","3":"status-publish","4":"has-post-thumbnail","6":"product_cat-atlas-dalas","7":"product_cat-lietotas-detalas","8":"product_cat-celtniecibas-tehnikas-dalas","10":"first","11":"instock","12":"taxable","13":"shipping-taxable","14":"purchasable","15":"product-type-simple"},"_links":{"self":[{"href":"https:\/\/kasima3.bcapps.lt\/lv\/wp-json\/wp\/v2\/product\/32300","targetHints":{"allow":["GET"]}}],"collection":[{"href":"https:\/\/kasima3.bcapps.lt\/lv\/wp-json\/wp\/v2\/product"}],"about":[{"href":"https:\/\/kasima3.bcapps.lt\/lv\/wp-json\/wp\/v2\/types\/product"}],"wp:featuredmedia":[{"embeddable":true,"href":"https:\/\/kasima3.bcapps.lt\/lv\/wp-json\/wp\/v2\/media\/32286"}],"wp:attachment":[{"href":"https:\/\/kasima3.bcapps.lt\/lv\/wp-json\/wp\/v2\/media?parent=32300"}],"wp:term":[{"taxonomy":"product_brand","embeddable":true,"href":"https:\/\/kasima3.bcapps.lt\/lv\/wp-json\/wp\/v2\/product_brand?post=32300"},{"taxonomy":"product_cat","embeddable":true,"href":"https:\/\/kasima3.bcapps.lt\/lv\/wp-json\/wp\/v2\/product_cat?post=32300"},{"taxonomy":"product_tag","embeddable":true,"href":"https:\/\/kasima3.bcapps.lt\/lv\/wp-json\/wp\/v2\/product_tag?post=32300"}],"curies":[{"name":"wp","href":"https:\/\/api.w.org\/{rel}","templated":true}]}}