{"id":32402,"date":"2024-12-06T07:34:09","date_gmt":"2024-12-06T07:34:09","guid":{"rendered":"https:\/\/kasima.lt\/produktas\/linde-hidraulinis-paskirstytojas\/"},"modified":"2025-10-29T08:33:19","modified_gmt":"2025-10-29T08:33:19","slug":"linde-hidraulinis-paskirstytojas","status":"publish","type":"product","link":"https:\/\/kasima3.bcapps.lt\/lv\/produktas\/linde-hidraulinis-paskirstytojas\/","title":{"rendered":"Linde hidrauliskais sadal\u012bt\u0101js"},"content":{"rendered":"<p>Lietots Linde hidrauliskais sadal\u012bt\u0101js no Atlas 1604 ekskavatora<br \/>Gads: 2003<br \/>Ra\u017eot\u0101js: Linde<br \/>Deta\u013cu numuri:AV4279-6-3, 4663645, <br \/>Venti\u013ca v\u0101rsts: LINDE\/CEA-09\/02<br \/>S\u0113rijas numurs: H2X661P05622<br \/>Paredz\u0113ts lielas slodzes lietojumiem hidrauliskaj\u0101s sist\u0113m\u0101s.<br \/>Lietots, piln\u012bb\u0101 funkcion\u0113jo\u0161s<br \/>Pied\u0101v\u0101jam Linde hidraulisko sadal\u012bt\u0101ju, kas no\u0146emts no ekskavatora Atlas 1604 (2003. gada modelis). \u0160is komponents ir \u013coti svar\u012bgs prec\u012bzai hidraulisk\u0101s sist\u0113mas kontrolei, nodro\u0161inot optim\u0101lu hidraulisk\u0101 \u0161\u0137idruma sadali uz ma\u0161\u012bnas cilindriem un izpildmeh\u0101nismiem.<br \/>Pieg\u0101de vis\u0101 pasaul\u0113  <\/p>\n","protected":false},"excerpt":{"rendered":"<p>Cena bez PVN<\/p>\n<p>Ra\u017eot\u0101js: LINDE<br \/>Modelis: AT16040033<br \/>Izsaukums: <a href=\"tel:+37060842988\">+37060842988<\/a><br \/>E-pasts: <a href=\"mailto:usedparts@kasima3.bcapps.lt\">usedparts@kasima3.bcapps.lt <\/a><\/p>\n","protected":false},"featured_media":32378,"template":"","meta":{"_et_pb_use_builder":"","_et_pb_old_content":"","_et_gb_content_width":""},"product_brand":[],"product_cat":[484,318,452],"product_tag":[],"class_list":{"0":"post-32402","1":"product","2":"type-product","3":"status-publish","4":"has-post-thumbnail","6":"product_cat-atlas-dalas","7":"product_cat-lietotas-detalas","8":"product_cat-celtniecibas-tehnikas-dalas","10":"first","11":"instock","12":"taxable","13":"shipping-taxable","14":"purchasable","15":"product-type-simple"},"_links":{"self":[{"href":"https:\/\/kasima3.bcapps.lt\/lv\/wp-json\/wp\/v2\/product\/32402","targetHints":{"allow":["GET"]}}],"collection":[{"href":"https:\/\/kasima3.bcapps.lt\/lv\/wp-json\/wp\/v2\/product"}],"about":[{"href":"https:\/\/kasima3.bcapps.lt\/lv\/wp-json\/wp\/v2\/types\/product"}],"wp:featuredmedia":[{"embeddable":true,"href":"https:\/\/kasima3.bcapps.lt\/lv\/wp-json\/wp\/v2\/media\/32378"}],"wp:attachment":[{"href":"https:\/\/kasima3.bcapps.lt\/lv\/wp-json\/wp\/v2\/media?parent=32402"}],"wp:term":[{"taxonomy":"product_brand","embeddable":true,"href":"https:\/\/kasima3.bcapps.lt\/lv\/wp-json\/wp\/v2\/product_brand?post=32402"},{"taxonomy":"product_cat","embeddable":true,"href":"https:\/\/kasima3.bcapps.lt\/lv\/wp-json\/wp\/v2\/product_cat?post=32402"},{"taxonomy":"product_tag","embeddable":true,"href":"https:\/\/kasima3.bcapps.lt\/lv\/wp-json\/wp\/v2\/product_tag?post=32402"}],"curies":[{"name":"wp","href":"https:\/\/api.w.org\/{rel}","templated":true}]}}