{"id":32447,"date":"2024-12-06T08:36:32","date_gmt":"2024-12-06T08:36:32","guid":{"rendered":"https:\/\/kasima.lt\/produktas\/kuro-filtras-hifi\/"},"modified":"2025-10-29T08:33:19","modified_gmt":"2025-10-29T08:33:19","slug":"kuro-filtras-hifi","status":"publish","type":"product","link":"https:\/\/kasima3.bcapps.lt\/lv\/produktas\/kuro-filtras-hifi\/","title":{"rendered":"Degvielas filtrs HIFI"},"content":{"rendered":"<p>Lietots piln\u012bb\u0101 funkcion\u0113jo\u0161s degvielas filtra komplekts HIFI SN909030 no ekskavatora Atlas 1604<br \/>Ra\u017eot\u0101js: HIFI<br \/>Deta\u013cas numurs: SN90909030<br \/>Piln\u012bgs degvielas filtra bloks, kas paredz\u0113ts degvielas t\u012br\u012bbas uztur\u0113\u0161anai, nodro\u0161inot optim\u0101lu dzin\u0113ja veiktsp\u0113ju t\u0101d\u0101s lielas noslodzes ma\u0161\u012bn\u0101s k\u0101 Atlas 1604 ekskavators.<\/p>\n","protected":false},"excerpt":{"rendered":"<p>Cena bez PVN<\/p>\n<p>Ra\u017eot\u0101js: HIFI<br \/>Modelis: AT16040035<br \/>Zvan\u012bt: <a href=\"tel:+37060842988\">+37060842988<\/a><br \/>E-pasts:<a href=\"mailto:usedparts@kasima3.bcapps.lt\"> usedparts@kasima3.bcapps.lt <\/a><\/p>\n","protected":false},"featured_media":32428,"template":"","meta":{"_et_pb_use_builder":"","_et_pb_old_content":"","_et_gb_content_width":""},"product_brand":[],"product_cat":[484,318,452],"product_tag":[],"class_list":{"0":"post-32447","1":"product","2":"type-product","3":"status-publish","4":"has-post-thumbnail","6":"product_cat-atlas-dalas","7":"product_cat-lietotas-detalas","8":"product_cat-celtniecibas-tehnikas-dalas","10":"first","11":"instock","12":"taxable","13":"shipping-taxable","14":"purchasable","15":"product-type-simple"},"_links":{"self":[{"href":"https:\/\/kasima3.bcapps.lt\/lv\/wp-json\/wp\/v2\/product\/32447","targetHints":{"allow":["GET"]}}],"collection":[{"href":"https:\/\/kasima3.bcapps.lt\/lv\/wp-json\/wp\/v2\/product"}],"about":[{"href":"https:\/\/kasima3.bcapps.lt\/lv\/wp-json\/wp\/v2\/types\/product"}],"wp:featuredmedia":[{"embeddable":true,"href":"https:\/\/kasima3.bcapps.lt\/lv\/wp-json\/wp\/v2\/media\/32428"}],"wp:attachment":[{"href":"https:\/\/kasima3.bcapps.lt\/lv\/wp-json\/wp\/v2\/media?parent=32447"}],"wp:term":[{"taxonomy":"product_brand","embeddable":true,"href":"https:\/\/kasima3.bcapps.lt\/lv\/wp-json\/wp\/v2\/product_brand?post=32447"},{"taxonomy":"product_cat","embeddable":true,"href":"https:\/\/kasima3.bcapps.lt\/lv\/wp-json\/wp\/v2\/product_cat?post=32447"},{"taxonomy":"product_tag","embeddable":true,"href":"https:\/\/kasima3.bcapps.lt\/lv\/wp-json\/wp\/v2\/product_tag?post=32447"}],"curies":[{"name":"wp","href":"https:\/\/api.w.org\/{rel}","templated":true}]}}