{"id":32509,"date":"2024-12-09T13:33:11","date_gmt":"2024-12-09T13:33:11","guid":{"rendered":"https:\/\/kasima.lt\/produktas\/barksdale-slegio-jungiklis\/"},"modified":"2025-10-29T08:33:20","modified_gmt":"2025-10-29T08:33:20","slug":"barksdale-slegio-jungiklis","status":"publish","type":"product","link":"https:\/\/kasima3.bcapps.lt\/lv\/produktas\/barksdale-slegio-jungiklis\/","title":{"rendered":"Barksdeila spiediena sl\u0113dzis"},"content":{"rendered":"<p>Lietots Barksdeila spiediena sl\u0113dzis<br \/>Mode\u013ca tips: X1T-4102-06-15i<br \/>Deta\u013cas numurs: 0409-088<br \/>S\u0113rijas numurs (S\/N): 405854\/003<br \/>\u0160is ir augstas kvalit\u0101tes Barksdale spiediena sl\u0113dzis, kas paredz\u0113ts prec\u012bzai kontrolei r\u016bpnieciskajos un smagajos meh\u0101nismos. Tas ir lietots, bet ir p\u0101rbaud\u012bts un apstiprin\u0101ts, ka darbojas, bez redzamiem defektiem vai boj\u0101jumiem.<br \/>Regul\u0113 spiedienu hidraulisk\u0101s un pneimatisk\u0101s sist\u0113m\u0101s.<br \/>Izgatavots iztur\u012bgai videi, piem\u0113rots b\u016bvniec\u012bbai, rak\u0161anas darbiem un cit\u0101m smagaj\u0101m iek\u0101rt\u0101m.    <\/p>\n","protected":false},"excerpt":{"rendered":"<p>Cena bez PVN<\/p>\n<p>Ra\u017eot\u0101js: BARKSDALE<br \/>Modelis: KND0078<br \/>Zvan\u012bt: <a href=\"tel:+37060842988\">+37060842988<\/a><br \/>E-pasts: <a href=\"mailto:usedparts@kasima3.bcapps.lt\">usedparts@kasima3.bcapps.lt <\/a><\/p>\n","protected":false},"featured_media":32495,"template":"","meta":{"_et_pb_use_builder":"","_et_pb_old_content":"","_et_gb_content_width":""},"product_brand":[],"product_cat":[398,490,318,452],"product_tag":[],"class_list":{"0":"post-32509","1":"product","2":"type-product","3":"status-publish","4":"has-post-thumbnail","6":"product_cat-volvo-dalas","7":"product_cat-elektronikas-dalas","8":"product_cat-lietotas-detalas","9":"product_cat-celtniecibas-tehnikas-dalas","11":"first","12":"instock","13":"taxable","14":"shipping-taxable","15":"purchasable","16":"product-type-simple"},"_links":{"self":[{"href":"https:\/\/kasima3.bcapps.lt\/lv\/wp-json\/wp\/v2\/product\/32509","targetHints":{"allow":["GET"]}}],"collection":[{"href":"https:\/\/kasima3.bcapps.lt\/lv\/wp-json\/wp\/v2\/product"}],"about":[{"href":"https:\/\/kasima3.bcapps.lt\/lv\/wp-json\/wp\/v2\/types\/product"}],"wp:featuredmedia":[{"embeddable":true,"href":"https:\/\/kasima3.bcapps.lt\/lv\/wp-json\/wp\/v2\/media\/32495"}],"wp:attachment":[{"href":"https:\/\/kasima3.bcapps.lt\/lv\/wp-json\/wp\/v2\/media?parent=32509"}],"wp:term":[{"taxonomy":"product_brand","embeddable":true,"href":"https:\/\/kasima3.bcapps.lt\/lv\/wp-json\/wp\/v2\/product_brand?post=32509"},{"taxonomy":"product_cat","embeddable":true,"href":"https:\/\/kasima3.bcapps.lt\/lv\/wp-json\/wp\/v2\/product_cat?post=32509"},{"taxonomy":"product_tag","embeddable":true,"href":"https:\/\/kasima3.bcapps.lt\/lv\/wp-json\/wp\/v2\/product_tag?post=32509"}],"curies":[{"name":"wp","href":"https:\/\/api.w.org\/{rel}","templated":true}]}}