{"id":32690,"date":"2024-12-10T12:28:42","date_gmt":"2024-12-10T12:28:42","guid":{"rendered":"https:\/\/kasima.lt\/produktas\/john-deere-vairas\/"},"modified":"2025-10-29T08:33:20","modified_gmt":"2025-10-29T08:33:20","slug":"john-deere-vairas","status":"publish","type":"product","link":"https:\/\/kasima3.bcapps.lt\/lv\/produktas\/john-deere-vairas\/","title":{"rendered":"John Deere st\u016bres rats"},"content":{"rendered":"<p>Ori\u0123in\u0101ls lietots st\u016bres rats no 2000. gada John Deere 6910S.<br \/>Paredz\u0113ts prec\u012bzai vad\u0101m\u012bbai un iztur\u012bbai lauksaimniec\u012bb\u0101.<br \/>Struktur\u0101li neboj\u0101ts ar minim\u0101l\u0101m regul\u0101ras lieto\u0161anas nodiluma paz\u012bm\u0113m.<br \/>St\u016bres rata da\u013cas:<br \/>L113022<br \/>R117246<br \/>AL118173    <\/p>\n","protected":false},"excerpt":{"rendered":"<p>Cena bez PVN<\/p>\n<p>Ra\u017eot\u0101js:JOHN DEERE<br \/>Modelis: JD6910S0080<br \/>Zvan\u012bt: <a href=\"tel:+37060842988\">+37060842988<\/a><br \/>E-pasts: <a href=\"mailto:usedparts@kasima3.bcapps.lt\">usedparts@kasima3.bcapps.lt <\/a><\/p>\n","protected":false},"featured_media":32681,"template":"","meta":{"_et_pb_use_builder":"","_et_pb_old_content":"","_et_gb_content_width":""},"product_brand":[],"product_cat":[467,318,455],"product_tag":[],"class_list":{"0":"post-32690","1":"product","2":"type-product","3":"status-publish","4":"has-post-thumbnail","6":"product_cat-john-deere-dalas","7":"product_cat-lietotas-detalas","8":"product_cat-lauksaimniecibas-tehnikas-dalas","10":"first","11":"instock","12":"taxable","13":"shipping-taxable","14":"purchasable","15":"product-type-simple"},"_links":{"self":[{"href":"https:\/\/kasima3.bcapps.lt\/lv\/wp-json\/wp\/v2\/product\/32690","targetHints":{"allow":["GET"]}}],"collection":[{"href":"https:\/\/kasima3.bcapps.lt\/lv\/wp-json\/wp\/v2\/product"}],"about":[{"href":"https:\/\/kasima3.bcapps.lt\/lv\/wp-json\/wp\/v2\/types\/product"}],"wp:featuredmedia":[{"embeddable":true,"href":"https:\/\/kasima3.bcapps.lt\/lv\/wp-json\/wp\/v2\/media\/32681"}],"wp:attachment":[{"href":"https:\/\/kasima3.bcapps.lt\/lv\/wp-json\/wp\/v2\/media?parent=32690"}],"wp:term":[{"taxonomy":"product_brand","embeddable":true,"href":"https:\/\/kasima3.bcapps.lt\/lv\/wp-json\/wp\/v2\/product_brand?post=32690"},{"taxonomy":"product_cat","embeddable":true,"href":"https:\/\/kasima3.bcapps.lt\/lv\/wp-json\/wp\/v2\/product_cat?post=32690"},{"taxonomy":"product_tag","embeddable":true,"href":"https:\/\/kasima3.bcapps.lt\/lv\/wp-json\/wp\/v2\/product_tag?post=32690"}],"curies":[{"name":"wp","href":"https:\/\/api.w.org\/{rel}","templated":true}]}}