{"id":32740,"date":"2024-12-12T06:25:40","date_gmt":"2024-12-12T06:25:40","guid":{"rendered":"https:\/\/kasima.lt\/produktas\/jungciu-blokas-x-140-su-eprom-v6\/"},"modified":"2025-10-29T08:33:20","modified_gmt":"2025-10-29T08:33:20","slug":"jungciu-blokas-x-140-su-eprom-v6","status":"publish","type":"product","link":"https:\/\/kasima3.bcapps.lt\/lv\/produktas\/jungciu-blokas-x-140-su-eprom-v6\/","title":{"rendered":"Savienot\u0101ju bloks X 140 ar EPROM V6"},"content":{"rendered":"<p>P\u0101rdo\u0161an\u0101 ir piln\u012bb\u0101 funkcion\u0113jo\u0161s plakan\u0101 savienot\u0101ja bloks X 140 ar EPROM V6, kas no\u0146emts no ekskavatora Atlas 1604 (2003. gada modelis). \u0160is komponents ir svar\u012bgs e\u013c\u013cas tilpuma un e\u013c\u013cas spiediena kontrolei.<br \/>1-58 adatu konfigur\u0101cija.<br \/>S1 un S2 pogas e\u013c\u013cas tilpuma, e\u013c\u013cas spiediena un starta sl\u012bpuma regul\u0113\u0161anai.<br \/>EPROM V6: satur programmu prec\u012bzai e\u013c\u013cas kontrolei.<br \/>LED indikatori: Indikatori: nodro\u0161ina st\u0101vok\u013ca indikatoru \u0113rtai kontrolei.<br \/>\u0160\u012b ier\u012bce ir teicam\u0101 st\u0101vokl\u012b un ir ide\u0101li piem\u0113rota l\u012bdz\u012bgu Atlas mode\u013cu uztur\u0113\u0161anai vai moderniz\u0113\u0161anai. Tas nodro\u0161ina prec\u012bzu hidraulisko kontroli un nevainojamu integr\u0101ciju ekskavatora sist\u0113m\u0101.<br \/>Paredz\u0113ts Atlas ekskavatoriem, \u012bpa\u0161i sader\u012bgs ar 1604 s\u0113rijas ekskavatoriem. Var der\u0113t ar\u012b citiem Atlas mode\u013ciem, ta\u010du sader\u012bba j\u0101p\u0101rbauda, \u0146emot v\u0113r\u0101 j\u016bsu iek\u0101rtas specifik\u0101cijas.         <\/p>\n","protected":false},"excerpt":{"rendered":"<p>Cena bez PVN<\/p>\n<p>Ra\u017eot\u0101js:ATLAS<br \/>Modelis: AT16040036<br \/>Izsaukums: <a href=\"tel:+37060842988\">+37060842988<\/a><br \/>E-pasts: <a href=\"mailto:usedparts@kasima3.bcapps.lt\">usedparts@kasima3.bcapps.lt <\/a><\/p>\n","protected":false},"featured_media":32721,"template":"","meta":{"_et_pb_use_builder":"","_et_pb_old_content":"","_et_gb_content_width":""},"product_brand":[],"product_cat":[484,490,318,452],"product_tag":[],"class_list":{"0":"post-32740","1":"product","2":"type-product","3":"status-publish","4":"has-post-thumbnail","6":"product_cat-atlas-dalas","7":"product_cat-elektronikas-dalas","8":"product_cat-lietotas-detalas","9":"product_cat-celtniecibas-tehnikas-dalas","11":"first","12":"instock","13":"taxable","14":"shipping-taxable","15":"product-type-simple"},"_links":{"self":[{"href":"https:\/\/kasima3.bcapps.lt\/lv\/wp-json\/wp\/v2\/product\/32740","targetHints":{"allow":["GET"]}}],"collection":[{"href":"https:\/\/kasima3.bcapps.lt\/lv\/wp-json\/wp\/v2\/product"}],"about":[{"href":"https:\/\/kasima3.bcapps.lt\/lv\/wp-json\/wp\/v2\/types\/product"}],"wp:featuredmedia":[{"embeddable":true,"href":"https:\/\/kasima3.bcapps.lt\/lv\/wp-json\/wp\/v2\/media\/32721"}],"wp:attachment":[{"href":"https:\/\/kasima3.bcapps.lt\/lv\/wp-json\/wp\/v2\/media?parent=32740"}],"wp:term":[{"taxonomy":"product_brand","embeddable":true,"href":"https:\/\/kasima3.bcapps.lt\/lv\/wp-json\/wp\/v2\/product_brand?post=32740"},{"taxonomy":"product_cat","embeddable":true,"href":"https:\/\/kasima3.bcapps.lt\/lv\/wp-json\/wp\/v2\/product_cat?post=32740"},{"taxonomy":"product_tag","embeddable":true,"href":"https:\/\/kasima3.bcapps.lt\/lv\/wp-json\/wp\/v2\/product_tag?post=32740"}],"curies":[{"name":"wp","href":"https:\/\/api.w.org\/{rel}","templated":true}]}}