{"id":33097,"date":"2024-12-13T06:51:20","date_gmt":"2024-12-13T06:51:20","guid":{"rendered":"https:\/\/kasima.lt\/produktas\/pagrindinis-hidraulinis-skirstytuvas-linde\/"},"modified":"2025-10-29T08:33:21","modified_gmt":"2025-10-29T08:33:21","slug":"pagrindinis-hidraulinis-skirstytuvas-linde","status":"publish","type":"product","link":"https:\/\/kasima3.bcapps.lt\/lv\/produktas\/pagrindinis-hidraulinis-skirstytuvas-linde\/","title":{"rendered":"Linde hidrauliskais sadal\u012bt\u0101js"},"content":{"rendered":"<p>Lietots galvenais hidrauliskais sadal\u012bt\u0101js Linde ekskavatoram Atlas 1604 <br \/>Gads: 2003<br \/>Galvenais hidrauliskais sadal\u012bt\u0101js ir svar\u012bgs komponents, kas atbild par hidraulisk\u0101 \u0161\u0137idruma sadali da\u017e\u0101d\u0101m ekskavatora sist\u0113m\u0101m. Tas ietver str\u0113les, rokas, kausa un citu papildu hidraulisko funkciju darbin\u0101\u0161anu.<br \/>Nodro\u0161ina vienm\u0113r\u012bgu pl\u016bsmas un spiediena regul\u0113\u0161anu hidrauliskaj\u0101 sist\u0113m\u0101.<br \/>Nodro\u0161ina visu hidraulisko iek\u0101rtu vienm\u0113r\u012bgu un efekt\u012bvu darb\u012bbu.<br \/>R\u016bp\u012bgi p\u0101rbauda, vai nav radu\u0161\u0101s plaisas, nopl\u016bdes vai struktur\u0101li boj\u0101jumi.<br \/>Pieg\u0101de vis\u0101 pasaul\u0113     <\/p>\n","protected":false},"excerpt":{"rendered":"<p>Cena bez PVN<\/p>\n<p>Ra\u017eot\u0101js: LINDE<br \/>Modelis: AT16040037<br \/>Izsaukums:<a href=\"tel:+37060842988\"> +37060842988<\/a><br \/>E-pasts: <a href=\"mailto:usedparts@kasima3.bcapps.lt\">usedparts@kasima3.bcapps.lt <\/a><\/p>\n","protected":false},"featured_media":33053,"template":"","meta":{"_et_pb_use_builder":"","_et_pb_old_content":"","_et_gb_content_width":""},"product_brand":[],"product_cat":[484,318,452],"product_tag":[],"class_list":{"0":"post-33097","1":"product","2":"type-product","3":"status-publish","4":"has-post-thumbnail","6":"product_cat-atlas-dalas","7":"product_cat-lietotas-detalas","8":"product_cat-celtniecibas-tehnikas-dalas","10":"first","11":"instock","12":"taxable","13":"shipping-taxable","14":"purchasable","15":"product-type-simple"},"_links":{"self":[{"href":"https:\/\/kasima3.bcapps.lt\/lv\/wp-json\/wp\/v2\/product\/33097","targetHints":{"allow":["GET"]}}],"collection":[{"href":"https:\/\/kasima3.bcapps.lt\/lv\/wp-json\/wp\/v2\/product"}],"about":[{"href":"https:\/\/kasima3.bcapps.lt\/lv\/wp-json\/wp\/v2\/types\/product"}],"wp:featuredmedia":[{"embeddable":true,"href":"https:\/\/kasima3.bcapps.lt\/lv\/wp-json\/wp\/v2\/media\/33053"}],"wp:attachment":[{"href":"https:\/\/kasima3.bcapps.lt\/lv\/wp-json\/wp\/v2\/media?parent=33097"}],"wp:term":[{"taxonomy":"product_brand","embeddable":true,"href":"https:\/\/kasima3.bcapps.lt\/lv\/wp-json\/wp\/v2\/product_brand?post=33097"},{"taxonomy":"product_cat","embeddable":true,"href":"https:\/\/kasima3.bcapps.lt\/lv\/wp-json\/wp\/v2\/product_cat?post=33097"},{"taxonomy":"product_tag","embeddable":true,"href":"https:\/\/kasima3.bcapps.lt\/lv\/wp-json\/wp\/v2\/product_tag?post=33097"}],"curies":[{"name":"wp","href":"https:\/\/api.w.org\/{rel}","templated":true}]}}