{"id":33184,"date":"2024-12-16T13:01:24","date_gmt":"2024-12-16T13:01:24","guid":{"rendered":"https:\/\/kasima.lt\/produktas\/bosch-rexroth-pavaros-siurblys\/"},"modified":"2025-10-29T08:33:21","modified_gmt":"2025-10-29T08:33:21","slug":"bosch-rexroth-pavaros-siurblys","status":"publish","type":"product","link":"https:\/\/kasima3.bcapps.lt\/lv\/produktas\/bosch-rexroth-pavaros-siurblys\/","title":{"rendered":"Bosch Rexroth zobratu s\u016bknis"},"content":{"rendered":"<p>Lietots Bosch Rexroth zobratu s\u016bknis priek\u0161 Atlas 1604 <br \/>Deta\u013cu numuri:<br \/>1517222377<br \/>0517565001<br \/>1517223006<br \/>Bosch Rexroth, vado\u0161ais augstas kvalit\u0101tes hidraulisko komponentu pieg\u0101d\u0101t\u0101js smagajiem meh\u0101nismiem.<br \/>\u0160\u0101di zobratu s\u016bk\u0146i ir neat\u0146emama hidraulisko sist\u0113mu sast\u0101vda\u013ca, kas rada nepiecie\u0161amo pl\u016bsmu un spiedienu, lai darbin\u0101tu da\u017e\u0101das celtniec\u012bbas tehnikas funkcijas, tostarp pacel\u0161anu, rak\u0161anu un manevr\u0113\u0161anu.<br \/>Piem\u0113rots izmanto\u0161anai Atlas 1604 ekskavatoros un potenci\u0101li sader\u012bgs ar citiem mode\u013ciem vai ma\u0161\u012bn\u0101m atkar\u012bb\u0101 no hidraulisk\u0101s sist\u0113mas specifik\u0101cij\u0101m.<br \/>Izstr\u0101d\u0101ts t\u0101, lai iztur\u0113tu stingras b\u016bvniec\u012bbas vides pras\u012bbas, nodro\u0161inot uzticamu darb\u012bbu un ilgu kalpo\u0161anas laiku.    <\/p>\n","protected":false},"excerpt":{"rendered":"<p>Cena bez PVN<\/p>\n<p>Ra\u017eot\u0101js:BOSCH REXROTH<br \/>Modelis:AT16040038<br \/>Izsaukums: <a href=\"tel:+37060842988\">+37060842988<\/a><br \/>E-pasts: <a href=\"mailto:usedparts@kasima3.bcapps.lt\">usedparts@kasima3.bcapps.lt <\/a><\/p>\n","protected":false},"featured_media":33150,"template":"","meta":{"_et_pb_use_builder":"","_et_pb_old_content":"","_et_gb_content_width":""},"product_brand":[],"product_cat":[484,318,452],"product_tag":[],"class_list":{"0":"post-33184","1":"product","2":"type-product","3":"status-publish","4":"has-post-thumbnail","6":"product_cat-atlas-dalas","7":"product_cat-lietotas-detalas","8":"product_cat-celtniecibas-tehnikas-dalas","10":"first","11":"instock","12":"taxable","13":"shipping-taxable","14":"purchasable","15":"product-type-simple"},"_links":{"self":[{"href":"https:\/\/kasima3.bcapps.lt\/lv\/wp-json\/wp\/v2\/product\/33184","targetHints":{"allow":["GET"]}}],"collection":[{"href":"https:\/\/kasima3.bcapps.lt\/lv\/wp-json\/wp\/v2\/product"}],"about":[{"href":"https:\/\/kasima3.bcapps.lt\/lv\/wp-json\/wp\/v2\/types\/product"}],"wp:featuredmedia":[{"embeddable":true,"href":"https:\/\/kasima3.bcapps.lt\/lv\/wp-json\/wp\/v2\/media\/33150"}],"wp:attachment":[{"href":"https:\/\/kasima3.bcapps.lt\/lv\/wp-json\/wp\/v2\/media?parent=33184"}],"wp:term":[{"taxonomy":"product_brand","embeddable":true,"href":"https:\/\/kasima3.bcapps.lt\/lv\/wp-json\/wp\/v2\/product_brand?post=33184"},{"taxonomy":"product_cat","embeddable":true,"href":"https:\/\/kasima3.bcapps.lt\/lv\/wp-json\/wp\/v2\/product_cat?post=33184"},{"taxonomy":"product_tag","embeddable":true,"href":"https:\/\/kasima3.bcapps.lt\/lv\/wp-json\/wp\/v2\/product_tag?post=33184"}],"curies":[{"name":"wp","href":"https:\/\/api.w.org\/{rel}","templated":true}]}}